{"id":2207,"date":"2025-12-16T08:51:32","date_gmt":"2025-12-16T06:51:32","guid":{"rendered":"https:\/\/piperspinuk.com\/login-and-registration\/"},"modified":"2025-12-23T14:16:14","modified_gmt":"2025-12-23T12:16:14","slug":"logowanie-i-rejestracja","status":"publish","type":"page","link":"https:\/\/piperspinuk.com\/pl\/logowanie-i-rejestracja\/","title":{"rendered":"Logowanie i rejestracja"},"content":{"rendered":"<h1>Logowanie do Piperspin: Szybka rejestracja i zarz\u0105dzanie kontem<\/h1>\n<p>Proces Piperspin login jest dost\u0119pny dla polskich u\u017cytkownik\u00f3w zar\u00f3wno na komputerach stacjonarnych, jak i urz\u0105dzeniach mobilnych. Zajmuje to tylko kilka minut, ale zapewnia dost\u0119p do ca\u0142ej platformy i jej funkcji. Wymagane jest jedynie podanie adresu e-mail i has\u0142a. Aby zapewni\u0107 bezpiecze\u0144stwo platformy, przed pierwsz\u0105 wyp\u0142at\u0105 poprosimy Ci\u0119 o weryfikacj\u0119 to\u017csamo\u015bci.<\/p>\n<p><div class=\"banner-wrap\"><img decoding=\"async\" src=\"https:\/\/piperspinuk.com\/wp-content\/uploads\/2025\/12\/TOwKZNmxqjNhxfrdqEkN.webp\" class=\"w-100 d-none d-lg-block img-pc main-banner-img\" alt=\"Piperspin desktop banner\"><img decoding=\"async\" src=\"https:\/\/piperspinuk.com\/wp-content\/uploads\/2025\/12\/Piperspin-mobile-banner.webp\" class=\"w-100 d-none d-md-block d-lg-none main-banner-img\" alt=\"Piperspin mobile banner\"><img decoding=\"async\" src=\"https:\/\/piperspinuk.com\/wp-content\/uploads\/2025\/12\/Piperspin-mobile-banner.webp\" class=\"w-100 d-md-none\" alt=\"Piperspin mobile banner\"><div class=\"banner-description\">\n<div class=\"banner-title\">Bonusy powitalne<\/div>\n<p class=\"banner-header-title\">1500 \u20ac<\/p>\n<div class=\"banner-header-AdditionalText\">+ 250 Darmowe spiny<\/div>\n<button data-item=\"homepage_banner_link\" class=\"goto m-button m-gradient-border m-button--primary m-button--large banner-button btn-orange\">\n            <div class=\"m-button-content\">\n                <span>Zarejestruj si\u0119 teraz<\/span>\n                <span><\/span>\n            <\/div>\n        <\/button>\n<\/div>\n<div class=\"WelcomePack\">\n<p><img loading=\"lazy\" decoding=\"async\" class=\"alignnone size-full wp-image-805\" src=\"https:\/\/piperspinuk.com\/wp-content\/uploads\/2025\/12\/welcome-crown.svg\" alt=\"crown\" width=\"25\" height=\"26\" \/><\/p>\n<div class=\"WelcomePack-Info\">Cotygodniowy zwrot got\u00f3wki do 25%<\/div>\n<p><img loading=\"lazy\" decoding=\"async\" class=\"alignnone size-full wp-image-805\" src=\"https:\/\/piperspinuk.com\/wp-content\/uploads\/2025\/12\/welcome-crown.svg\" alt=\"crown\" width=\"25\" height=\"26\" \/><\/p>\n<\/div>\n<\/div><div class=\"scrollable-content-wrap my-5\"><div class=\"scrollable-content-inner\"><h2>Kasyno Piperspin: Rejestracja nowego gracza<\/h2>\n<p>Rejestracja w Piperspin Casino nie jest wymagana, ale zalecana. G\u0142\u00f3wnym powodem jest to, \u017ce tylko posiadaj\u0105c konto u\u017cytkownicy mog\u0105 gra\u0107 na prawdziwe pieni\u0105dze i wyp\u0142aca\u0107 swoje wygrane. Je\u015bli nie masz jeszcze konta, mo\u017cesz zagra\u0107 w niekt\u00f3re automaty i gry b\u0142yskawiczne w trybie demo.<\/p>\n<p>Poza tym mo\u017cesz r\u00f3wnie\u017c dokonywa\u0107 wp\u0142at, korzysta\u0107 z atrakcyjnych promocji, bra\u0107 udzia\u0142 w turniejach i zwraca\u0107 si\u0119 o pomoc do obs\u0142ugi klienta. Proces logowania do Piperspin jest dost\u0119pny dla wszystkich u\u017cytkownik\u00f3w, kt\u00f3rzy uko\u0144czyli 18 lat. Ponadto jedna osoba mo\u017ce posiada\u0107 tylko jedno konto na naszej stronie internetowej.<\/p>\n<h3>Za\u0142\u00f3\u017c konto<\/h3>\n<p>Je\u015bli jeste\u015b nowym u\u017cytkownikiem naszej platformy, musisz utworzy\u0107 konto, aby uzyska\u0107 dost\u0119p do najlepszych funkcji naszego kasyna online. Proces rejestracji zajmuje tylko kilka minut i jest bardzo prosty. Instrukcje znajdziesz w tabeli poni\u017cej.<\/p>\n<table>\n<tbody>\n<tr>\n<td>Krok<\/td>\n<td>Szczeg\u00f3\u0142y<\/td>\n<\/tr>\n<tr>\n<td>Przejd\u017a do formularza rejestracyjnego<\/td>\n<td>Kliknij przycisk \u201eZarejestruj si\u0119\u201d w prawym g\u00f3rnym rogu strony Piperspin.<\/td>\n<\/tr>\n<tr>\n<td>Podaj swoje dane osobowe<\/td>\n<td>Wpisz sw\u00f3j adres e-mail, has\u0142o i kod promocyjny, je\u015bli go posiadasz.<\/td>\n<\/tr>\n<tr>\n<td>Zaakceptuj zasady platformy<\/td>\n<td>Prosz\u0119 uwa\u017cnie przeczyta\u0107 warunki korzystania z naszej platformy i potwierdzi\u0107, \u017ce maj\u0105 Pa\u0144stwo uko\u0144czone 18 lat.<\/td>\n<\/tr>\n<tr>\n<td>Potwierd\u017a wprowadzone dane<\/td>\n<td>Kliknij \u201eZarejestruj si\u0119\u201d na ko\u0144cu formularza rejestracyjnego.<\/td>\n<\/tr>\n<\/tbody>\n<\/table>\n<p>Po wykonaniu niezb\u0119dnych czynno\u015bci otrzymasz wiadomo\u015b\u0107 e-mail z potwierdzeniem. P\u00f3\u017aniej poprosimy Ci\u0119 r\u00f3wnie\u017c o podanie bardziej szczeg\u00f3\u0142owych danych osobowych, takich jak imi\u0119 i nazwisko, data urodzenia oraz numer telefonu.<\/p>\n<h2>Pierwsze kroki z kontem Piperspin<\/h2>\n<p>Uko\u0144czenie procesu logowania do Piperspin to jedyny krok, kt\u00f3ry dzieli Ci\u0119 od mo\u017cliwo\u015bci grania w ponad 6.000 tytu\u0142\u00f3w. A to tylko jedna z wielu zalet. Po zalogowaniu si\u0119 mo\u017cesz przegl\u0105da\u0107 i korzysta\u0107 ze wszystkich funkcji dost\u0119pnych w Piperspin Casino. Gwarantuje to bardziej spersonalizowane do\u015bwiadczenie dzi\u0119ki dodatkowym ustawieniom i narz\u0119dziom.<\/p>\n<p>Na swoim koncie mo\u017cesz zmieni\u0107 dane osobowe i p\u0142atnicze, skonfigurowa\u0107 uwierzytelnianie dwusk\u0142adnikowe, w\u0142\u0105czy\u0107 narz\u0119dzia odpowiedzialnej gry i analizowa\u0107 swoj\u0105 aktywno\u015b\u0107 w serwisie Piperspin. Wszystko zosta\u0142o zaprojektowane w prosty i przejrzysty spos\u00f3b, aby u\u0142atwi\u0107 zrozumienie.<\/p>\n<p>Aby uzyska\u0107 dost\u0119p do swojego konta, wystarczy u\u017cy\u0107 adresu e-mail i has\u0142a podanego podczas rejestracji w formularzu Piperspin login. W razie jakichkolwiek problem\u00f3w zawsze mo\u017cesz skontaktowa\u0107 si\u0119 z naszym zespo\u0142em pomocy technicznej za po\u015brednictwem czatu na \u017cywo lub poczty elektronicznej.<\/p>\n<h3>Nie pami\u0119tasz has\u0142a?<\/h3>\n<p>Ka\u017cdy mo\u017ce czasem zapomnie\u0107 o r\u00f3\u017cnych rzeczach, w tym o danych logowania do serwisu Piperspin. Je\u015bli nie pami\u0119tasz has\u0142a, mamy dla Ciebie rozwi\u0105zanie. W formularzu logowania kliknij link \u201eNie pami\u0119tasz has\u0142a?\u201d i post\u0119puj zgodnie z instrukcjami. Wy\u015blemy Ci link do resetowania has\u0142a, aby\u015b m\u00f3g\u0142 utworzy\u0107 nowe i u\u017cy\u0107 go przy nast\u0119pnym logowaniu do Piperspin Casino.<\/p>\n<h3>Piper Spin Casino: Zabezpieczenie i weryfikacja konta<\/h3>\n<p>Bezpiecze\u0144stwo naszych graczy jest najwy\u017cszym priorytetem w serwisie Piperspin. Jako licencjonowana platforma internetowa przestrzegamy wszystkich niezb\u0119dnych zasad i wymaga\u0144, aby zapewni\u0107 bezpiecze\u0144stwo danych i dzia\u0142a\u0144 u\u017cytkownik\u00f3w. Jednak ka\u017cdy u\u017cytkownik mo\u017ce r\u00f3wnie\u017c zwi\u0119kszy\u0107 swoje bezpiecze\u0144stwo, podejmuj\u0105c nast\u0119puj\u0105ce dzia\u0142ania:<\/p>\n<ul>\n<li>Tworzenie silnego has\u0142a przy u\u017cyciu r\u00f3\u017cnych rodzaj\u00f3w symboli<\/li>\n<li>W\u0142\u0105czenie uwierzytelniania dwusk\u0142adnikowego w celu zapewnienia dodatkowej ochrony procesu logowania do serwisu Piperspin.<\/li>\n<li>Zako\u0144czenie procesu weryfikacji poprzez przes\u0142anie dokument\u00f3w<\/li>\n<li>Upewnij si\u0119, \u017ce wszystkie Twoje dane osobowe s\u0105 poprawne i prawdziwe.<\/li>\n<\/ul>\n<h2>Cz\u0119sto zadawane pytania<\/h2>\n<h3>Jak zako\u0144czy\u0107 proces weryfikacji konta?<\/h3>\n<p>Uko\u0144czenie procesu weryfikacji nie zajmie Ci du\u017co czasu. U\u017cytkownicy musz\u0105 jedynie przes\u0142a\u0107 okre\u015blone dokumenty na platform\u0119 Piperspin Casino, a nasi mened\u017cerowie sprawdz\u0105 je w ci\u0105gu 48 godzin.<\/p>\n<h3>Jak zaktualizowa\u0107 has\u0142o lub adres e-mail?<\/h3>\n<p>W ustawieniach konta mo\u017cesz w dowolnym momencie zmieni\u0107 sw\u00f3j adres e-mail lub has\u0142o. Mo\u017cesz r\u00f3wnie\u017c zaktualizowa\u0107 dane dotycz\u0105ce p\u0142atno\u015bci lub uzupe\u0142ni\u0107 je o dodatkowe informacje.<\/p>\n<h3>Co zrobi\u0107, je\u015bli moje konto zosta\u0142o zablokowane?<\/h3>\n<p>Zawsze wysy\u0142amy naszym klientom wiadomo\u015b\u0107 e-mail z dodatkowymi informacjami na temat blokady konta. Je\u015bli nie otrzyma\u0142e\u015b \u017cadnej wiadomo\u015bci od Piperspin Casino, skontaktuj si\u0119 z naszym zespo\u0142em pomocy technicznej za po\u015brednictwem czatu na \u017cywo lub poczty elektronicznej.<\/p>\n<h3>Jak zamkn\u0105\u0107 lub tymczasowo zawiesi\u0107 swoje konto?<\/h3>\n<p>Je\u015bli chcesz tymczasowo lub na sta\u0142e zamkn\u0105\u0107 swoje konto, skontaktuj si\u0119 z naszymi wieloj\u0119zycznymi mened\u017cerami wsparcia technicznego. Przeprowadz\u0105 oni kr\u00f3tk\u0105 ankiet\u0119, aby pozna\u0107 powody Twojej decyzji i uzyska\u0107 opini\u0119 na temat korzystania z Piperspin. Nast\u0119pnie podejm\u0105 niezb\u0119dne kroki.<\/p>\n<\/div><\/div><\/p>\n","protected":false},"excerpt":{"rendered":"<p>Logowanie do Piperspin: Szybka rejestracja i zarz\u0105dzanie kontem Proces Piperspin login jest dost\u0119pny dla polskich u\u017cytkownik\u00f3w zar\u00f3wno na komputerach stacjonarnych, jak i urz\u0105dzeniach mobilnych. Zajmuje to tylko kilka minut, ale zapewnia dost\u0119p do ca\u0142ej platformy i jej funkcji. Wymagane jest jedynie podanie adresu e-mail i has\u0142a. Aby zapewni\u0107 bezpiecze\u0144stwo platformy, przed pierwsz\u0105 wyp\u0142at\u0105 poprosimy Ci\u0119 [&hellip;]<\/p>\n","protected":false},"author":1,"featured_media":0,"parent":0,"menu_order":0,"comment_status":"closed","ping_status":"closed","template":"template-builder.php","meta":{"_acf_changed":false,"inline_featured_image":false,"footnotes":""},"class_list":["post-2207","page","type-page","status-publish","hentry"],"acf":[],"yoast_head":"<!-- This site is optimized with the Yoast SEO plugin v27.3 - https:\/\/yoast.com\/product\/yoast-seo-wordpress\/ -->\n<title>Piperspin Logowanie \u2013 rejestracja i zarz\u0105dzanie kontem<\/title>\n<meta name=\"description\" content=\"\u0141atwo tw\u00f3rz, zarz\u0105dzaj i weryfikuj swoje konto w kasynie Piperspin dzi\u0119ki szybkiej rejestracji, p\u0142ynnemu odzyskiwaniu konta i bezpiecznemu zamykaniu konta, zapewniaj\u0105c ochron\u0119 24\/7 poprzez Piperspin Login.\" \/>\n<meta name=\"robots\" content=\"index, follow, max-snippet:-1, max-image-preview:large, max-video-preview:-1\" \/>\n<link rel=\"canonical\" href=\"https:\/\/piperspinuk.com\/pl\/logowanie-i-rejestracja\/\" \/>\n<meta property=\"og:locale\" content=\"pl_PL\" \/>\n<meta property=\"og:type\" content=\"article\" \/>\n<meta property=\"og:title\" content=\"Piperspin Logowanie \u2013 rejestracja i zarz\u0105dzanie kontem\" \/>\n<meta property=\"og:description\" content=\"\u0141atwo tw\u00f3rz, zarz\u0105dzaj i weryfikuj swoje konto w kasynie Piperspin dzi\u0119ki szybkiej rejestracji, p\u0142ynnemu odzyskiwaniu konta i bezpiecznemu zamykaniu konta, zapewniaj\u0105c ochron\u0119 24\/7 poprzez Piperspin Login.\" \/>\n<meta property=\"og:url\" content=\"https:\/\/piperspinuk.com\/pl\/logowanie-i-rejestracja\/\" \/>\n<meta property=\"og:site_name\" content=\"piperspin\" \/>\n<meta property=\"article:modified_time\" content=\"2025-12-23T12:16:14+00:00\" \/>\n<meta name=\"twitter:card\" content=\"summary_large_image\" \/>\n<meta name=\"twitter:label1\" content=\"Est. reading time\" \/>\n\t<meta name=\"twitter:data1\" content=\"1 minute\" \/>\n<script type=\"application\/ld+json\" class=\"yoast-schema-graph\">{\"@context\":\"https:\\\/\\\/schema.org\",\"@graph\":[{\"@type\":\"WebPage\",\"@id\":\"https:\\\/\\\/piperspinuk.com\\\/pl\\\/logowanie-i-rejestracja\\\/\",\"url\":\"https:\\\/\\\/piperspinuk.com\\\/pl\\\/logowanie-i-rejestracja\\\/\",\"name\":\"Piperspin Logowanie \u2013 rejestracja i zarz\u0105dzanie kontem\",\"isPartOf\":{\"@id\":\"https:\\\/\\\/piperspinuk.com\\\/pl\\\/#website\"},\"datePublished\":\"2025-12-16T06:51:32+00:00\",\"dateModified\":\"2025-12-23T12:16:14+00:00\",\"description\":\"\u0141atwo tw\u00f3rz, zarz\u0105dzaj i weryfikuj swoje konto w kasynie Piperspin dzi\u0119ki szybkiej rejestracji, p\u0142ynnemu odzyskiwaniu konta i bezpiecznemu zamykaniu konta, zapewniaj\u0105c ochron\u0119 24\\\/7 poprzez Piperspin Login.\",\"breadcrumb\":{\"@id\":\"https:\\\/\\\/piperspinuk.com\\\/pl\\\/logowanie-i-rejestracja\\\/#breadcrumb\"},\"inLanguage\":\"pl-PL\",\"potentialAction\":[{\"@type\":\"ReadAction\",\"target\":[\"https:\\\/\\\/piperspinuk.com\\\/pl\\\/logowanie-i-rejestracja\\\/\"]}]},{\"@type\":\"BreadcrumbList\",\"@id\":\"https:\\\/\\\/piperspinuk.com\\\/pl\\\/logowanie-i-rejestracja\\\/#breadcrumb\",\"itemListElement\":[{\"@type\":\"ListItem\",\"position\":1,\"name\":\"Piperspin\",\"item\":\"https:\\\/\\\/piperspinuk.com\\\/pl\\\/\"},{\"@type\":\"ListItem\",\"position\":2,\"name\":\"Logowanie i rejestracja\"}]},{\"@type\":\"WebSite\",\"@id\":\"https:\\\/\\\/piperspinuk.com\\\/pl\\\/#website\",\"url\":\"https:\\\/\\\/piperspinuk.com\\\/pl\\\/\",\"name\":\"Piperspin\",\"description\":\"\",\"publisher\":{\"@id\":\"https:\\\/\\\/piperspinuk.com\\\/pl\\\/#organization\"},\"potentialAction\":[{\"@type\":\"SearchAction\",\"target\":{\"@type\":\"EntryPoint\",\"urlTemplate\":\"https:\\\/\\\/piperspinuk.com\\\/pl\\\/?s={search_term_string}\"},\"query-input\":{\"@type\":\"PropertyValueSpecification\",\"valueRequired\":true,\"valueName\":\"search_term_string\"}}],\"inLanguage\":\"pl-PL\"},{\"@type\":\"Organization\",\"@id\":\"https:\\\/\\\/piperspinuk.com\\\/pl\\\/#organization\",\"name\":\"Piperspin\",\"url\":\"https:\\\/\\\/piperspinuk.com\\\/pl\\\/\",\"logo\":{\"@type\":\"ImageObject\",\"inLanguage\":\"pl-PL\",\"@id\":\"https:\\\/\\\/piperspinuk.com\\\/pl\\\/#\\\/schema\\\/logo\\\/image\\\/\",\"url\":\"https:\\\/\\\/piperspinuk.com\\\/wp-content\\\/uploads\\\/2025\\\/04\\\/4ir4Uq6IWNCbsrt6V8kj.png\",\"contentUrl\":\"https:\\\/\\\/piperspinuk.com\\\/wp-content\\\/uploads\\\/2025\\\/04\\\/4ir4Uq6IWNCbsrt6V8kj.png\",\"width\":208,\"height\":49,\"caption\":\"Piperspin\"},\"image\":{\"@id\":\"https:\\\/\\\/piperspinuk.com\\\/pl\\\/#\\\/schema\\\/logo\\\/image\\\/\"}}]}<\/script>\n<!-- \/ Yoast SEO plugin. -->","yoast_head_json":{"title":"Piperspin Logowanie \u2013 rejestracja i zarz\u0105dzanie kontem","description":"\u0141atwo tw\u00f3rz, zarz\u0105dzaj i weryfikuj swoje konto w kasynie Piperspin dzi\u0119ki szybkiej rejestracji, p\u0142ynnemu odzyskiwaniu konta i bezpiecznemu zamykaniu konta, zapewniaj\u0105c ochron\u0119 24\/7 poprzez Piperspin Login.","robots":{"index":"index","follow":"follow","max-snippet":"max-snippet:-1","max-image-preview":"max-image-preview:large","max-video-preview":"max-video-preview:-1"},"canonical":"https:\/\/piperspinuk.com\/pl\/logowanie-i-rejestracja\/","og_locale":"pl_PL","og_type":"article","og_title":"Piperspin Logowanie \u2013 rejestracja i zarz\u0105dzanie kontem","og_description":"\u0141atwo tw\u00f3rz, zarz\u0105dzaj i weryfikuj swoje konto w kasynie Piperspin dzi\u0119ki szybkiej rejestracji, p\u0142ynnemu odzyskiwaniu konta i bezpiecznemu zamykaniu konta, zapewniaj\u0105c ochron\u0119 24\/7 poprzez Piperspin Login.","og_url":"https:\/\/piperspinuk.com\/pl\/logowanie-i-rejestracja\/","og_site_name":"piperspin","article_modified_time":"2025-12-23T12:16:14+00:00","twitter_card":"summary_large_image","twitter_misc":{"Est. reading time":"1 minute"},"schema":{"@context":"https:\/\/schema.org","@graph":[{"@type":"WebPage","@id":"https:\/\/piperspinuk.com\/pl\/logowanie-i-rejestracja\/","url":"https:\/\/piperspinuk.com\/pl\/logowanie-i-rejestracja\/","name":"Piperspin Logowanie \u2013 rejestracja i zarz\u0105dzanie kontem","isPartOf":{"@id":"https:\/\/piperspinuk.com\/pl\/#website"},"datePublished":"2025-12-16T06:51:32+00:00","dateModified":"2025-12-23T12:16:14+00:00","description":"\u0141atwo tw\u00f3rz, zarz\u0105dzaj i weryfikuj swoje konto w kasynie Piperspin dzi\u0119ki szybkiej rejestracji, p\u0142ynnemu odzyskiwaniu konta i bezpiecznemu zamykaniu konta, zapewniaj\u0105c ochron\u0119 24\/7 poprzez Piperspin Login.","breadcrumb":{"@id":"https:\/\/piperspinuk.com\/pl\/logowanie-i-rejestracja\/#breadcrumb"},"inLanguage":"pl-PL","potentialAction":[{"@type":"ReadAction","target":["https:\/\/piperspinuk.com\/pl\/logowanie-i-rejestracja\/"]}]},{"@type":"BreadcrumbList","@id":"https:\/\/piperspinuk.com\/pl\/logowanie-i-rejestracja\/#breadcrumb","itemListElement":[{"@type":"ListItem","position":1,"name":"Piperspin","item":"https:\/\/piperspinuk.com\/pl\/"},{"@type":"ListItem","position":2,"name":"Logowanie i rejestracja"}]},{"@type":"WebSite","@id":"https:\/\/piperspinuk.com\/pl\/#website","url":"https:\/\/piperspinuk.com\/pl\/","name":"Piperspin","description":"","publisher":{"@id":"https:\/\/piperspinuk.com\/pl\/#organization"},"potentialAction":[{"@type":"SearchAction","target":{"@type":"EntryPoint","urlTemplate":"https:\/\/piperspinuk.com\/pl\/?s={search_term_string}"},"query-input":{"@type":"PropertyValueSpecification","valueRequired":true,"valueName":"search_term_string"}}],"inLanguage":"pl-PL"},{"@type":"Organization","@id":"https:\/\/piperspinuk.com\/pl\/#organization","name":"Piperspin","url":"https:\/\/piperspinuk.com\/pl\/","logo":{"@type":"ImageObject","inLanguage":"pl-PL","@id":"https:\/\/piperspinuk.com\/pl\/#\/schema\/logo\/image\/","url":"https:\/\/piperspinuk.com\/wp-content\/uploads\/2025\/04\/4ir4Uq6IWNCbsrt6V8kj.png","contentUrl":"https:\/\/piperspinuk.com\/wp-content\/uploads\/2025\/04\/4ir4Uq6IWNCbsrt6V8kj.png","width":208,"height":49,"caption":"Piperspin"},"image":{"@id":"https:\/\/piperspinuk.com\/pl\/#\/schema\/logo\/image\/"}}]}},"_links":{"self":[{"href":"https:\/\/piperspinuk.com\/pl\/wp-json\/wp\/v2\/pages\/2207","targetHints":{"allow":["GET"]}}],"collection":[{"href":"https:\/\/piperspinuk.com\/pl\/wp-json\/wp\/v2\/pages"}],"about":[{"href":"https:\/\/piperspinuk.com\/pl\/wp-json\/wp\/v2\/types\/page"}],"author":[{"embeddable":true,"href":"https:\/\/piperspinuk.com\/pl\/wp-json\/wp\/v2\/users\/1"}],"replies":[{"embeddable":true,"href":"https:\/\/piperspinuk.com\/pl\/wp-json\/wp\/v2\/comments?post=2207"}],"version-history":[{"count":1,"href":"https:\/\/piperspinuk.com\/pl\/wp-json\/wp\/v2\/pages\/2207\/revisions"}],"predecessor-version":[{"id":2293,"href":"https:\/\/piperspinuk.com\/pl\/wp-json\/wp\/v2\/pages\/2207\/revisions\/2293"}],"wp:attachment":[{"href":"https:\/\/piperspinuk.com\/pl\/wp-json\/wp\/v2\/media?parent=2207"}],"curies":[{"name":"wp","href":"https:\/\/api.w.org\/{rel}","templated":true}]}}