{"id":2172,"date":"2025-12-16T08:48:37","date_gmt":"2025-12-16T06:48:37","guid":{"rendered":"https:\/\/piperspinuk.com\/app\/"},"modified":"2025-12-23T14:13:45","modified_gmt":"2025-12-23T12:13:45","slug":"aplikacja","status":"publish","type":"page","link":"https:\/\/piperspinuk.com\/pl\/aplikacja\/","title":{"rendered":"Aplikacja"},"content":{"rendered":"<h1>Aplikacja Piperspin: mobilne gry kasynowe<\/h1>\n<p>Ponad 80% naszych polskich u\u017cytkownik\u00f3w woli gra\u0107 na urz\u0105dzeniach mobilnych, korzystaj\u0105c z wersji mobilnej lub Piperspin app. To wygodny spos\u00f3b na pozostawanie online, gdziekolwiek jeste\u015b. Jednocze\u015bnie masz dost\u0119p do tych samych tytu\u0142\u00f3w i funkcji, co w wersji g\u0142\u00f3wnej. Wersja mobilna Piperspin jest dost\u0119pna zar\u00f3wno dla systemu Android, jak i iOS.<\/p>\n<div class=\"banner-wrap\"><img decoding=\"async\" src=\"https:\/\/piperspinuk.com\/wp-content\/uploads\/2025\/12\/TOwKZNmxqjNhxfrdqEkN.webp\" class=\"w-100 d-none d-lg-block img-pc main-banner-img\" alt=\"Piperspin desktop banner\"><img decoding=\"async\" src=\"https:\/\/piperspinuk.com\/wp-content\/uploads\/2025\/12\/Piperspin-mobile-banner.webp\" class=\"w-100 d-none d-md-block d-lg-none main-banner-img\" alt=\"Piperspin mobile banner\"><img decoding=\"async\" src=\"https:\/\/piperspinuk.com\/wp-content\/uploads\/2025\/12\/Piperspin-mobile-banner.webp\" class=\"w-100 d-md-none\" alt=\"Piperspin mobile banner\"><div class=\"banner-description\">\n<div class=\"banner-title\">Bonusy powitalne<\/div>\n<p class=\"banner-header-title\">1500 \u20ac<\/p>\n<div class=\"banner-header-AdditionalText\">+ 250 Darmowe spiny<\/div>\n<button data-item=\"homepage_banner_link\" class=\"goto m-button m-gradient-border m-button--primary m-button--large banner-button btn-orange\">\n            <div class=\"m-button-content\">\n                <span>Zarejestruj si\u0119 teraz<\/span>\n                <span><\/span>\n            <\/div>\n        <\/button>\n<\/div>\n<div class=\"WelcomePack\">\n<p><img loading=\"lazy\" decoding=\"async\" class=\"alignnone size-full wp-image-805\" src=\"https:\/\/piperspinuk.com\/wp-content\/uploads\/2025\/12\/welcome-crown.svg\" alt=\"crown\" width=\"25\" height=\"26\" \/><\/p>\n<div class=\"WelcomePack-Info\">Cotygodniowy zwrot got\u00f3wki do 25%<\/div>\n<p><img loading=\"lazy\" decoding=\"async\" class=\"alignnone size-full wp-image-805\" src=\"https:\/\/piperspinuk.com\/wp-content\/uploads\/2025\/12\/welcome-crown.svg\" alt=\"crown\" width=\"25\" height=\"26\" \/><\/p>\n<\/div>\n<\/div>\n<h2>Platforma mobilna Piperspin<\/h2>\n<p>Piper Spin Casino oferuje wiele opcji korzystania z platformy. Twoja lokalizacja ani urz\u0105dzenie nie stanowi\u0105 ograniczenia. Teraz mo\u017cesz by\u0107 w domu i gra\u0107 na komputerze, a za godzin\u0119 zdecydowa\u0107 si\u0119 wyj\u015b\u0107, ale nadal gra\u0107 na smartfonie.<\/p>\n<p>Wszyscy u\u017cytkownicy urz\u0105dze\u0144 mobilnych mog\u0105 wybiera\u0107 mi\u0119dzy wersj\u0105 przegl\u0105darkow\u0105 a aplikacj\u0105 Piperspin, kt\u00f3r\u0105 mo\u017cna zainstalowa\u0107 z naszej strony internetowej. Twoje wra\u017cenia z gry b\u0119d\u0105 takie same lub nawet lepsze ni\u017c w wersji na komputery stacjonarne. Wszystkie funkcje s\u0105 dostosowane do urz\u0105dze\u0144 mobilnych, w tym wi\u0119ksze przyciski, funkcje przewijania i przesuwania oraz sterowanie dotykowe dla wszystkich tytu\u0142\u00f3w.<\/p>\n<p>To Ty decydujesz, kt\u00f3ra opcja korzystania z Piperspin Casino na smartfonie lub tablecie jest dla Ciebie najwygodniejsza. Poni\u017cej por\u00f3wnali\u015bmy aplikacj\u0119 mobiln\u0105 i wersj\u0119 przegl\u0105darkow\u0105 w g\u0142\u00f3wnych kategoriach.<\/p>\n<table>\n<tbody>\n<tr>\n<td>Funkcja<\/td>\n<td>Aplikacja mobilna<\/td>\n<td>Przegl\u0105darka internetowa<\/td>\n<\/tr>\n<tr>\n<td>Instalacja<\/td>\n<td>Bezpo\u015brednio z naszej strony internetowej (zajmuje to kilka minut). Nie jest wymagane konto w sklepie z aplikacjami.<\/td>\n<td>Nie jest wymagane. Dost\u0119p w ka\u017cdej nowoczesnej przegl\u0105darce.<\/td>\n<\/tr>\n<tr>\n<td>Pr\u0119dko\u015b\u0107<\/td>\n<td>Zosta\u0142a zoptymalizowana pod k\u0105tem szybkiego \u0142adowania i p\u0142ynnej rozgrywki.<\/td>\n<td>To zale\u017cy od przegl\u0105darki, urz\u0105dzenia i po\u0142\u0105czenia internetowego.<\/td>\n<\/tr>\n<tr>\n<td>Magazynowanie<\/td>\n<td>Wykorzystuje minimaln\u0105 ilo\u015b\u0107 pami\u0119ci urz\u0105dzenia podczas buforowania kluczowych plik\u00f3w w celu przyspieszenia dost\u0119pu.<\/td>\n<td>Nie wykorzystuje pami\u0119ci urz\u0105dzenia. Tylko tymczasowa pami\u0119\u0107 podr\u0119czna przegl\u0105darki.<\/td>\n<\/tr>\n<tr>\n<td>Aktualizacje<\/td>\n<td>Automatyczne aktualizacje bez konieczno\u015bci wykonywania jakichkolwiek czynno\u015bci przez u\u017cytkownika.<\/td>\n<td>Automatycznie po ponownym za\u0142adowaniu strony.<\/td>\n<\/tr>\n<tr>\n<td>Powiadomienia<\/td>\n<td>Obs\u0142ugiwane wiadomo\u015bci, bonusy, turnieje i aktualizacje<\/td>\n<td>Ograniczona lub nieobs\u0142ugiwana w niekt\u00f3rych przegl\u0105darkach.<\/td>\n<\/tr>\n<\/tbody>\n<\/table>\n<p><div class=\"scrollable-content-wrap my-5\"><div class=\"scrollable-content-inner\"><h2>Aplikacja mobilna Piperspin Casino dla systemu Android<\/h2>\n<p>Wszyscy u\u017cytkownicy systemu Android b\u0119d\u0105 zadowoleni, s\u0142ysz\u0105c, \u017ce opracowali\u015bmy dla nich specjaln\u0105 aplikacj\u0119. Jest to wygodne oprogramowanie mobilne, kt\u00f3re ma taki sam wygl\u0105d, nawigacj\u0119 i funkcje jak wersja na komputery stacjonarne, dzi\u0119ki czemu nie zgubisz si\u0119 w nim.<\/p>\n<p>Nie musisz pobiera\u0107 \u017cadnych nieznanych plik\u00f3w Piper Spin APK. Oferujemy progresywn\u0105 aplikacj\u0119 internetow\u0105 (PWA), kt\u00f3r\u0105 mo\u017cna zainstalowa\u0107 bezpo\u015brednio z naszej strony internetowej. Jest to lepsza wersja, poniewa\u017c nie zajmuje miejsca w pami\u0119ci urz\u0105dzenia. Aplikacja Piperspin dzia\u0142a p\u0142ynnie i szybko przy stabilnym po\u0142\u0105czeniu internetowym. Niekt\u00f3re funkcje s\u0105 dost\u0119pne r\u00f3wnie\u017c w trybie offline.<\/p>\n<p>Je\u015bli chcesz pobra\u0107 aplikacj\u0119 na swoje urz\u0105dzenie z systemem Android i korzysta\u0107 z funkcji mobilnego kasyna, skorzystaj z poni\u017cszej instrukcji krok po kroku:<\/p>\n<ol>\n<li>Przejd\u017a do stopki (na dole) strony internetowej Piperspin Casino na swoim urz\u0105dzeniu mobilnym.<\/li>\n<li>Znajd\u017a i kliknij przycisk \u201eAplikacja kasyna\u201d.<\/li>\n<li>Na nowej stronie naci\u015bnij \u201eZainstaluj\u201d na \u015brodku ekranu.<\/li>\n<li>Instalacja rozpocznie si\u0119 i zako\u0144czy w ci\u0105gu kilku minut. Ikona marki pojawi si\u0119 na ekranie g\u0142\u00f3wnym.<\/li>\n<\/ol>\n<p><img loading=\"lazy\" decoding=\"async\" src=\"https:\/\/piperspinuk.com\/wp-content\/uploads\/2025\/12\/Piperspin-Android-App.webp\" alt=\"Piperspin Android App\" width=\"1248\" height=\"536\" \/><\/p>\n<\/div><\/div><div style=\"clear: both\"><\/div><div class=\"d-flex justify-content-center\"><button data-item=\"decouvrez_link\" data-group=\"website_links\" class=\"goto fw-bold rounded-pill btn btn-orange\" >Pobierz aplikacj\u0119 Piperspin<\/button><\/div><div class=\"scrollable-content-wrap my-5\"><div class=\"scrollable-content-inner\"><h2>Aplikacja mobilna Piper Spin Casino dla systemu iOS<\/h2>\n<p>Je\u015bli posiadasz iPhone&#8217;a lub iPada, mo\u017cesz r\u00f3wnie\u017c gra\u0107 bez \u017cadnych problem\u00f3w w podr\u00f3\u017cy. Dost\u0119pna jest wersja mobilna w przegl\u0105darce Safari i innych przegl\u0105darkach. Piperspin Casino stworzy\u0142o wersj\u0119 przegl\u0105darkow\u0105, kt\u00f3ra jest kompatybilna i dostosowana do wszystkich nowoczesnych urz\u0105dze\u0144 mobilnych. Aby uzyska\u0107 szybszy dost\u0119p do naszej strony internetowej, u\u017cytkownicy mog\u0105 zainstalowa\u0107 ikon\u0119 skr\u00f3tu:<\/p>\n<ol>\n<li>Odwied\u017a stron\u0119 Piperspin za pomoc\u0105 urz\u0105dzenia mobilnego.<\/li>\n<li>W pasku adresu przegl\u0105darki kliknij przycisk \u201eWi\u0119cej\u201d.<\/li>\n<li>Na li\u015bcie wybierz opcj\u0119 \u201eDodaj do ekranu g\u0142\u00f3wnego\u201d.<\/li>\n<li>Mo\u017cesz dostosowa\u0107 nazw\u0119 ikony. Aby potwierdzi\u0107 swoje dzia\u0142ania, kliknij \u201eDodaj\u201d. Nast\u0119pnie ikona powinna pojawi\u0107 si\u0119 na ekranie g\u0142\u00f3wnym.<\/li>\n<\/ol>\n<p>U\u017cytkownicy systemu iOS mog\u0105 r\u00f3wnie\u017c pobra\u0107 aplikacj\u0119 Piper Spin. Mo\u017cna to zrobi\u0107 w ci\u0105gu kilku minut, klikaj\u0105c przycisk \u201eAplikacja kasyna\u201d na naszej stronie internetowej. Uzyskasz dost\u0119p do ponad 6.000 tytu\u0142\u00f3w, w tym automat\u00f3w online, gier sto\u0142owych, gier z natychmiastow\u0105 wygran\u0105 i opcji z krupierem na \u017cywo. Wsp\u00f3\u0142pracujemy z zaufanymi dostawcami oprogramowania, kt\u00f3rzy tworz\u0105 gry zar\u00f3wno na komputery stacjonarne, jak i urz\u0105dzenia mobilne.<\/p>\n<p><img loading=\"lazy\" decoding=\"async\" src=\"https:\/\/piperspinuk.com\/wp-content\/uploads\/2025\/12\/Piperspin-iOS-App.webp\" alt=\"Piperspin iOS App\" width=\"1248\" height=\"536\" \/><\/p>\n<\/div><\/div><div style=\"clear: both\"><\/div><div class=\"d-flex justify-content-center\"><button data-item=\"decouvrez_link\" data-group=\"website_links\" class=\"goto fw-bold rounded-pill btn btn-orange\" >Pobierz Piperspin<\/button><\/div><div class=\"scrollable-content-wrap my-5\"><div class=\"scrollable-content-inner\"><h2>Pobieranie aplikacji dla system\u00f3w Windows i macOS<\/h2>\n<p>W kasynie Piperspin Casino mo\u017cesz r\u00f3wnie\u017c gra\u0107 w tradycyjny spos\u00f3b na komputerze stacjonarnym lub laptopie bez \u017cadnych obaw. Korzystanie z naszej platformy na du\u017cym ekranie jest bardzo wygodne. Strona internetowa dostosowuje si\u0119 do rozmiaru ekranu i wymaga\u0144 przegl\u0105darki. Mo\u017cesz korzysta\u0107 z dowolnej przegl\u0105darki, na przyk\u0142ad Google Chrome, Safari lub innej.<\/p>\n<p>Aby uzyska\u0107 szybszy dost\u0119p, mo\u017cesz r\u00f3wnie\u017c zainstalowa\u0107 ikon\u0119 skr\u00f3tu. Mo\u017cna to zrobi\u0107 w dowolnej przegl\u0105darce. Dla Ciebie oznacza to, \u017ce nie musisz przechodzi\u0107 do przegl\u0105darki i wyszukiwa\u0107 strony internetowej Piperspin Casino, ale mo\u017cesz uzyska\u0107 do niej dost\u0119p jednym klikni\u0119ciem z ekranu g\u0142\u00f3wnego.<\/p>\n<p><img loading=\"lazy\" decoding=\"async\" src=\"https:\/\/piperspinuk.com\/wp-content\/uploads\/2025\/12\/Piperspin-Desktop.webp\" alt=\"Piperspin Desktop\" width=\"1248\" height=\"536\" \/><\/p>\n<\/div><\/div><div style=\"clear: both\"><\/div><div class=\"d-flex justify-content-center\"><button data-item=\"decouvrez_link\" data-group=\"website_links\" class=\"goto fw-bold rounded-pill btn btn-orange\" >Pobierz aplikacj\u0119 Piperspin<\/button><\/div><div class=\"scrollable-content-wrap my-5\"><div class=\"scrollable-content-inner\"><h2>Cz\u0119sto zadawane pytania<\/h2>\n<h3>Czy aplikacja Piper Spin Casino oferuje obs\u0142ug\u0119 klienta?<\/h3>\n<p>W aplikacji Piperspin mo\u017cna skontaktowa\u0107 si\u0119 z zespo\u0142em wsparcia technicznego za po\u015brednictwem wbudowanego czatu na \u017cywo. Nasi mened\u017cerowie odpowiedz\u0105 w ci\u0105gu kilku minut, proponuj\u0105c profesjonalne rozwi\u0105zanie. Mo\u017cna r\u00f3wnie\u017c wys\u0142a\u0107 do nas wiadomo\u015b\u0107 e-mail o dowolnej porze.<\/p>\n<h3>Czy do korzystania z aplikacji Piperspin konieczne jest utworzenie konta?<\/h3>\n<p>Aby korzysta\u0107 z oprogramowania mobilnego, nale\u017cy zalogowa\u0107 si\u0119 na swoje konto lub utworzy\u0107 nowe. Ponadto przed pierwsz\u0105 wyp\u0142at\u0105 poprosimy Ci\u0119 o przej\u015bcie przez proces weryfikacji.<\/p>\n<h3>Czy wszystkie gry s\u0105 dost\u0119pne w aplikacji?<\/h3>\n<p>Aplikacja Piper Spin jest lustrzanym odbiciem g\u0142\u00f3wnej strony internetowej. Zawiera r\u00f3wnie\u017c wszystkie tytu\u0142y. Graj\u0105c na urz\u0105dzeniu mobilnym, znajdziesz wszystkie swoje ulubione gry. Wszystkie s\u0105 dostosowane do mniejszych ekran\u00f3w i zapewniaj\u0105 doskona\u0142e wra\u017cenia u\u017cytkownika.<\/p>\n<h3>Jak mog\u0119 zaktualizowa\u0107 aplikacj\u0119 Piperspin Casino?<\/h3>\n<p>Jako progresywna aplikacja internetowa aktualizuje si\u0119 automatycznie, bez konieczno\u015bci wykonywania dodatkowych czynno\u015bci przez u\u017cytkownika. Je\u015bli wprowadzimy istotn\u0105 zmian\u0119 w oprogramowaniu mobilnym i b\u0119dzie ona wymaga\u0142a podj\u0119cia jakichkolwiek dzia\u0142a\u0144, powiadomimy Ci\u0119 o tym za pomoc\u0105 powiadomie\u0144 push i wiadomo\u015bci e-mail.<\/p>\n<\/div><\/div><\/p>\n","protected":false},"excerpt":{"rendered":"<p>Aplikacja Piperspin: mobilne gry kasynowe Ponad 80% naszych polskich u\u017cytkownik\u00f3w woli gra\u0107 na urz\u0105dzeniach mobilnych, korzystaj\u0105c z wersji mobilnej lub Piperspin app. To wygodny spos\u00f3b na pozostawanie online, gdziekolwiek jeste\u015b. Jednocze\u015bnie masz dost\u0119p do tych samych tytu\u0142\u00f3w i funkcji, co w wersji g\u0142\u00f3wnej. Wersja mobilna Piperspin jest dost\u0119pna zar\u00f3wno dla systemu Android, jak i iOS. [&hellip;]<\/p>\n","protected":false},"author":1,"featured_media":0,"parent":0,"menu_order":0,"comment_status":"closed","ping_status":"closed","template":"template-builder.php","meta":{"_acf_changed":false,"inline_featured_image":false,"footnotes":""},"class_list":["post-2172","page","type-page","status-publish","hentry"],"acf":[],"yoast_head":"<!-- This site is optimized with the Yoast SEO plugin v27.3 - https:\/\/yoast.com\/product\/yoast-seo-wordpress\/ -->\n<title>Piperspin app Pobieranie | iOS i Android<\/title>\n<meta name=\"description\" content=\"Aplikacja Piperspin zapewnia p\u0142ynn\u0105 rozgrywk\u0119 na platformach Android, iOS, Windows i macOS, wraz z synchronizacj\u0105 kont, regularnymi aktualizacjami i wbudowan\u0105 pomoc\u0105 techniczn\u0105 dla \u0142atwo\u015bci u\u017cytkowania.\" \/>\n<meta name=\"robots\" content=\"index, follow, max-snippet:-1, max-image-preview:large, max-video-preview:-1\" \/>\n<link rel=\"canonical\" href=\"https:\/\/piperspinuk.com\/pl\/aplikacja\/\" \/>\n<meta property=\"og:locale\" content=\"pl_PL\" \/>\n<meta property=\"og:type\" content=\"article\" \/>\n<meta property=\"og:title\" content=\"Piperspin app Pobieranie | iOS i Android\" \/>\n<meta property=\"og:description\" content=\"Aplikacja Piperspin zapewnia p\u0142ynn\u0105 rozgrywk\u0119 na platformach Android, iOS, Windows i macOS, wraz z synchronizacj\u0105 kont, regularnymi aktualizacjami i wbudowan\u0105 pomoc\u0105 techniczn\u0105 dla \u0142atwo\u015bci u\u017cytkowania.\" \/>\n<meta property=\"og:url\" content=\"https:\/\/piperspinuk.com\/pl\/aplikacja\/\" \/>\n<meta property=\"og:site_name\" content=\"piperspin\" \/>\n<meta property=\"article:modified_time\" content=\"2025-12-23T12:13:45+00:00\" \/>\n<meta name=\"twitter:card\" content=\"summary_large_image\" \/>\n<meta name=\"twitter:label1\" content=\"Est. reading time\" \/>\n\t<meta name=\"twitter:data1\" content=\"2 minutes\" \/>\n<script type=\"application\/ld+json\" class=\"yoast-schema-graph\">{\"@context\":\"https:\\\/\\\/schema.org\",\"@graph\":[{\"@type\":\"WebPage\",\"@id\":\"https:\\\/\\\/piperspinuk.com\\\/pl\\\/aplikacja\\\/\",\"url\":\"https:\\\/\\\/piperspinuk.com\\\/pl\\\/aplikacja\\\/\",\"name\":\"Piperspin app Pobieranie | iOS i Android\",\"isPartOf\":{\"@id\":\"https:\\\/\\\/piperspinuk.com\\\/pl\\\/#website\"},\"datePublished\":\"2025-12-16T06:48:37+00:00\",\"dateModified\":\"2025-12-23T12:13:45+00:00\",\"description\":\"Aplikacja Piperspin zapewnia p\u0142ynn\u0105 rozgrywk\u0119 na platformach Android, iOS, Windows i macOS, wraz z synchronizacj\u0105 kont, regularnymi aktualizacjami i wbudowan\u0105 pomoc\u0105 techniczn\u0105 dla \u0142atwo\u015bci u\u017cytkowania.\",\"breadcrumb\":{\"@id\":\"https:\\\/\\\/piperspinuk.com\\\/pl\\\/aplikacja\\\/#breadcrumb\"},\"inLanguage\":\"pl-PL\",\"potentialAction\":[{\"@type\":\"ReadAction\",\"target\":[\"https:\\\/\\\/piperspinuk.com\\\/pl\\\/aplikacja\\\/\"]}]},{\"@type\":\"BreadcrumbList\",\"@id\":\"https:\\\/\\\/piperspinuk.com\\\/pl\\\/aplikacja\\\/#breadcrumb\",\"itemListElement\":[{\"@type\":\"ListItem\",\"position\":1,\"name\":\"Piperspin\",\"item\":\"https:\\\/\\\/piperspinuk.com\\\/pl\\\/\"},{\"@type\":\"ListItem\",\"position\":2,\"name\":\"Aplikacja\"}]},{\"@type\":\"WebSite\",\"@id\":\"https:\\\/\\\/piperspinuk.com\\\/pl\\\/#website\",\"url\":\"https:\\\/\\\/piperspinuk.com\\\/pl\\\/\",\"name\":\"Piperspin\",\"description\":\"\",\"publisher\":{\"@id\":\"https:\\\/\\\/piperspinuk.com\\\/pl\\\/#organization\"},\"potentialAction\":[{\"@type\":\"SearchAction\",\"target\":{\"@type\":\"EntryPoint\",\"urlTemplate\":\"https:\\\/\\\/piperspinuk.com\\\/pl\\\/?s={search_term_string}\"},\"query-input\":{\"@type\":\"PropertyValueSpecification\",\"valueRequired\":true,\"valueName\":\"search_term_string\"}}],\"inLanguage\":\"pl-PL\"},{\"@type\":\"Organization\",\"@id\":\"https:\\\/\\\/piperspinuk.com\\\/pl\\\/#organization\",\"name\":\"Piperspin\",\"url\":\"https:\\\/\\\/piperspinuk.com\\\/pl\\\/\",\"logo\":{\"@type\":\"ImageObject\",\"inLanguage\":\"pl-PL\",\"@id\":\"https:\\\/\\\/piperspinuk.com\\\/pl\\\/#\\\/schema\\\/logo\\\/image\\\/\",\"url\":\"https:\\\/\\\/piperspinuk.com\\\/wp-content\\\/uploads\\\/2025\\\/04\\\/4ir4Uq6IWNCbsrt6V8kj.png\",\"contentUrl\":\"https:\\\/\\\/piperspinuk.com\\\/wp-content\\\/uploads\\\/2025\\\/04\\\/4ir4Uq6IWNCbsrt6V8kj.png\",\"width\":208,\"height\":49,\"caption\":\"Piperspin\"},\"image\":{\"@id\":\"https:\\\/\\\/piperspinuk.com\\\/pl\\\/#\\\/schema\\\/logo\\\/image\\\/\"}}]}<\/script>\n<!-- \/ Yoast SEO plugin. -->","yoast_head_json":{"title":"Piperspin app Pobieranie | iOS i Android","description":"Aplikacja Piperspin zapewnia p\u0142ynn\u0105 rozgrywk\u0119 na platformach Android, iOS, Windows i macOS, wraz z synchronizacj\u0105 kont, regularnymi aktualizacjami i wbudowan\u0105 pomoc\u0105 techniczn\u0105 dla \u0142atwo\u015bci u\u017cytkowania.","robots":{"index":"index","follow":"follow","max-snippet":"max-snippet:-1","max-image-preview":"max-image-preview:large","max-video-preview":"max-video-preview:-1"},"canonical":"https:\/\/piperspinuk.com\/pl\/aplikacja\/","og_locale":"pl_PL","og_type":"article","og_title":"Piperspin app Pobieranie | iOS i Android","og_description":"Aplikacja Piperspin zapewnia p\u0142ynn\u0105 rozgrywk\u0119 na platformach Android, iOS, Windows i macOS, wraz z synchronizacj\u0105 kont, regularnymi aktualizacjami i wbudowan\u0105 pomoc\u0105 techniczn\u0105 dla \u0142atwo\u015bci u\u017cytkowania.","og_url":"https:\/\/piperspinuk.com\/pl\/aplikacja\/","og_site_name":"piperspin","article_modified_time":"2025-12-23T12:13:45+00:00","twitter_card":"summary_large_image","twitter_misc":{"Est. reading time":"2 minutes"},"schema":{"@context":"https:\/\/schema.org","@graph":[{"@type":"WebPage","@id":"https:\/\/piperspinuk.com\/pl\/aplikacja\/","url":"https:\/\/piperspinuk.com\/pl\/aplikacja\/","name":"Piperspin app Pobieranie | iOS i Android","isPartOf":{"@id":"https:\/\/piperspinuk.com\/pl\/#website"},"datePublished":"2025-12-16T06:48:37+00:00","dateModified":"2025-12-23T12:13:45+00:00","description":"Aplikacja Piperspin zapewnia p\u0142ynn\u0105 rozgrywk\u0119 na platformach Android, iOS, Windows i macOS, wraz z synchronizacj\u0105 kont, regularnymi aktualizacjami i wbudowan\u0105 pomoc\u0105 techniczn\u0105 dla \u0142atwo\u015bci u\u017cytkowania.","breadcrumb":{"@id":"https:\/\/piperspinuk.com\/pl\/aplikacja\/#breadcrumb"},"inLanguage":"pl-PL","potentialAction":[{"@type":"ReadAction","target":["https:\/\/piperspinuk.com\/pl\/aplikacja\/"]}]},{"@type":"BreadcrumbList","@id":"https:\/\/piperspinuk.com\/pl\/aplikacja\/#breadcrumb","itemListElement":[{"@type":"ListItem","position":1,"name":"Piperspin","item":"https:\/\/piperspinuk.com\/pl\/"},{"@type":"ListItem","position":2,"name":"Aplikacja"}]},{"@type":"WebSite","@id":"https:\/\/piperspinuk.com\/pl\/#website","url":"https:\/\/piperspinuk.com\/pl\/","name":"Piperspin","description":"","publisher":{"@id":"https:\/\/piperspinuk.com\/pl\/#organization"},"potentialAction":[{"@type":"SearchAction","target":{"@type":"EntryPoint","urlTemplate":"https:\/\/piperspinuk.com\/pl\/?s={search_term_string}"},"query-input":{"@type":"PropertyValueSpecification","valueRequired":true,"valueName":"search_term_string"}}],"inLanguage":"pl-PL"},{"@type":"Organization","@id":"https:\/\/piperspinuk.com\/pl\/#organization","name":"Piperspin","url":"https:\/\/piperspinuk.com\/pl\/","logo":{"@type":"ImageObject","inLanguage":"pl-PL","@id":"https:\/\/piperspinuk.com\/pl\/#\/schema\/logo\/image\/","url":"https:\/\/piperspinuk.com\/wp-content\/uploads\/2025\/04\/4ir4Uq6IWNCbsrt6V8kj.png","contentUrl":"https:\/\/piperspinuk.com\/wp-content\/uploads\/2025\/04\/4ir4Uq6IWNCbsrt6V8kj.png","width":208,"height":49,"caption":"Piperspin"},"image":{"@id":"https:\/\/piperspinuk.com\/pl\/#\/schema\/logo\/image\/"}}]}},"_links":{"self":[{"href":"https:\/\/piperspinuk.com\/pl\/wp-json\/wp\/v2\/pages\/2172","targetHints":{"allow":["GET"]}}],"collection":[{"href":"https:\/\/piperspinuk.com\/pl\/wp-json\/wp\/v2\/pages"}],"about":[{"href":"https:\/\/piperspinuk.com\/pl\/wp-json\/wp\/v2\/types\/page"}],"author":[{"embeddable":true,"href":"https:\/\/piperspinuk.com\/pl\/wp-json\/wp\/v2\/users\/1"}],"replies":[{"embeddable":true,"href":"https:\/\/piperspinuk.com\/pl\/wp-json\/wp\/v2\/comments?post=2172"}],"version-history":[{"count":2,"href":"https:\/\/piperspinuk.com\/pl\/wp-json\/wp\/v2\/pages\/2172\/revisions"}],"predecessor-version":[{"id":2292,"href":"https:\/\/piperspinuk.com\/pl\/wp-json\/wp\/v2\/pages\/2172\/revisions\/2292"}],"wp:attachment":[{"href":"https:\/\/piperspinuk.com\/pl\/wp-json\/wp\/v2\/media?parent=2172"}],"curies":[{"name":"wp","href":"https:\/\/api.w.org\/{rel}","templated":true}]}}