{"id":2206,"date":"2025-12-16T08:51:32","date_gmt":"2025-12-16T06:51:32","guid":{"rendered":"https:\/\/piperspinuk.com\/login-and-registration\/"},"modified":"2025-12-23T13:40:42","modified_gmt":"2025-12-23T11:40:42","slug":"accesso-e-registrazione","status":"publish","type":"page","link":"https:\/\/piperspinuk.com\/it\/accesso-e-registrazione\/","title":{"rendered":"Accesso e registrazione"},"content":{"rendered":"<h1>Piperspin Login: Registrazione rapida e gestione dell&#8217;account<\/h1>\n<p>Il processo di Piperspin login \u00e8 disponibile per i giocatori italiani sia nella versione desktop che in quella mobile. Richiede solo pochi minuti, ma consente di accedere all&#8217;intera piattaforma e alle sue funzionalit\u00e0. Sono necessari solo il tuo indirizzo e-mail e la tua password. Per garantire la sicurezza della piattaforma, ti chiederemo di verificare la tua identit\u00e0 prima del tuo primo prelievo.<\/p>\n<p><div class=\"banner-wrap\"><img decoding=\"async\" src=\"https:\/\/piperspinuk.com\/wp-content\/uploads\/2025\/12\/TOwKZNmxqjNhxfrdqEkN.webp\" class=\"w-100 d-none d-lg-block img-pc main-banner-img\" alt=\"Piperspin desktop banner\"><img decoding=\"async\" src=\"https:\/\/piperspinuk.com\/wp-content\/uploads\/2025\/12\/Piperspin-mobile-banner.webp\" class=\"w-100 d-none d-md-block d-lg-none main-banner-img\" alt=\"Piperspin mobile banner\"><img decoding=\"async\" src=\"https:\/\/piperspinuk.com\/wp-content\/uploads\/2025\/12\/Piperspin-mobile-banner.webp\" class=\"w-100 d-md-none\" alt=\"Piperspin mobile banner\"><div class=\"banner-description\">\n<div class=\"banner-title\">Bonus di benvenuto<\/div>\n<p class=\"banner-header-title\">1500 \u20ac<\/p>\n<div class=\"banner-header-AdditionalText\">+ 250 Giri gratuiti<\/div>\n<button data-item=\"homepage_banner_link\" class=\"goto m-button m-gradient-border m-button--primary m-button--large banner-button btn-orange\">\n            <div class=\"m-button-content\">\n                <span>Iscriviti ora<\/span>\n                <span><\/span>\n            <\/div>\n        <\/button>\n<\/div>\n<div class=\"WelcomePack\">\n<p><img loading=\"lazy\" decoding=\"async\" class=\"alignnone size-full wp-image-805\" src=\"https:\/\/piperspinuk.com\/wp-content\/uploads\/2025\/12\/welcome-crown.svg\" alt=\"crown\" width=\"25\" height=\"26\" \/><\/p>\n<div class=\"WelcomePack-Info\">Cashback settimanale fino al 25%<\/div>\n<p><img loading=\"lazy\" decoding=\"async\" class=\"alignnone size-full wp-image-805\" src=\"https:\/\/piperspinuk.com\/wp-content\/uploads\/2025\/12\/welcome-crown.svg\" alt=\"crown\" width=\"25\" height=\"26\" \/><\/p>\n<\/div>\n<\/div><div class=\"scrollable-content-wrap my-5\"><div class=\"scrollable-content-inner\"><h2>Casin\u00f2 Piperspin: Registrazione di nuovi giocatori<\/h2>\n<p>La registrazione su Piperspin Casino non \u00e8 obbligatoria, ma \u00e8 consigliata. Il motivo principale \u00e8 che solo con un account gli utenti possono giocare con denaro reale e prelevare le loro vincite. Se non hai ancora un account, puoi giocare ad alcune slot machine e giochi istantanei in modalit\u00e0 demo.<\/p>\n<p>Oltre a ci\u00f2, puoi anche effettuare depositi, approfittare di fantastiche promozioni, partecipare a tornei e chiedere assistenza al servizio clienti. Il processo di accesso a Piperspin \u00e8 disponibile per tutti gli utenti di et\u00e0 pari o superiore a 18 anni. Inoltre, ogni persona pu\u00f2 avere un solo account sul nostro sito web.<\/p>\n<h3>Crea il tuo account<\/h3>\n<p>Se sei nuovo sulla nostra piattaforma, devi creare un account per accedere alle migliori funzionalit\u00e0 del nostro casin\u00f2 online. Il processo di registrazione richiede solo pochi minuti ed \u00e8 molto semplice. Troverai le istruzioni nella tabella sottostante.<\/p>\n<table>\n<tbody>\n<tr>\n<td>Passo<\/td>\n<td>Dettagli<\/td>\n<\/tr>\n<tr>\n<td>Vai al modulo di registrazione<\/td>\n<td>Clicca sul pulsante \u201cIscriviti\u201d nell&#8217;angolo in alto a destra della pagina Piperspin.<\/td>\n<\/tr>\n<tr>\n<td>Fornisci i tuoi dati personali<\/td>\n<td>Inserisci il tuo indirizzo e-mail, la password e il codice promozionale, se ne possiedi uno.<\/td>\n<\/tr>\n<tr>\n<td>Accetta le regole della piattaforma<\/td>\n<td>Leggi attentamente i termini e le condizioni della nostra piattaforma e conferma di avere almeno 18 anni.<\/td>\n<\/tr>\n<tr>\n<td>Conferma i dati inseriti<\/td>\n<td>Clicca su \u201cIscriviti\u201d alla fine del modulo di registrazione.<\/td>\n<\/tr>\n<\/tbody>\n<\/table>\n<p>Dopo aver completato i passaggi necessari, riceverai un&#8217;e-mail di conferma. Successivamente, ti chiederemo anche di fornirci informazioni personali pi\u00f9 dettagliate, come il tuo nome completo, la data di nascita e il numero di telefono.<\/p>\n<h2>Guida introduttiva all&#8217;account Piperspin<\/h2>\n<p>Completare la procedura di accesso a Piperspin \u00e8 l&#8217;unico passo che ti separa dal poter giocare a oltre 6.000 titoli. E questo \u00e8 solo uno dei tanti vantaggi. Una volta effettuato l&#8217;accesso, potrai vedere e utilizzare tutte le funzionalit\u00e0 disponibili su Piperspin Casino. Ci\u00f2 garantisce un&#8217;esperienza pi\u00f9 personalizzata con impostazioni e strumenti aggiuntivi.<\/p>\n<p>Nel tuo account puoi modificare i tuoi dati personali e di pagamento, impostare l&#8217;autenticazione a due fattori, abilitare strumenti di gioco responsabile e analizzare la tua attivit\u00e0 su Piperspin. Tutto \u00e8 progettato per essere semplice e strutturato in modo da facilitarne la comprensione.<\/p>\n<p>Per accedere al tuo account, utilizza semplicemente l&#8217;indirizzo e-mail e la password che hai inserito durante la registrazione nel modulo Piperspin login. In caso di problemi, puoi sempre contattare il nostro team di assistenza tramite live chat o e-mail.<\/p>\n<h3>Hai dimenticato la password?<\/h3>\n<p>A volte capita a tutti di dimenticare qualcosa, compresi i dettagli di accesso a Piperspin. Se non ricordi la tua password, abbiamo una soluzione per te. Nel modulo di accesso, clicca sul link \u201cHai dimenticato la password?\u201d e segui le istruzioni. Ti invieremo un link per reimpostare la password, in modo che tu possa crearne una nuova e utilizzarla la prossima volta che accedi a Piperspin Casino.<\/p>\n<h3>Piper Spin Casino: Protezione e verifica dell&#8217;account<\/h3>\n<p>La sicurezza dei nostri giocatori \u00e8 una priorit\u00e0 assoluta per Piperspin. In qualit\u00e0 di piattaforma online autorizzata, seguiamo tutte le norme e i requisiti necessari per garantire la sicurezza dei tuoi dati e delle tue azioni. Tuttavia, ogni utente pu\u00f2 rendere la propria esperienza ancora pi\u00f9 sicura adottando le seguenti misure:<\/p>\n<ul>\n<li>Creazione di una password sicura utilizzando diversi tipi di simboli<\/li>\n<li>Abilitazione dell&#8217;autenticazione a due fattori per aggiungere ulteriore protezione al processo di accesso a Piperspin.<\/li>\n<li>Completamento del processo di verifica tramite caricamento dei documenti<\/li>\n<li>Assicurarsi che tutte le informazioni personali siano corrette e veritiere<\/li>\n<\/ul>\n<h2>Domande frequenti<\/h2>\n<h3>Come posso completare il processo di verifica dell&#8217;account?<\/h3>\n<p>Il completamento del processo di verifica non richieder\u00e0 molto tempo. Gli utenti devono solo caricare documenti specifici sulla piattaforma Piperspin Casino e i nostri responsabili li controlleranno entro 48 ore.<\/p>\n<h3>Come aggiornare la password o l&#8217;indirizzo e-mail?<\/h3>\n<p>Nelle impostazioni dell&#8217;account \u00e8 possibile modificare l&#8217;indirizzo e-mail o la password in qualsiasi momento. Inoltre, \u00e8 possibile aggiornare i dettagli di pagamento o completarli con ulteriori dati.<\/p>\n<h3>Cosa devo fare se il mio account \u00e8 bloccato?<\/h3>\n<p>Inviamo sempre ai nostri clienti un&#8217;e-mail con ulteriori informazioni sul blocco dell&#8217;account. Se non hai ricevuto alcuna comunicazione da Piperspin Casino, contatta il nostro team di assistenza tramite live chat o e-mail.<\/p>\n<h3>Come posso chiudere o sospendere temporaneamente il mio account?<\/h3>\n<p>Se desideri chiudere temporaneamente o definitivamente il tuo account, contatta i nostri responsabili dell&#8217;assistenza multilingue. Ti sottoporranno un breve sondaggio per conoscere i motivi della tua richiesta e il tuo feedback sull&#8217;utilizzo di Piperspin. Successivamente, provvederanno a intraprendere le misure necessarie.<\/p>\n<\/div><\/div><\/p>\n","protected":false},"excerpt":{"rendered":"<p>Piperspin Login: Registrazione rapida e gestione dell&#8217;account Il processo di Piperspin login \u00e8 disponibile per i giocatori italiani sia nella versione desktop che in quella mobile. Richiede solo pochi minuti, ma consente di accedere all&#8217;intera piattaforma e alle sue funzionalit\u00e0. Sono necessari solo il tuo indirizzo e-mail e la tua password. Per garantire la sicurezza [&hellip;]<\/p>\n","protected":false},"author":1,"featured_media":0,"parent":0,"menu_order":0,"comment_status":"closed","ping_status":"closed","template":"template-builder.php","meta":{"_acf_changed":false,"inline_featured_image":false,"footnotes":""},"class_list":["post-2206","page","type-page","status-publish","hentry"],"acf":[],"yoast_head":"<!-- This site is optimized with the Yoast SEO plugin v27.3 - https:\/\/yoast.com\/product\/yoast-seo-wordpress\/ -->\n<title>Piperspin Login \u2013 Registrazione e gestione dell&#039;account<\/title>\n<meta name=\"description\" content=\"Crea, gestisci e verifica facilmente il tuo account Piperspin Casino con registrazione rapida, recupero account senza interruzioni e chiusura account sicura, garantendo protezione 24 ore su 24, 7 giorni su 7 tramite Piperspin Login.\" \/>\n<meta name=\"robots\" content=\"index, follow, max-snippet:-1, max-image-preview:large, max-video-preview:-1\" \/>\n<link rel=\"canonical\" href=\"https:\/\/piperspinuk.com\/it\/accesso-e-registrazione\/\" \/>\n<meta property=\"og:locale\" content=\"it_IT\" \/>\n<meta property=\"og:type\" content=\"article\" \/>\n<meta property=\"og:title\" content=\"Piperspin Login \u2013 Registrazione e gestione dell&#039;account\" \/>\n<meta property=\"og:description\" content=\"Crea, gestisci e verifica facilmente il tuo account Piperspin Casino con registrazione rapida, recupero account senza interruzioni e chiusura account sicura, garantendo protezione 24 ore su 24, 7 giorni su 7 tramite Piperspin Login.\" \/>\n<meta property=\"og:url\" content=\"https:\/\/piperspinuk.com\/it\/accesso-e-registrazione\/\" \/>\n<meta property=\"og:site_name\" content=\"piperspin\" \/>\n<meta property=\"article:modified_time\" content=\"2025-12-23T11:40:42+00:00\" \/>\n<meta name=\"twitter:card\" content=\"summary_large_image\" \/>\n<meta name=\"twitter:label1\" content=\"Est. reading time\" \/>\n\t<meta name=\"twitter:data1\" content=\"1 minute\" \/>\n<script type=\"application\/ld+json\" class=\"yoast-schema-graph\">{\"@context\":\"https:\\\/\\\/schema.org\",\"@graph\":[{\"@type\":\"WebPage\",\"@id\":\"https:\\\/\\\/piperspinuk.com\\\/it\\\/accesso-e-registrazione\\\/\",\"url\":\"https:\\\/\\\/piperspinuk.com\\\/it\\\/accesso-e-registrazione\\\/\",\"name\":\"Piperspin Login \u2013 Registrazione e gestione dell'account\",\"isPartOf\":{\"@id\":\"https:\\\/\\\/piperspinuk.com\\\/it\\\/#website\"},\"datePublished\":\"2025-12-16T06:51:32+00:00\",\"dateModified\":\"2025-12-23T11:40:42+00:00\",\"description\":\"Crea, gestisci e verifica facilmente il tuo account Piperspin Casino con registrazione rapida, recupero account senza interruzioni e chiusura account sicura, garantendo protezione 24 ore su 24, 7 giorni su 7 tramite Piperspin Login.\",\"breadcrumb\":{\"@id\":\"https:\\\/\\\/piperspinuk.com\\\/it\\\/accesso-e-registrazione\\\/#breadcrumb\"},\"inLanguage\":\"it-IT\",\"potentialAction\":[{\"@type\":\"ReadAction\",\"target\":[\"https:\\\/\\\/piperspinuk.com\\\/it\\\/accesso-e-registrazione\\\/\"]}]},{\"@type\":\"BreadcrumbList\",\"@id\":\"https:\\\/\\\/piperspinuk.com\\\/it\\\/accesso-e-registrazione\\\/#breadcrumb\",\"itemListElement\":[{\"@type\":\"ListItem\",\"position\":1,\"name\":\"Piperspin\",\"item\":\"https:\\\/\\\/piperspinuk.com\\\/it\\\/\"},{\"@type\":\"ListItem\",\"position\":2,\"name\":\"Accesso e registrazione\"}]},{\"@type\":\"WebSite\",\"@id\":\"https:\\\/\\\/piperspinuk.com\\\/it\\\/#website\",\"url\":\"https:\\\/\\\/piperspinuk.com\\\/it\\\/\",\"name\":\"Piperspin\",\"description\":\"\",\"publisher\":{\"@id\":\"https:\\\/\\\/piperspinuk.com\\\/it\\\/#organization\"},\"potentialAction\":[{\"@type\":\"SearchAction\",\"target\":{\"@type\":\"EntryPoint\",\"urlTemplate\":\"https:\\\/\\\/piperspinuk.com\\\/it\\\/?s={search_term_string}\"},\"query-input\":{\"@type\":\"PropertyValueSpecification\",\"valueRequired\":true,\"valueName\":\"search_term_string\"}}],\"inLanguage\":\"it-IT\"},{\"@type\":\"Organization\",\"@id\":\"https:\\\/\\\/piperspinuk.com\\\/it\\\/#organization\",\"name\":\"Piperspin\",\"url\":\"https:\\\/\\\/piperspinuk.com\\\/it\\\/\",\"logo\":{\"@type\":\"ImageObject\",\"inLanguage\":\"it-IT\",\"@id\":\"https:\\\/\\\/piperspinuk.com\\\/it\\\/#\\\/schema\\\/logo\\\/image\\\/\",\"url\":\"https:\\\/\\\/piperspinuk.com\\\/wp-content\\\/uploads\\\/2025\\\/04\\\/4ir4Uq6IWNCbsrt6V8kj.png\",\"contentUrl\":\"https:\\\/\\\/piperspinuk.com\\\/wp-content\\\/uploads\\\/2025\\\/04\\\/4ir4Uq6IWNCbsrt6V8kj.png\",\"width\":208,\"height\":49,\"caption\":\"Piperspin\"},\"image\":{\"@id\":\"https:\\\/\\\/piperspinuk.com\\\/it\\\/#\\\/schema\\\/logo\\\/image\\\/\"}}]}<\/script>\n<!-- \/ Yoast SEO plugin. -->","yoast_head_json":{"title":"Piperspin Login \u2013 Registrazione e gestione dell'account","description":"Crea, gestisci e verifica facilmente il tuo account Piperspin Casino con registrazione rapida, recupero account senza interruzioni e chiusura account sicura, garantendo protezione 24 ore su 24, 7 giorni su 7 tramite Piperspin Login.","robots":{"index":"index","follow":"follow","max-snippet":"max-snippet:-1","max-image-preview":"max-image-preview:large","max-video-preview":"max-video-preview:-1"},"canonical":"https:\/\/piperspinuk.com\/it\/accesso-e-registrazione\/","og_locale":"it_IT","og_type":"article","og_title":"Piperspin Login \u2013 Registrazione e gestione dell'account","og_description":"Crea, gestisci e verifica facilmente il tuo account Piperspin Casino con registrazione rapida, recupero account senza interruzioni e chiusura account sicura, garantendo protezione 24 ore su 24, 7 giorni su 7 tramite Piperspin Login.","og_url":"https:\/\/piperspinuk.com\/it\/accesso-e-registrazione\/","og_site_name":"piperspin","article_modified_time":"2025-12-23T11:40:42+00:00","twitter_card":"summary_large_image","twitter_misc":{"Est. reading time":"1 minute"},"schema":{"@context":"https:\/\/schema.org","@graph":[{"@type":"WebPage","@id":"https:\/\/piperspinuk.com\/it\/accesso-e-registrazione\/","url":"https:\/\/piperspinuk.com\/it\/accesso-e-registrazione\/","name":"Piperspin Login \u2013 Registrazione e gestione dell'account","isPartOf":{"@id":"https:\/\/piperspinuk.com\/it\/#website"},"datePublished":"2025-12-16T06:51:32+00:00","dateModified":"2025-12-23T11:40:42+00:00","description":"Crea, gestisci e verifica facilmente il tuo account Piperspin Casino con registrazione rapida, recupero account senza interruzioni e chiusura account sicura, garantendo protezione 24 ore su 24, 7 giorni su 7 tramite Piperspin Login.","breadcrumb":{"@id":"https:\/\/piperspinuk.com\/it\/accesso-e-registrazione\/#breadcrumb"},"inLanguage":"it-IT","potentialAction":[{"@type":"ReadAction","target":["https:\/\/piperspinuk.com\/it\/accesso-e-registrazione\/"]}]},{"@type":"BreadcrumbList","@id":"https:\/\/piperspinuk.com\/it\/accesso-e-registrazione\/#breadcrumb","itemListElement":[{"@type":"ListItem","position":1,"name":"Piperspin","item":"https:\/\/piperspinuk.com\/it\/"},{"@type":"ListItem","position":2,"name":"Accesso e registrazione"}]},{"@type":"WebSite","@id":"https:\/\/piperspinuk.com\/it\/#website","url":"https:\/\/piperspinuk.com\/it\/","name":"Piperspin","description":"","publisher":{"@id":"https:\/\/piperspinuk.com\/it\/#organization"},"potentialAction":[{"@type":"SearchAction","target":{"@type":"EntryPoint","urlTemplate":"https:\/\/piperspinuk.com\/it\/?s={search_term_string}"},"query-input":{"@type":"PropertyValueSpecification","valueRequired":true,"valueName":"search_term_string"}}],"inLanguage":"it-IT"},{"@type":"Organization","@id":"https:\/\/piperspinuk.com\/it\/#organization","name":"Piperspin","url":"https:\/\/piperspinuk.com\/it\/","logo":{"@type":"ImageObject","inLanguage":"it-IT","@id":"https:\/\/piperspinuk.com\/it\/#\/schema\/logo\/image\/","url":"https:\/\/piperspinuk.com\/wp-content\/uploads\/2025\/04\/4ir4Uq6IWNCbsrt6V8kj.png","contentUrl":"https:\/\/piperspinuk.com\/wp-content\/uploads\/2025\/04\/4ir4Uq6IWNCbsrt6V8kj.png","width":208,"height":49,"caption":"Piperspin"},"image":{"@id":"https:\/\/piperspinuk.com\/it\/#\/schema\/logo\/image\/"}}]}},"_links":{"self":[{"href":"https:\/\/piperspinuk.com\/it\/wp-json\/wp\/v2\/pages\/2206","targetHints":{"allow":["GET"]}}],"collection":[{"href":"https:\/\/piperspinuk.com\/it\/wp-json\/wp\/v2\/pages"}],"about":[{"href":"https:\/\/piperspinuk.com\/it\/wp-json\/wp\/v2\/types\/page"}],"author":[{"embeddable":true,"href":"https:\/\/piperspinuk.com\/it\/wp-json\/wp\/v2\/users\/1"}],"replies":[{"embeddable":true,"href":"https:\/\/piperspinuk.com\/it\/wp-json\/wp\/v2\/comments?post=2206"}],"version-history":[{"count":1,"href":"https:\/\/piperspinuk.com\/it\/wp-json\/wp\/v2\/pages\/2206\/revisions"}],"predecessor-version":[{"id":2280,"href":"https:\/\/piperspinuk.com\/it\/wp-json\/wp\/v2\/pages\/2206\/revisions\/2280"}],"wp:attachment":[{"href":"https:\/\/piperspinuk.com\/it\/wp-json\/wp\/v2\/media?parent=2206"}],"curies":[{"name":"wp","href":"https:\/\/api.w.org\/{rel}","templated":true}]}}