{"id":2178,"date":"2025-12-16T09:02:52","date_gmt":"2025-12-16T07:02:52","guid":{"rendered":"https:\/\/piperspinuk.com\/bonus\/"},"modified":"2025-12-23T13:52:43","modified_gmt":"2025-12-23T11:52:43","slug":"bonus","status":"publish","type":"page","link":"https:\/\/piperspinuk.com\/it\/bonus\/","title":{"rendered":"Bonus"},"content":{"rendered":"<h1>Offerte bonus e premi Piperspin<\/h1>\n<p>Il sistema Piperspin bonus \u00e8 stato creato per tutti i nostri utenti italiani, nuovi e abituali. Siamo certi che ognuno potr\u00e0 trovare qualcosa di proprio gusto e adatto al proprio budget. Nella nostra collezione abbiamo un pacchetto di benvenuto, cashback settimanale, un&#8217;offerta rakeback e molto altro ancora. Inoltre, potrai partecipare a tornei entusiasmanti o accedere a promozioni esclusive nel programma fedelt\u00e0.<\/p>\n<p><div class=\"banner-wrap\"><img decoding=\"async\" src=\"https:\/\/piperspinuk.com\/wp-content\/uploads\/2025\/12\/TOwKZNmxqjNhxfrdqEkN.webp\" class=\"w-100 d-none d-lg-block img-pc main-banner-img\" alt=\"Piperspin desktop banner\"><img decoding=\"async\" src=\"https:\/\/piperspinuk.com\/wp-content\/uploads\/2025\/12\/Piperspin-mobile-banner.webp\" class=\"w-100 d-none d-md-block d-lg-none main-banner-img\" alt=\"Piperspin mobile banner\"><img decoding=\"async\" src=\"https:\/\/piperspinuk.com\/wp-content\/uploads\/2025\/12\/Piperspin-mobile-banner.webp\" class=\"w-100 d-md-none\" alt=\"Piperspin mobile banner\"><div class=\"banner-description\">\n<div class=\"banner-title\">Bonus di benvenuto<\/div>\n<p class=\"banner-header-title\">1500 \u20ac<\/p>\n<div class=\"banner-header-AdditionalText\">+ 250 Giri gratuiti<\/div>\n<button data-item=\"homepage_banner_link\" class=\"goto m-button m-gradient-border m-button--primary m-button--large banner-button btn-orange\">\n            <div class=\"m-button-content\">\n                <span>Iscriviti ora<\/span>\n                <span><\/span>\n            <\/div>\n        <\/button>\n<\/div>\n<div class=\"WelcomePack\">\n<p><img loading=\"lazy\" decoding=\"async\" class=\"alignnone size-full wp-image-805\" src=\"https:\/\/piperspinuk.com\/wp-content\/uploads\/2025\/12\/welcome-crown.svg\" alt=\"crown\" width=\"25\" height=\"26\" \/><\/p>\n<div class=\"WelcomePack-Info\">Cashback settimanale fino al 25%<\/div>\n<p><img loading=\"lazy\" decoding=\"async\" class=\"alignnone size-full wp-image-805\" src=\"https:\/\/piperspinuk.com\/wp-content\/uploads\/2025\/12\/welcome-crown.svg\" alt=\"crown\" width=\"25\" height=\"26\" \/><\/p>\n<\/div>\n<\/div><div class=\"promotions-wrap\"><div class=\"promotion-card\" style=\"background-image: url(https:\/\/piperspinuk.com\/wp-content\/uploads\/2025\/12\/Piperspin-first-deposit.webp);\"><h2 class=\"promotion-card__title\">Promozione sul primo deposito<\/h2><label class=\"promotion-card__offer\">Bonus del 100% fino a 500 \u20ac e 150 giri gratuiti<\/label><label class=\"promotion-card__description\"><\/label><div class=\"promotion-card__actions\"><button data-item=\"payments_link\" data-group=\"website_links\" class=\"goto btn btn-orange rounded-pill fw-bold px-4 m-button m-gradient-border m-button--primary m-button--large promotion-button promotion-card__action-btn\"><div class=\"m-button-content\"><span class=\"promotion-button__content\">Iscriviti<\/span><\/div><\/button><button data-item=\"http:\/\/bonus_link\" data-group=\"website_links\" class=\"goto m-button m-gradient-border m-button--secondary m-button--medium promotion-card__info-btn\"><div class=\"m-button-content\"><svg viewBox=\"0 0 24 24\" fill=\"none\" xmlns=\"http:\/\/www.w3.org\/2000\/svg\" class=\"m-icon m-icon-loadable\" name=\"Attention\" loading=\"false\"><path d=\"M12 22C6.477 22 2 17.522 2 12S6.477 2 12 2s10 4.478 10 10-4.477 10-10 10m-.002-13.004a.999.999 0 1 0 0-1.997.999.999 0 0 0 0 1.997M12 17a1 1 0 0 0 .993-.884L13 16l-.002-5.001-.007-.117a1 1 0 0 0-1.986 0l-.007.117L11 16l.007.117A1 1 0 0 0 12 17\" fill=\"currentColor\"><\/path><\/svg><\/div><\/button><\/div><\/div><div class=\"promotion-card\" style=\"background-image: url(https:\/\/piperspinuk.com\/wp-content\/uploads\/2025\/12\/Piperspin-second-deposit.webp);\"><h2 class=\"promotion-card__title\">Promozione sul secondo deposito<\/h2><label class=\"promotion-card__offer\">Bonus del 55% fino a 500 \u20ac pi\u00f9 100 giri gratuiti<\/label><label class=\"promotion-card__description\"><\/label><div class=\"promotion-card__actions\"><button data-item=\"payments_link\" data-group=\"website_links\" class=\"goto btn btn-orange rounded-pill fw-bold px-4 m-button m-gradient-border m-button--primary m-button--large promotion-button promotion-card__action-btn\"><div class=\"m-button-content\"><span class=\"promotion-button__content\">Iscriviti<\/span><\/div><\/button><button data-item=\"http:\/\/bonus_link\" data-group=\"website_links\" class=\"goto m-button m-gradient-border m-button--secondary m-button--medium promotion-card__info-btn\"><div class=\"m-button-content\"><svg viewBox=\"0 0 24 24\" fill=\"none\" xmlns=\"http:\/\/www.w3.org\/2000\/svg\" class=\"m-icon m-icon-loadable\" name=\"Attention\" loading=\"false\"><path d=\"M12 22C6.477 22 2 17.522 2 12S6.477 2 12 2s10 4.478 10 10-4.477 10-10 10m-.002-13.004a.999.999 0 1 0 0-1.997.999.999 0 0 0 0 1.997M12 17a1 1 0 0 0 .993-.884L13 16l-.002-5.001-.007-.117a1 1 0 0 0-1.986 0l-.007.117L11 16l.007.117A1 1 0 0 0 12 17\" fill=\"currentColor\"><\/path><\/svg><\/div><\/button><\/div><\/div><div class=\"promotion-card\" style=\"background-image: url(https:\/\/piperspinuk.com\/wp-content\/uploads\/2025\/12\/Piperspin-third-deposit.webp);\"><h2 class=\"promotion-card__title\">Promozione sul terzo deposito<\/h2><label class=\"promotion-card__offer\">Bonus del 100% fino a 500 \u20ac<\/label><label class=\"promotion-card__description\"><\/label><div class=\"promotion-card__actions\"><button data-item=\"payments_link\" data-group=\"website_links\" class=\"goto btn btn-orange rounded-pill fw-bold px-4 m-button m-gradient-border m-button--primary m-button--large promotion-button promotion-card__action-btn\"><div class=\"m-button-content\"><span class=\"promotion-button__content\">Iscriviti<\/span><\/div><\/button><button data-item=\"http:\/\/bonus_link\" data-group=\"website_links\" class=\"goto m-button m-gradient-border m-button--secondary m-button--medium promotion-card__info-btn\"><div class=\"m-button-content\"><svg viewBox=\"0 0 24 24\" fill=\"none\" xmlns=\"http:\/\/www.w3.org\/2000\/svg\" class=\"m-icon m-icon-loadable\" name=\"Attention\" loading=\"false\"><path d=\"M12 22C6.477 22 2 17.522 2 12S6.477 2 12 2s10 4.478 10 10-4.477 10-10 10m-.002-13.004a.999.999 0 1 0 0-1.997.999.999 0 0 0 0 1.997M12 17a1 1 0 0 0 .993-.884L13 16l-.002-5.001-.007-.117a1 1 0 0 0-1.986 0l-.007.117L11 16l.007.117A1 1 0 0 0 12 17\" fill=\"currentColor\"><\/path><\/svg><\/div><\/button><\/div><\/div><div class=\"promotion-card\" style=\"background-image: url(https:\/\/piperspinuk.com\/wp-content\/uploads\/2025\/12\/Piperspin-Highroller.webp);\"><h2 class=\"promotion-card__title\">Bonus Highroller<\/h2><label class=\"promotion-card__offer\">50% fino a 500 \u20ac<\/label><label class=\"promotion-card__description\"><\/label><div class=\"promotion-card__actions\"><button data-item=\"payments_link\" data-group=\"website_links\" class=\"goto btn btn-orange rounded-pill fw-bold px-4 m-button m-gradient-border m-button--primary m-button--large promotion-button promotion-card__action-btn\"><div class=\"m-button-content\"><span class=\"promotion-button__content\">Iscriviti<\/span><\/div><\/button><button data-item=\"http:\/\/bonus_link\" data-group=\"website_links\" class=\"goto m-button m-gradient-border m-button--secondary m-button--medium promotion-card__info-btn\"><div class=\"m-button-content\"><svg viewBox=\"0 0 24 24\" fill=\"none\" xmlns=\"http:\/\/www.w3.org\/2000\/svg\" class=\"m-icon m-icon-loadable\" name=\"Attention\" loading=\"false\"><path d=\"M12 22C6.477 22 2 17.522 2 12S6.477 2 12 2s10 4.478 10 10-4.477 10-10 10m-.002-13.004a.999.999 0 1 0 0-1.997.999.999 0 0 0 0 1.997M12 17a1 1 0 0 0 .993-.884L13 16l-.002-5.001-.007-.117a1 1 0 0 0-1.986 0l-.007.117L11 16l.007.117A1 1 0 0 0 12 17\" fill=\"currentColor\"><\/path><\/svg><\/div><\/button><\/div><\/div><div class=\"promotion-card\" style=\"background-image: url(https:\/\/piperspinuk.com\/wp-content\/uploads\/2025\/12\/Piperspin-cashback.webp);\"><h2 class=\"promotion-card__title\">Cashback settimanale<\/h2><label class=\"promotion-card__offer\">fino al 25%<\/label><label class=\"promotion-card__description\"><\/label><div class=\"promotion-card__actions\"><button data-item=\"payments_link\" data-group=\"website_links\" class=\"goto btn btn-orange rounded-pill fw-bold px-4 m-button m-gradient-border m-button--primary m-button--large promotion-button promotion-card__action-btn\"><div class=\"m-button-content\"><span class=\"promotion-button__content\">Iscriviti<\/span><\/div><\/button><button data-item=\"http:\/\/bonus_link\" data-group=\"website_links\" class=\"goto m-button m-gradient-border m-button--secondary m-button--medium promotion-card__info-btn\"><div class=\"m-button-content\"><svg viewBox=\"0 0 24 24\" fill=\"none\" xmlns=\"http:\/\/www.w3.org\/2000\/svg\" class=\"m-icon m-icon-loadable\" name=\"Attention\" loading=\"false\"><path d=\"M12 22C6.477 22 2 17.522 2 12S6.477 2 12 2s10 4.478 10 10-4.477 10-10 10m-.002-13.004a.999.999 0 1 0 0-1.997.999.999 0 0 0 0 1.997M12 17a1 1 0 0 0 .993-.884L13 16l-.002-5.001-.007-.117a1 1 0 0 0-1.986 0l-.007.117L11 16l.007.117A1 1 0 0 0 12 17\" fill=\"currentColor\"><\/path><\/svg><\/div><\/button><\/div><\/div><div class=\"promotion-card\" style=\"background-image: url(https:\/\/piperspinuk.com\/wp-content\/uploads\/2025\/12\/Piperspin-Rakeback.webp);\"><h2 class=\"promotion-card__title\">Rakeback<\/h2><label class=\"promotion-card__offer\">fino al 17%<\/label><label class=\"promotion-card__description\"><\/label><div class=\"promotion-card__actions\"><button data-item=\"payments_link\" data-group=\"website_links\" class=\"goto btn btn-orange rounded-pill fw-bold px-4 m-button m-gradient-border m-button--primary m-button--large promotion-button promotion-card__action-btn\"><div class=\"m-button-content\"><span class=\"promotion-button__content\">Iscriviti<\/span><\/div><\/button><button data-item=\"http:\/\/bonus_link\" data-group=\"website_links\" class=\"goto m-button m-gradient-border m-button--secondary m-button--medium promotion-card__info-btn\"><div class=\"m-button-content\"><svg viewBox=\"0 0 24 24\" fill=\"none\" xmlns=\"http:\/\/www.w3.org\/2000\/svg\" class=\"m-icon m-icon-loadable\" name=\"Attention\" loading=\"false\"><path d=\"M12 22C6.477 22 2 17.522 2 12S6.477 2 12 2s10 4.478 10 10-4.477 10-10 10m-.002-13.004a.999.999 0 1 0 0-1.997.999.999 0 0 0 0 1.997M12 17a1 1 0 0 0 .993-.884L13 16l-.002-5.001-.007-.117a1 1 0 0 0-1.986 0l-.007.117L11 16l.007.117A1 1 0 0 0 12 17\" fill=\"currentColor\"><\/path><\/svg><\/div><\/button><\/div><\/div><div class=\"promotion-card\" style=\"background-image: url(https:\/\/piperspinuk.com\/wp-content\/uploads\/2025\/12\/Piperspin-sunday-reload.webp);\"><h2 class=\"promotion-card__title\">Ricarica domenicale<\/h2><label class=\"promotion-card__offer\">25% fino a 100 \u20ac<\/label><label class=\"promotion-card__description\"><\/label><div class=\"promotion-card__actions\"><button data-item=\"payments_link\" data-group=\"website_links\" class=\"goto btn btn-orange rounded-pill fw-bold px-4 m-button m-gradient-border m-button--primary m-button--large promotion-button promotion-card__action-btn\"><div class=\"m-button-content\"><span class=\"promotion-button__content\">Iscriviti<\/span><\/div><\/button><button data-item=\"http:\/\/bonus_link\" data-group=\"website_links\" class=\"goto m-button m-gradient-border m-button--secondary m-button--medium promotion-card__info-btn\"><div class=\"m-button-content\"><svg viewBox=\"0 0 24 24\" fill=\"none\" xmlns=\"http:\/\/www.w3.org\/2000\/svg\" class=\"m-icon m-icon-loadable\" name=\"Attention\" loading=\"false\"><path d=\"M12 22C6.477 22 2 17.522 2 12S6.477 2 12 2s10 4.478 10 10-4.477 10-10 10m-.002-13.004a.999.999 0 1 0 0-1.997.999.999 0 0 0 0 1.997M12 17a1 1 0 0 0 .993-.884L13 16l-.002-5.001-.007-.117a1 1 0 0 0-1.986 0l-.007.117L11 16l.007.117A1 1 0 0 0 12 17\" fill=\"currentColor\"><\/path><\/svg><\/div><\/button><\/div><\/div><\/div><div class=\"scrollable-content-wrap my-5\"><div class=\"scrollable-content-inner\"><h2>Promozioni esclusive<\/h2>\n<p>Ci sono molti modi per aumentare i profitti su Piperspin Casino. Tra questi c&#8217;\u00e8 anche la nostra fantastica collezione di promozioni. Abbiamo offerte sia per i nuovi clienti che per quelli abituali. A seconda del tipo di bonus Piperspin, potrai ottenere giri gratuiti, fondi aggiuntivi, cashback o premi esclusivi.<\/p>\n<p>Il viaggio su Piper Spin inizier\u00e0 con l&#8217;offerta di benvenuto, che ti consentir\u00e0 di ottenere fino a 1.500 \u20ac + 250 giri gratuiti. \u00c8 un&#8217;ottima occasione per un inizio entusiasmante e un&#8217;esperienza di gioco pi\u00f9 lunga. Ma se sei un cliente abituale, avrai accesso a promozioni ancora pi\u00f9 vantaggiose. Di seguito sono elencate le opzioni attualmente disponibili:<\/p>\n<ul>\n<li>Cashback settimanale fino al 25%<\/li>\n<li>Sistema di rakeback fino al 17% (mensile, settimanale o giornaliero)<\/li>\n<li>Bonus Highroller del 50% fino a 500 \u20ac<\/li>\n<li>Ricarica domenicale del 25% fino a 100 \u20ac<\/li>\n<\/ul>\n<h3>Massimizza i premi con il VIP Club<\/h3>\n<p>Gli utenti pi\u00f9 attivi possono entrare a far parte del club VIP. Si tratta di un&#8217;opportunit\u00e0 unica per accedere a opzioni esclusive bonus Piperspin, cashback pi\u00f9 elevati, inviti a eventi di gioco privati e molto altro ancora. La tua fedelt\u00e0 \u00e8 importante per noi e desideriamo premiare coloro che ci scelgono ogni volta.<\/p>\n<p>Il programma VIP \u00e8 multilivello, con premi che aumentano ad ogni livello. Per diventare un membro VIP, basta giocare attivamente e partecipare agli eventi e alle attivit\u00e0. Il team di Piperspin Casino ti invier\u00e0 automaticamente un invito.<\/p>\n<h2>Inizia con l&#8217;offerta di benvenuto di Piperspin<\/h2>\n<p>Se decidi di scegliere un casin\u00f2 online, dovresti dare un&#8217;occhiata a Piperspin, almeno per il suo fantastico pacchetto di benvenuto. \u00c8 disponibile per tutti i nuovi clienti che completano la registrazione ed effettuano il loro primo deposito. Hai la possibilit\u00e0 di ottenere fino a 1.500 \u20ac + 250 giri gratuiti.<\/p>\n<p>Il bonus Piper Spin per i nuovi clienti \u00e8 suddiviso tra i primi tre depositi. Quando effettui il tuo primo deposito, puoi ottenere il 100% fino a 500 \u20ac e 150 giri gratuiti. Con il secondo deposito, riceverai il 55% fino a 500 \u20ac e 100 giri gratuiti. Infine, il terzo deposito offre un premio altrettanto impressionante di 500 \u20ac.<\/p>\n<p>Per attivare l&#8217;offerta Bonus Piperspin, devi depositare almeno 20 \u20ac. Dopo l&#8217;attivazione, la promozione sar\u00e0 disponibile per 7 giorni. Successivamente, per incassare le vincite, dovrai scommettere l&#8217;importo del bonus almeno 35 volte.<\/p>\n<h2>Tornei competitivi Piper Spin<\/h2>\n<p>Noi di Piperspin teniamo conto dei desideri e delle preferenze di tutti i nostri utenti. Se ti piacciono le competizioni, la sezione tornei fa al caso tuo. Qui potrai divertirti con i tuoi giochi preferiti, guadagnare punti e vincere milioni di euro. Inoltre, avrai l&#8217;opportunit\u00e0 di entrare nella classifica.<\/p>\n<p>L&#8217;evento principale \u00e8 il torneo Spinoleague, ideale per i giocatori di slot Spinomenal. Il montepremi ti sorprender\u00e0 sicuramente, poich\u00e9 ammonta a 12.000.000 \u20ac. Inoltre, su Piper Spin Casino, offriamo il torneo BGaming Drops Frenzy, dove puoi vincere 660.000 \u20ac e anche di pi\u00f9, e anche un torneo live con un premio di 10.000 \u20ac.<\/p>\n<h2>Termini e condizioni dei bonus per i giocatori<\/h2>\n<p>Tutte le promozioni sul nostro sito web hanno le loro regole. Questo per garantire pari opportunit\u00e0 a tutti gli utenti di Piperspin Casino. Solo il pieno rispetto delle condizioni ti dar\u00e0 diritto a un premio. Assicurati di leggere le regole del bonus prima di attivarlo.<\/p>\n<p>I termini e le condizioni sono specifici per ogni singolo caso, ma esistono alcune categorie comuni che \u00e8 bene tenere a mente. Di seguito troverai informazioni pi\u00f9 dettagliate sulle regole di Piperspin.<\/p>\n<table>\n<tbody>\n<tr>\n<td>Periodo di validit\u00e0<\/td>\n<td>\u00c8 il periodo di tempo durante il quale l&#8217;offerta \u00e8 disponibile dopo l&#8217;attivazione.<\/td>\n<\/tr>\n<tr>\n<td>Requisiti di scommessa<\/td>\n<td>Questo indica quante volte l&#8217;importo del bonus deve essere scommesso prima di poter essere prelevato.<\/td>\n<\/tr>\n<tr>\n<td>Contributo al gioco<\/td>\n<td>I giochi di slot spesso contano al 100%, mentre i giochi da tavolo e le opzioni con croupier dal vivo possono contare meno o non contare affatto.<\/td>\n<\/tr>\n<tr>\n<td>Deposito minimo<\/td>\n<td>Questo \u00e8 l&#8217;importo che deve essere depositato per attivare l&#8217;offerta.<\/td>\n<\/tr>\n<tr>\n<td>Puntata massima<\/td>\n<td>Mostra quanto puoi scommettere per giro o round quando \u00e8 attiva una promozione.<\/td>\n<\/tr>\n<\/tbody>\n<\/table>\n<h2>Domande frequenti<\/h2>\n<h3>Come posso riscattare il bonus di benvenuto su Piperspin Casino?<\/h3>\n<p>Ogni nuovo utente riceve automaticamente il pacchetto di benvenuto fino a 1.500 \u20ac + 250 giri gratuiti. \u00c8 sufficiente creare un account ed effettuare il primo deposito. Non sono richiesti codici promozionali Piperspin Casino.<\/p>\n<h3>I bonus di Piper Spin Casino sono validi per tutti i giochi?<\/h3>\n<p>Tutte le nostre promozioni hanno delle regole, compreso il contributo dei giochi. Ci\u00f2 significa che alcuni titoli conteranno al 100%, mentre altri conteranno meno o non conteranno affatto. Leggi sempre i termini del bonus Piperspin prima di attivarlo.<\/p>\n<h3>Cosa devo fare se il mio bonus non compare dopo aver effettuato un deposito?<\/h3>\n<p>Innanzitutto, verifica di aver completato tutte le regole relative al bonus. In tal caso, ti consigliamo di contattare il nostro team di assistenza per ulteriori dettagli. Verificheranno tutto e troveranno una soluzione.<\/p>\n<\/div><\/div><\/p>\n","protected":false},"excerpt":{"rendered":"<p>Offerte bonus e premi Piperspin Il sistema Piperspin bonus \u00e8 stato creato per tutti i nostri utenti italiani, nuovi e abituali. Siamo certi che ognuno potr\u00e0 trovare qualcosa di proprio gusto e adatto al proprio budget. Nella nostra collezione abbiamo un pacchetto di benvenuto, cashback settimanale, un&#8217;offerta rakeback e molto altro ancora. Inoltre, potrai partecipare [&hellip;]<\/p>\n","protected":false},"author":1,"featured_media":0,"parent":0,"menu_order":0,"comment_status":"closed","ping_status":"closed","template":"template-builder.php","meta":{"_acf_changed":false,"inline_featured_image":false,"footnotes":""},"class_list":["post-2178","page","type-page","status-publish","hentry"],"acf":[],"yoast_head":"<!-- This site is optimized with the Yoast SEO plugin v27.3 - https:\/\/yoast.com\/product\/yoast-seo-wordpress\/ -->\n<title>Piperspin Casino Bonus e offerte speciali<\/title>\n<meta name=\"description\" content=\"Scopri i bonus esclusivi di Piperspin Casino, tra cui generose offerte di benvenuto, premi sui depositi, promozioni continue ed emozionanti tornei. Accedi facilmente a tutti i termini dei bonus e alle istruzioni per richiederli in un unico posto comodo.\" \/>\n<meta name=\"robots\" content=\"index, follow, max-snippet:-1, max-image-preview:large, max-video-preview:-1\" \/>\n<link rel=\"canonical\" href=\"https:\/\/piperspinuk.com\/it\/bonus\/\" \/>\n<meta property=\"og:locale\" content=\"it_IT\" \/>\n<meta property=\"og:type\" content=\"article\" \/>\n<meta property=\"og:title\" content=\"Piperspin Casino Bonus e offerte speciali\" \/>\n<meta property=\"og:description\" content=\"Scopri i bonus esclusivi di Piperspin Casino, tra cui generose offerte di benvenuto, premi sui depositi, promozioni continue ed emozionanti tornei. Accedi facilmente a tutti i termini dei bonus e alle istruzioni per richiederli in un unico posto comodo.\" \/>\n<meta property=\"og:url\" content=\"https:\/\/piperspinuk.com\/it\/bonus\/\" \/>\n<meta property=\"og:site_name\" content=\"piperspin\" \/>\n<meta property=\"article:modified_time\" content=\"2025-12-23T11:52:43+00:00\" \/>\n<meta name=\"twitter:card\" content=\"summary_large_image\" \/>\n<meta name=\"twitter:label1\" content=\"Est. reading time\" \/>\n\t<meta name=\"twitter:data1\" content=\"1 minute\" \/>\n<script type=\"application\/ld+json\" class=\"yoast-schema-graph\">{\"@context\":\"https:\\\/\\\/schema.org\",\"@graph\":[{\"@type\":\"WebPage\",\"@id\":\"https:\\\/\\\/piperspinuk.com\\\/it\\\/bonus\\\/\",\"url\":\"https:\\\/\\\/piperspinuk.com\\\/it\\\/bonus\\\/\",\"name\":\"Piperspin Casino Bonus e offerte speciali\",\"isPartOf\":{\"@id\":\"https:\\\/\\\/piperspinuk.com\\\/it\\\/#website\"},\"datePublished\":\"2025-12-16T07:02:52+00:00\",\"dateModified\":\"2025-12-23T11:52:43+00:00\",\"description\":\"Scopri i bonus esclusivi di Piperspin Casino, tra cui generose offerte di benvenuto, premi sui depositi, promozioni continue ed emozionanti tornei. Accedi facilmente a tutti i termini dei bonus e alle istruzioni per richiederli in un unico posto comodo.\",\"breadcrumb\":{\"@id\":\"https:\\\/\\\/piperspinuk.com\\\/it\\\/bonus\\\/#breadcrumb\"},\"inLanguage\":\"it-IT\",\"potentialAction\":[{\"@type\":\"ReadAction\",\"target\":[\"https:\\\/\\\/piperspinuk.com\\\/it\\\/bonus\\\/\"]}]},{\"@type\":\"BreadcrumbList\",\"@id\":\"https:\\\/\\\/piperspinuk.com\\\/it\\\/bonus\\\/#breadcrumb\",\"itemListElement\":[{\"@type\":\"ListItem\",\"position\":1,\"name\":\"Piperspin\",\"item\":\"https:\\\/\\\/piperspinuk.com\\\/it\\\/\"},{\"@type\":\"ListItem\",\"position\":2,\"name\":\"Bonus\"}]},{\"@type\":\"WebSite\",\"@id\":\"https:\\\/\\\/piperspinuk.com\\\/it\\\/#website\",\"url\":\"https:\\\/\\\/piperspinuk.com\\\/it\\\/\",\"name\":\"Piperspin\",\"description\":\"\",\"publisher\":{\"@id\":\"https:\\\/\\\/piperspinuk.com\\\/it\\\/#organization\"},\"potentialAction\":[{\"@type\":\"SearchAction\",\"target\":{\"@type\":\"EntryPoint\",\"urlTemplate\":\"https:\\\/\\\/piperspinuk.com\\\/it\\\/?s={search_term_string}\"},\"query-input\":{\"@type\":\"PropertyValueSpecification\",\"valueRequired\":true,\"valueName\":\"search_term_string\"}}],\"inLanguage\":\"it-IT\"},{\"@type\":\"Organization\",\"@id\":\"https:\\\/\\\/piperspinuk.com\\\/it\\\/#organization\",\"name\":\"Piperspin\",\"url\":\"https:\\\/\\\/piperspinuk.com\\\/it\\\/\",\"logo\":{\"@type\":\"ImageObject\",\"inLanguage\":\"it-IT\",\"@id\":\"https:\\\/\\\/piperspinuk.com\\\/it\\\/#\\\/schema\\\/logo\\\/image\\\/\",\"url\":\"https:\\\/\\\/piperspinuk.com\\\/wp-content\\\/uploads\\\/2025\\\/04\\\/4ir4Uq6IWNCbsrt6V8kj.png\",\"contentUrl\":\"https:\\\/\\\/piperspinuk.com\\\/wp-content\\\/uploads\\\/2025\\\/04\\\/4ir4Uq6IWNCbsrt6V8kj.png\",\"width\":208,\"height\":49,\"caption\":\"Piperspin\"},\"image\":{\"@id\":\"https:\\\/\\\/piperspinuk.com\\\/it\\\/#\\\/schema\\\/logo\\\/image\\\/\"}}]}<\/script>\n<!-- \/ Yoast SEO plugin. -->","yoast_head_json":{"title":"Piperspin Casino Bonus e offerte speciali","description":"Scopri i bonus esclusivi di Piperspin Casino, tra cui generose offerte di benvenuto, premi sui depositi, promozioni continue ed emozionanti tornei. Accedi facilmente a tutti i termini dei bonus e alle istruzioni per richiederli in un unico posto comodo.","robots":{"index":"index","follow":"follow","max-snippet":"max-snippet:-1","max-image-preview":"max-image-preview:large","max-video-preview":"max-video-preview:-1"},"canonical":"https:\/\/piperspinuk.com\/it\/bonus\/","og_locale":"it_IT","og_type":"article","og_title":"Piperspin Casino Bonus e offerte speciali","og_description":"Scopri i bonus esclusivi di Piperspin Casino, tra cui generose offerte di benvenuto, premi sui depositi, promozioni continue ed emozionanti tornei. Accedi facilmente a tutti i termini dei bonus e alle istruzioni per richiederli in un unico posto comodo.","og_url":"https:\/\/piperspinuk.com\/it\/bonus\/","og_site_name":"piperspin","article_modified_time":"2025-12-23T11:52:43+00:00","twitter_card":"summary_large_image","twitter_misc":{"Est. reading time":"1 minute"},"schema":{"@context":"https:\/\/schema.org","@graph":[{"@type":"WebPage","@id":"https:\/\/piperspinuk.com\/it\/bonus\/","url":"https:\/\/piperspinuk.com\/it\/bonus\/","name":"Piperspin Casino Bonus e offerte speciali","isPartOf":{"@id":"https:\/\/piperspinuk.com\/it\/#website"},"datePublished":"2025-12-16T07:02:52+00:00","dateModified":"2025-12-23T11:52:43+00:00","description":"Scopri i bonus esclusivi di Piperspin Casino, tra cui generose offerte di benvenuto, premi sui depositi, promozioni continue ed emozionanti tornei. Accedi facilmente a tutti i termini dei bonus e alle istruzioni per richiederli in un unico posto comodo.","breadcrumb":{"@id":"https:\/\/piperspinuk.com\/it\/bonus\/#breadcrumb"},"inLanguage":"it-IT","potentialAction":[{"@type":"ReadAction","target":["https:\/\/piperspinuk.com\/it\/bonus\/"]}]},{"@type":"BreadcrumbList","@id":"https:\/\/piperspinuk.com\/it\/bonus\/#breadcrumb","itemListElement":[{"@type":"ListItem","position":1,"name":"Piperspin","item":"https:\/\/piperspinuk.com\/it\/"},{"@type":"ListItem","position":2,"name":"Bonus"}]},{"@type":"WebSite","@id":"https:\/\/piperspinuk.com\/it\/#website","url":"https:\/\/piperspinuk.com\/it\/","name":"Piperspin","description":"","publisher":{"@id":"https:\/\/piperspinuk.com\/it\/#organization"},"potentialAction":[{"@type":"SearchAction","target":{"@type":"EntryPoint","urlTemplate":"https:\/\/piperspinuk.com\/it\/?s={search_term_string}"},"query-input":{"@type":"PropertyValueSpecification","valueRequired":true,"valueName":"search_term_string"}}],"inLanguage":"it-IT"},{"@type":"Organization","@id":"https:\/\/piperspinuk.com\/it\/#organization","name":"Piperspin","url":"https:\/\/piperspinuk.com\/it\/","logo":{"@type":"ImageObject","inLanguage":"it-IT","@id":"https:\/\/piperspinuk.com\/it\/#\/schema\/logo\/image\/","url":"https:\/\/piperspinuk.com\/wp-content\/uploads\/2025\/04\/4ir4Uq6IWNCbsrt6V8kj.png","contentUrl":"https:\/\/piperspinuk.com\/wp-content\/uploads\/2025\/04\/4ir4Uq6IWNCbsrt6V8kj.png","width":208,"height":49,"caption":"Piperspin"},"image":{"@id":"https:\/\/piperspinuk.com\/it\/#\/schema\/logo\/image\/"}}]}},"_links":{"self":[{"href":"https:\/\/piperspinuk.com\/it\/wp-json\/wp\/v2\/pages\/2178","targetHints":{"allow":["GET"]}}],"collection":[{"href":"https:\/\/piperspinuk.com\/it\/wp-json\/wp\/v2\/pages"}],"about":[{"href":"https:\/\/piperspinuk.com\/it\/wp-json\/wp\/v2\/types\/page"}],"author":[{"embeddable":true,"href":"https:\/\/piperspinuk.com\/it\/wp-json\/wp\/v2\/users\/1"}],"replies":[{"embeddable":true,"href":"https:\/\/piperspinuk.com\/it\/wp-json\/wp\/v2\/comments?post=2178"}],"version-history":[{"count":2,"href":"https:\/\/piperspinuk.com\/it\/wp-json\/wp\/v2\/pages\/2178\/revisions"}],"predecessor-version":[{"id":2282,"href":"https:\/\/piperspinuk.com\/it\/wp-json\/wp\/v2\/pages\/2178\/revisions\/2282"}],"wp:attachment":[{"href":"https:\/\/piperspinuk.com\/it\/wp-json\/wp\/v2\/media?parent=2178"}],"curies":[{"name":"wp","href":"https:\/\/api.w.org\/{rel}","templated":true}]}}