{"id":2171,"date":"2025-12-16T08:48:37","date_gmt":"2025-12-16T06:48:37","guid":{"rendered":"https:\/\/piperspinuk.com\/app\/"},"modified":"2025-12-23T13:39:32","modified_gmt":"2025-12-23T11:39:32","slug":"applicazione","status":"publish","type":"page","link":"https:\/\/piperspinuk.com\/it\/applicazione\/","title":{"rendered":"Applicazione"},"content":{"rendered":"<h1>App Piperspin: giochi da casin\u00f2 per dispositivi mobili<\/h1>\n<p>Oltre l&#8217;80% dei nostri utenti italiani preferisce giocare sui propri dispositivi mobili, sia nella versione mobile che nella Piperspin App. \u00c8 un modo comodo per rimanere online, ovunque ti trovi. Allo stesso tempo, hai accesso agli stessi titoli e alle stesse funzionalit\u00e0 della versione principale. La versione mobile di Piperspin \u00e8 disponibile sia per Android che per iOS.<\/p>\n<div class=\"banner-wrap\"><img decoding=\"async\" src=\"https:\/\/piperspinuk.com\/wp-content\/uploads\/2025\/12\/TOwKZNmxqjNhxfrdqEkN.webp\" class=\"w-100 d-none d-lg-block img-pc main-banner-img\" alt=\"Piperspin desktop banner\"><img decoding=\"async\" src=\"https:\/\/piperspinuk.com\/wp-content\/uploads\/2025\/12\/Piperspin-mobile-banner.webp\" class=\"w-100 d-none d-md-block d-lg-none main-banner-img\" alt=\"Piperspin mobile banner\"><img decoding=\"async\" src=\"https:\/\/piperspinuk.com\/wp-content\/uploads\/2025\/12\/Piperspin-mobile-banner.webp\" class=\"w-100 d-md-none\" alt=\"Piperspin mobile banner\"><div class=\"banner-description\">\n<div class=\"banner-title\">Bonus di benvenuto<\/div>\n<p class=\"banner-header-title\">1500 \u20ac<\/p>\n<div class=\"banner-header-AdditionalText\">+ 250 Giri gratuiti<\/div>\n<button data-item=\"homepage_banner_link\" class=\"goto m-button m-gradient-border m-button--primary m-button--large banner-button btn-orange\">\n            <div class=\"m-button-content\">\n                <span>Iscriviti ora<\/span>\n                <span><\/span>\n            <\/div>\n        <\/button>\n<\/div>\n<div class=\"WelcomePack\">\n<p><img loading=\"lazy\" decoding=\"async\" class=\"alignnone size-full wp-image-805\" src=\"https:\/\/piperspinuk.com\/wp-content\/uploads\/2025\/12\/welcome-crown.svg\" alt=\"crown\" width=\"25\" height=\"26\" \/><\/p>\n<div class=\"WelcomePack-Info\">Cashback settimanale fino al 25%<\/div>\n<p><img loading=\"lazy\" decoding=\"async\" class=\"alignnone size-full wp-image-805\" src=\"https:\/\/piperspinuk.com\/wp-content\/uploads\/2025\/12\/welcome-crown.svg\" alt=\"crown\" width=\"25\" height=\"26\" \/><\/p>\n<\/div>\n<\/div>\n<h2>Piattaforma mobile Piperspin<\/h2>\n<p>Piper Spin Casino ti offre molte opzioni per utilizzare la piattaforma. La tua posizione o il tuo dispositivo non ti limitano. Ora puoi stare a casa e giocare dal tuo PC e, un&#8217;ora dopo, decidere di uscire ma continuare a giocare sul tuo smartphone.<\/p>\n<p>Tutti gli utenti mobili possono scegliere tra la versione browser e l&#8217;app Piperspin, che pu\u00f2 essere installata dal nostro sito web. La tua esperienza di gioco sar\u00e0 uguale o addirittura migliore rispetto alla versione desktop. Tutte le funzionalit\u00e0 sono adattate ai dispositivi mobili, inclusi pulsanti pi\u00f9 grandi, funzioni di scorrimento e sfioramento e controllo touch per tutti i titoli.<\/p>\n<p>Sta a te scegliere l&#8217;opzione pi\u00f9 conveniente per utilizzare Piperspin Casino sul tuo smartphone o tablet. Di seguito abbiamo confrontato l&#8217;app mobile e la versione browser nelle categorie principali.<\/p>\n<table>\n<tbody>\n<tr>\n<td>Caratteristica<\/td>\n<td>App mobile<\/td>\n<td>Browser web<\/td>\n<\/tr>\n<tr>\n<td>Installazione<\/td>\n<td>Direttamente dal nostro sito web (richiede pochi minuti). Non \u00e8 necessario alcun account App Store.<\/td>\n<td>Non \u00e8 richiesto nulla. Accessibile con qualsiasi browser moderno.<\/td>\n<\/tr>\n<tr>\n<td>Velocit\u00e0<\/td>\n<td>\u00c8 ottimizzato per un caricamento veloce e un&#8217;esperienza di gioco fluida.<\/td>\n<td>Dipende dal browser, dal dispositivo e dalla connessione Internet.<\/td>\n<\/tr>\n<tr>\n<td>Stoccaggio<\/td>\n<td>Utilizza una quantit\u00e0 minima di spazio di archiviazione del dispositivo durante la memorizzazione nella cache dei file chiave per un accesso pi\u00f9 rapido.<\/td>\n<td>Non utilizza alcuna memoria del dispositivo. Solo cache temporanea del browser.<\/td>\n<\/tr>\n<tr>\n<td>Aggiornamenti<\/td>\n<td>Aggiornamenti automatici istantanei senza intervento dell&#8217;utente.<\/td>\n<td>Automaticamente dopo il ricaricamento della pagina.<\/td>\n<\/tr>\n<tr>\n<td>Notifiche<\/td>\n<td>Supportato per notizie, bonus, tornei e aggiornamenti<\/td>\n<td>Limitato o non supportato in alcuni browser.<\/td>\n<\/tr>\n<\/tbody>\n<\/table>\n<p><div class=\"scrollable-content-wrap my-5\"><div class=\"scrollable-content-inner\"><h2>App mobile Piperspin Casino per Android<\/h2>\n<p>Tutti gli utenti Android di Piperspin saranno felici di sapere che abbiamo sviluppato un&#8217;app speciale per loro. Si tratta di un comodo software mobile che ha lo stesso design, la stessa navigazione e le stesse funzionalit\u00e0 della versione desktop, cos\u00ec non ti perderai.<\/p>\n<p>Non \u00e8 necessario scaricare alcun file sconosciuto Piper Spin APK. Offriamo un&#8217;applicazione web progressiva (PWA) che puoi installare direttamente dal nostro sito web. \u00c8 una versione migliore perch\u00e9 non utilizza alcuna memoria sul tuo dispositivo. L&#8217;applicazione Piperspin funziona in modo fluido e veloce con una connessione Internet stabile. Sono disponibili anche funzionalit\u00e0 offline.<\/p>\n<p>Se sei pronto a scaricare l&#8217;app sul tuo dispositivo Android e a goderti le funzionalit\u00e0 del casin\u00f2 mobile, segui le nostre istruzioni dettagliate riportate di seguito:<\/p>\n<ol>\n<li>Vai al pi\u00e8 di pagina (in fondo) del sito web Piperspin Casino sul tuo dispositivo mobile.<\/li>\n<li>Trova e clicca sul pulsante \u201cApp Casin\u00f2\u201d.<\/li>\n<li>Nella nuova pagina, tocca \u201cInstalla\u201d al centro dello schermo.<\/li>\n<li>L&#8217;installazione inizier\u00e0 e sar\u00e0 completata in pochi minuti. L&#8217;icona del marchio apparir\u00e0 sulla schermata iniziale.<\/li>\n<\/ol>\n<p><img loading=\"lazy\" decoding=\"async\" src=\"https:\/\/piperspinuk.com\/wp-content\/uploads\/2025\/12\/Piperspin-Android-App.webp\" alt=\"Piperspin Android App\" width=\"1248\" height=\"536\" \/><\/p>\n<\/div><\/div><div style=\"clear: both\"><\/div><div class=\"d-flex justify-content-center\"><button data-item=\"decouvrez_link\" data-group=\"website_links\" class=\"goto fw-bold rounded-pill btn btn-orange\" >Scarica l'app Piperspin<\/button><\/div><div class=\"scrollable-content-wrap my-5\"><div class=\"scrollable-content-inner\"><h2>App mobile Piper Spin Casino per iOS<\/h2>\n<p>Se hai un iPhone o un iPad, puoi giocare anche in mobilit\u00e0 senza alcun problema. \u00c8 disponibile una versione mobile su Safari e altri browser. Piperspin Casino ha creato la versione browser, compatibile e adattabile a qualsiasi dispositivo mobile moderno. Per un accesso pi\u00f9 rapido al nostro sito web, gli utenti possono installare l&#8217;icona di collegamento:<\/p>\n<ol>\n<li>Visita Piperspin con il tuo dispositivo mobile.<\/li>\n<li>Nella barra degli indirizzi del browser, clicca sul pulsante \u201cAltro\u201d.<\/li>\n<li>Nell&#8217;elenco, seleziona l&#8217;opzione \u201cAggiungi alla schermata iniziale\u201d.<\/li>\n<li>\u00c8 possibile personalizzare il nome dell&#8217;icona. Per confermare le azioni, fare clic su \u201cAggiungi\u201d. Successivamente, dovrebbe apparire sulla schermata principale.<\/li>\n<\/ol>\n<p>Gli utenti iOS possono anche scaricare l&#8217;app Piper Spin. \u00c8 possibile farlo in pochi minuti cliccando sul pulsante &#8220;App Casin\u00f2&#8221; sul nostro sito web. Avrai accesso a oltre 6.000 titoli, tra cui slot online, giochi da tavolo, titoli a vincita immediata e opzioni con croupier dal vivo. Collaboriamo con fornitori di software affidabili che sviluppano giochi sia per desktop che per dispositivi mobili.<\/p>\n<p><img loading=\"lazy\" decoding=\"async\" src=\"https:\/\/piperspinuk.com\/wp-content\/uploads\/2025\/12\/Piperspin-iOS-App.webp\" alt=\"Piperspin iOS App\" width=\"1248\" height=\"536\" \/><\/p>\n<\/div><\/div><div style=\"clear: both\"><\/div><div class=\"d-flex justify-content-center\"><button data-item=\"decouvrez_link\" data-group=\"website_links\" class=\"goto fw-bold rounded-pill btn btn-orange\" >Scarica Piperspin<\/button><\/div><div class=\"scrollable-content-wrap my-5\"><div class=\"scrollable-content-inner\"><h2>Download delle app per Windows e macOS<\/h2>\n<p>Con Piperspin Casino, puoi anche giocare in modo tradizionale sul tuo computer o laptop senza preoccupazioni. \u00c8 molto comodo utilizzare la nostra piattaforma su uno schermo grande. Il sito web si adatta alle dimensioni dello schermo e ai requisiti del browser. A proposito, puoi utilizzare qualsiasi browser comodo, ad esempio Google Chrome, Safari e qualsiasi altro.<\/p>\n<p>Per un accesso pi\u00f9 rapido, puoi anche installare l&#8217;icona di collegamento. Pu\u00f2 essere fatto in qualsiasi browser. Per te, ci\u00f2 significa che non devi andare sul browser e cercare il sito web Piperspin Casino, ma puoi accedervi con un solo clic dalla tua schermata iniziale.<\/p>\n<p><img loading=\"lazy\" decoding=\"async\" src=\"https:\/\/piperspinuk.com\/wp-content\/uploads\/2025\/12\/Piperspin-Desktop.webp\" alt=\"Piperspin Desktop\" width=\"1248\" height=\"536\" \/><\/p>\n<\/div><\/div><div style=\"clear: both\"><\/div><div class=\"d-flex justify-content-center\"><button data-item=\"decouvrez_link\" data-group=\"website_links\" class=\"goto fw-bold rounded-pill btn btn-orange\" >Scarica l'app Piperspin<\/button><\/div><div class=\"scrollable-content-wrap my-5\"><div class=\"scrollable-content-inner\"><h2>Domande frequenti<\/h2>\n<h3>L&#8217;app Piper Spin Casino offre assistenza clienti?<\/h3>\n<p>Nell&#8217;app Piperspin, puoi contattare il team di assistenza tramite la chat live integrata. I nostri responsabili ti risponderanno entro pochi minuti con una soluzione professionale. Puoi anche inviarci un&#8217;e-mail 24 ore su 24, 7 giorni su 7.<\/p>\n<h3>\u00c8 necessario creare un account per utilizzare l&#8217;app Piperspin?<\/h3>\n<p>Per utilizzare il software mobile \u00e8 necessario effettuare l&#8217;accesso al proprio account o crearne uno nuovo. Inoltre, prima del primo prelievo, ti chiederemo di completare la procedura di verifica.<\/p>\n<h3>Tutti i giochi sono disponibili nell&#8217;app?<\/h3>\n<p>L&#8217;app Piper Spin rispecchia il sito web principale per desktop. Include anche tutti i titoli. Troverai tutti i tuoi giochi preferiti quando giochi da un dispositivo mobile. Si adattano tutti agli schermi pi\u00f9 piccoli e offrono un&#8217;ottima esperienza utente.<\/p>\n<h3>Come posso aggiornare l&#8217;app Piperspin Casino?<\/h3>\n<p>Essendo un&#8217;applicazione web progressiva, si aggiorna automaticamente senza richiedere alcun intervento da parte tua. Se apportiamo una modifica significativa al software mobile e questa richiede un&#8217;azione da parte tua, ti avviseremo tramite notifiche push ed e-mail.<\/p>\n<\/div><\/div><\/p>\n","protected":false},"excerpt":{"rendered":"<p>App Piperspin: giochi da casin\u00f2 per dispositivi mobili Oltre l&#8217;80% dei nostri utenti italiani preferisce giocare sui propri dispositivi mobili, sia nella versione mobile che nella Piperspin App. \u00c8 un modo comodo per rimanere online, ovunque ti trovi. Allo stesso tempo, hai accesso agli stessi titoli e alle stesse funzionalit\u00e0 della versione principale. La versione [&hellip;]<\/p>\n","protected":false},"author":1,"featured_media":0,"parent":0,"menu_order":0,"comment_status":"closed","ping_status":"closed","template":"template-builder.php","meta":{"_acf_changed":false,"inline_featured_image":false,"footnotes":""},"class_list":["post-2171","page","type-page","status-publish","hentry"],"acf":[],"yoast_head":"<!-- This site is optimized with the Yoast SEO plugin v27.3 - https:\/\/yoast.com\/product\/yoast-seo-wordpress\/ -->\n<title>Scarica l&#039;app Piperspin | iOS e Android<\/title>\n<meta name=\"description\" content=\"L&#039;app Piperspin garantisce un&#039;esperienza di gioco impeccabile su piattaforme Android, iOS, Windows e macOS, completa di sincronizzazione dell&#039;account, aggiornamenti regolari e assistenza clienti integrata per una maggiore facilit\u00e0 d&#039;uso.\" \/>\n<meta name=\"robots\" content=\"index, follow, max-snippet:-1, max-image-preview:large, max-video-preview:-1\" \/>\n<link rel=\"canonical\" href=\"https:\/\/piperspinuk.com\/it\/applicazione\/\" \/>\n<meta property=\"og:locale\" content=\"it_IT\" \/>\n<meta property=\"og:type\" content=\"article\" \/>\n<meta property=\"og:title\" content=\"Scarica l&#039;app Piperspin | iOS e Android\" \/>\n<meta property=\"og:description\" content=\"L&#039;app Piperspin garantisce un&#039;esperienza di gioco impeccabile su piattaforme Android, iOS, Windows e macOS, completa di sincronizzazione dell&#039;account, aggiornamenti regolari e assistenza clienti integrata per una maggiore facilit\u00e0 d&#039;uso.\" \/>\n<meta property=\"og:url\" content=\"https:\/\/piperspinuk.com\/it\/applicazione\/\" \/>\n<meta property=\"og:site_name\" content=\"piperspin\" \/>\n<meta property=\"article:modified_time\" content=\"2025-12-23T11:39:32+00:00\" \/>\n<meta name=\"twitter:card\" content=\"summary_large_image\" \/>\n<meta name=\"twitter:label1\" content=\"Est. reading time\" \/>\n\t<meta name=\"twitter:data1\" content=\"2 minutes\" \/>\n<script type=\"application\/ld+json\" class=\"yoast-schema-graph\">{\"@context\":\"https:\\\/\\\/schema.org\",\"@graph\":[{\"@type\":\"WebPage\",\"@id\":\"https:\\\/\\\/piperspinuk.com\\\/it\\\/applicazione\\\/\",\"url\":\"https:\\\/\\\/piperspinuk.com\\\/it\\\/applicazione\\\/\",\"name\":\"Scarica l'app Piperspin | iOS e Android\",\"isPartOf\":{\"@id\":\"https:\\\/\\\/piperspinuk.com\\\/it\\\/#website\"},\"datePublished\":\"2025-12-16T06:48:37+00:00\",\"dateModified\":\"2025-12-23T11:39:32+00:00\",\"description\":\"L'app Piperspin garantisce un'esperienza di gioco impeccabile su piattaforme Android, iOS, Windows e macOS, completa di sincronizzazione dell'account, aggiornamenti regolari e assistenza clienti integrata per una maggiore facilit\u00e0 d'uso.\",\"breadcrumb\":{\"@id\":\"https:\\\/\\\/piperspinuk.com\\\/it\\\/applicazione\\\/#breadcrumb\"},\"inLanguage\":\"it-IT\",\"potentialAction\":[{\"@type\":\"ReadAction\",\"target\":[\"https:\\\/\\\/piperspinuk.com\\\/it\\\/applicazione\\\/\"]}]},{\"@type\":\"BreadcrumbList\",\"@id\":\"https:\\\/\\\/piperspinuk.com\\\/it\\\/applicazione\\\/#breadcrumb\",\"itemListElement\":[{\"@type\":\"ListItem\",\"position\":1,\"name\":\"Piperspin\",\"item\":\"https:\\\/\\\/piperspinuk.com\\\/it\\\/\"},{\"@type\":\"ListItem\",\"position\":2,\"name\":\"Applicazione\"}]},{\"@type\":\"WebSite\",\"@id\":\"https:\\\/\\\/piperspinuk.com\\\/it\\\/#website\",\"url\":\"https:\\\/\\\/piperspinuk.com\\\/it\\\/\",\"name\":\"Piperspin\",\"description\":\"\",\"publisher\":{\"@id\":\"https:\\\/\\\/piperspinuk.com\\\/it\\\/#organization\"},\"potentialAction\":[{\"@type\":\"SearchAction\",\"target\":{\"@type\":\"EntryPoint\",\"urlTemplate\":\"https:\\\/\\\/piperspinuk.com\\\/it\\\/?s={search_term_string}\"},\"query-input\":{\"@type\":\"PropertyValueSpecification\",\"valueRequired\":true,\"valueName\":\"search_term_string\"}}],\"inLanguage\":\"it-IT\"},{\"@type\":\"Organization\",\"@id\":\"https:\\\/\\\/piperspinuk.com\\\/it\\\/#organization\",\"name\":\"Piperspin\",\"url\":\"https:\\\/\\\/piperspinuk.com\\\/it\\\/\",\"logo\":{\"@type\":\"ImageObject\",\"inLanguage\":\"it-IT\",\"@id\":\"https:\\\/\\\/piperspinuk.com\\\/it\\\/#\\\/schema\\\/logo\\\/image\\\/\",\"url\":\"https:\\\/\\\/piperspinuk.com\\\/wp-content\\\/uploads\\\/2025\\\/04\\\/4ir4Uq6IWNCbsrt6V8kj.png\",\"contentUrl\":\"https:\\\/\\\/piperspinuk.com\\\/wp-content\\\/uploads\\\/2025\\\/04\\\/4ir4Uq6IWNCbsrt6V8kj.png\",\"width\":208,\"height\":49,\"caption\":\"Piperspin\"},\"image\":{\"@id\":\"https:\\\/\\\/piperspinuk.com\\\/it\\\/#\\\/schema\\\/logo\\\/image\\\/\"}}]}<\/script>\n<!-- \/ Yoast SEO plugin. -->","yoast_head_json":{"title":"Scarica l'app Piperspin | iOS e Android","description":"L'app Piperspin garantisce un'esperienza di gioco impeccabile su piattaforme Android, iOS, Windows e macOS, completa di sincronizzazione dell'account, aggiornamenti regolari e assistenza clienti integrata per una maggiore facilit\u00e0 d'uso.","robots":{"index":"index","follow":"follow","max-snippet":"max-snippet:-1","max-image-preview":"max-image-preview:large","max-video-preview":"max-video-preview:-1"},"canonical":"https:\/\/piperspinuk.com\/it\/applicazione\/","og_locale":"it_IT","og_type":"article","og_title":"Scarica l'app Piperspin | iOS e Android","og_description":"L'app Piperspin garantisce un'esperienza di gioco impeccabile su piattaforme Android, iOS, Windows e macOS, completa di sincronizzazione dell'account, aggiornamenti regolari e assistenza clienti integrata per una maggiore facilit\u00e0 d'uso.","og_url":"https:\/\/piperspinuk.com\/it\/applicazione\/","og_site_name":"piperspin","article_modified_time":"2025-12-23T11:39:32+00:00","twitter_card":"summary_large_image","twitter_misc":{"Est. reading time":"2 minutes"},"schema":{"@context":"https:\/\/schema.org","@graph":[{"@type":"WebPage","@id":"https:\/\/piperspinuk.com\/it\/applicazione\/","url":"https:\/\/piperspinuk.com\/it\/applicazione\/","name":"Scarica l'app Piperspin | iOS e Android","isPartOf":{"@id":"https:\/\/piperspinuk.com\/it\/#website"},"datePublished":"2025-12-16T06:48:37+00:00","dateModified":"2025-12-23T11:39:32+00:00","description":"L'app Piperspin garantisce un'esperienza di gioco impeccabile su piattaforme Android, iOS, Windows e macOS, completa di sincronizzazione dell'account, aggiornamenti regolari e assistenza clienti integrata per una maggiore facilit\u00e0 d'uso.","breadcrumb":{"@id":"https:\/\/piperspinuk.com\/it\/applicazione\/#breadcrumb"},"inLanguage":"it-IT","potentialAction":[{"@type":"ReadAction","target":["https:\/\/piperspinuk.com\/it\/applicazione\/"]}]},{"@type":"BreadcrumbList","@id":"https:\/\/piperspinuk.com\/it\/applicazione\/#breadcrumb","itemListElement":[{"@type":"ListItem","position":1,"name":"Piperspin","item":"https:\/\/piperspinuk.com\/it\/"},{"@type":"ListItem","position":2,"name":"Applicazione"}]},{"@type":"WebSite","@id":"https:\/\/piperspinuk.com\/it\/#website","url":"https:\/\/piperspinuk.com\/it\/","name":"Piperspin","description":"","publisher":{"@id":"https:\/\/piperspinuk.com\/it\/#organization"},"potentialAction":[{"@type":"SearchAction","target":{"@type":"EntryPoint","urlTemplate":"https:\/\/piperspinuk.com\/it\/?s={search_term_string}"},"query-input":{"@type":"PropertyValueSpecification","valueRequired":true,"valueName":"search_term_string"}}],"inLanguage":"it-IT"},{"@type":"Organization","@id":"https:\/\/piperspinuk.com\/it\/#organization","name":"Piperspin","url":"https:\/\/piperspinuk.com\/it\/","logo":{"@type":"ImageObject","inLanguage":"it-IT","@id":"https:\/\/piperspinuk.com\/it\/#\/schema\/logo\/image\/","url":"https:\/\/piperspinuk.com\/wp-content\/uploads\/2025\/04\/4ir4Uq6IWNCbsrt6V8kj.png","contentUrl":"https:\/\/piperspinuk.com\/wp-content\/uploads\/2025\/04\/4ir4Uq6IWNCbsrt6V8kj.png","width":208,"height":49,"caption":"Piperspin"},"image":{"@id":"https:\/\/piperspinuk.com\/it\/#\/schema\/logo\/image\/"}}]}},"_links":{"self":[{"href":"https:\/\/piperspinuk.com\/it\/wp-json\/wp\/v2\/pages\/2171","targetHints":{"allow":["GET"]}}],"collection":[{"href":"https:\/\/piperspinuk.com\/it\/wp-json\/wp\/v2\/pages"}],"about":[{"href":"https:\/\/piperspinuk.com\/it\/wp-json\/wp\/v2\/types\/page"}],"author":[{"embeddable":true,"href":"https:\/\/piperspinuk.com\/it\/wp-json\/wp\/v2\/users\/1"}],"replies":[{"embeddable":true,"href":"https:\/\/piperspinuk.com\/it\/wp-json\/wp\/v2\/comments?post=2171"}],"version-history":[{"count":2,"href":"https:\/\/piperspinuk.com\/it\/wp-json\/wp\/v2\/pages\/2171\/revisions"}],"predecessor-version":[{"id":2279,"href":"https:\/\/piperspinuk.com\/it\/wp-json\/wp\/v2\/pages\/2171\/revisions\/2279"}],"wp:attachment":[{"href":"https:\/\/piperspinuk.com\/it\/wp-json\/wp\/v2\/media?parent=2171"}],"curies":[{"name":"wp","href":"https:\/\/api.w.org\/{rel}","templated":true}]}}