{"id":2203,"date":"2025-12-16T08:51:32","date_gmt":"2025-12-16T06:51:32","guid":{"rendered":"https:\/\/piperspinuk.com\/login-and-registration\/"},"modified":"2025-12-25T23:31:46","modified_gmt":"2025-12-25T21:31:46","slug":"connexion-et-inscription","status":"publish","type":"page","link":"https:\/\/piperspinuk.com\/fr\/connexion-et-inscription\/","title":{"rendered":"Connexion et inscription"},"content":{"rendered":"<h1>Connexion \u00e0 Piperspin : inscription rapide et gestion du compte<\/h1>\n<p>Le processus de Piperspin login est disponible \u00e0 la fois sur la version bureau et sur la version mobile. Il ne prend que quelques minutes, mais vous donne acc\u00e8s \u00e0 l&rsquo;ensemble de la plateforme et \u00e0 ses fonctionnalit\u00e9s. Il vous suffit de fournir votre adresse e-mail et votre mot de passe. Afin de garantir la s\u00e9curit\u00e9 de la plateforme, nous vous demanderons de v\u00e9rifier votre identit\u00e9 avant votre premier retrait.<\/p>\n<p><div class=\"banner-wrap\"><img decoding=\"async\" src=\"https:\/\/piperspinuk.com\/wp-content\/uploads\/2025\/12\/TOwKZNmxqjNhxfrdqEkN.webp\" class=\"w-100 d-none d-lg-block img-pc main-banner-img\" alt=\"Piperspin desktop banner\"><img decoding=\"async\" src=\"https:\/\/piperspinuk.com\/wp-content\/uploads\/2025\/12\/Piperspin-mobile-banner.webp\" class=\"w-100 d-none d-md-block d-lg-none main-banner-img\" alt=\"Piperspin mobile banner\"><img decoding=\"async\" src=\"https:\/\/piperspinuk.com\/wp-content\/uploads\/2025\/12\/Piperspin-mobile-banner.webp\" class=\"w-100 d-md-none\" alt=\"Piperspin mobile banner\"><div class=\"banner-description\">\n<div class=\"banner-title\">Bonus de bienvenue<\/div>\n<p class=\"banner-header-title\">1000 \u20ac<\/p>\n<div class=\"banner-header-AdditionalText\">+ 100 Tours gratuits<\/div>\n<button data-item=\"homepage_banner_link\" class=\"goto m-button m-gradient-border m-button--primary m-button--large banner-button btn-orange\">\n            <div class=\"m-button-content\">\n                <span>Inscrivez-vous d\u00e8s maintenant<\/span>\n                <span><\/span>\n            <\/div>\n        <\/button>\n<\/div>\n<div class=\"WelcomePack\">\n<p><img loading=\"lazy\" decoding=\"async\" class=\"alignnone size-full wp-image-805\" src=\"https:\/\/piperspinuk.com\/wp-content\/uploads\/2025\/12\/welcome-crown.svg\" alt=\"crown\" width=\"25\" height=\"26\" \/><\/p>\n<div class=\"WelcomePack-Info\">Cashback hebdomadaire jusqu&rsquo;\u00e0 25 %<\/div>\n<p><img loading=\"lazy\" decoding=\"async\" class=\"alignnone size-full wp-image-805\" src=\"https:\/\/piperspinuk.com\/wp-content\/uploads\/2025\/12\/welcome-crown.svg\" alt=\"crown\" width=\"25\" height=\"26\" \/><\/p>\n<\/div>\n<\/div><div class=\"scrollable-content-wrap my-5\"><div class=\"scrollable-content-inner\"><h2>Piperspin Casino : Inscription d&rsquo;un nouveau joueur<\/h2>\n<p>L&rsquo;inscription sur Piperspin Casino n&rsquo;est pas obligatoire, mais elle est recommand\u00e9e. La raison principale est que seuls les utilisateurs disposant d&rsquo;un compte peuvent jouer avec de l&rsquo;argent r\u00e9el et retirer leurs gains. Si vous n&rsquo;avez pas encore de compte, vous pouvez jouer \u00e0 certaines machines \u00e0 sous et \u00e0 certains jeux instantan\u00e9s en mode d\u00e9mo.<\/p>\n<p>En outre, vous pouvez \u00e9galement effectuer des d\u00e9p\u00f4ts, profiter de promotions int\u00e9ressantes, participer \u00e0 des tournois et demander de l&rsquo;aide au service client\u00e8le. Le processus de connexion \u00e0 Piperspin est accessible \u00e0 tous les utilisateurs \u00e2g\u00e9s de 18 ans ou plus. De plus, une personne ne peut avoir qu&rsquo;un seul compte sur notre site web.<\/p>\n<h3>Cr\u00e9ez votre compte<\/h3>\n<p>Si vous \u00eates nouveau sur notre plateforme, vous devez cr\u00e9er un compte pour acc\u00e9der aux meilleures fonctionnalit\u00e9s de notre casino en ligne. Le processus d&rsquo;inscription ne prend que quelques minutes et est tr\u00e8s simple. Vous trouverez les instructions dans le tableau ci-dessous.<\/p>\n<table>\n<tbody>\n<tr>\n<td>\u00c9tape<\/td>\n<td>D\u00e9tails<\/td>\n<\/tr>\n<tr>\n<td>Acc\u00e9dez au formulaire d&rsquo;inscription<\/td>\n<td>Cliquez sur le bouton \u00ab S&rsquo;inscrire \u00bb dans le coin sup\u00e9rieur droit de la page Piperspin.<\/td>\n<\/tr>\n<tr>\n<td>Fournissez vos informations personnelles<\/td>\n<td>Entrez votre adresse e-mail, votre mot de passe et votre code promotionnel si vous en avez un.<\/td>\n<\/tr>\n<tr>\n<td>Accepter les r\u00e8gles de la plateforme<\/td>\n<td>Lisez attentivement les conditions g\u00e9n\u00e9rales de notre plateforme et confirmez que vous avez 18 ans ou plus.<\/td>\n<\/tr>\n<tr>\n<td>Confirmez les donn\u00e9es saisies.<\/td>\n<td>Cliquez sur \u00ab S&rsquo;inscrire \u00bb \u00e0 la fin du formulaire d&rsquo;inscription.<\/td>\n<\/tr>\n<\/tbody>\n<\/table>\n<p>Une fois les \u00e9tapes n\u00e9cessaires termin\u00e9es, vous recevrez un e-mail de confirmation. Plus tard, nous vous demanderons \u00e9galement de nous fournir des informations personnelles plus d\u00e9taill\u00e9es, telles que votre nom complet, votre date de naissance et votre num\u00e9ro de t\u00e9l\u00e9phone.<\/p>\n<h2>Premiers pas avec le compte Piperspin<\/h2>\n<p>Il ne vous reste plus qu&rsquo;\u00e0 vous connecter \u00e0 Piperspin pour pouvoir jouer \u00e0 plus de 6 000 titres. Et ce n&rsquo;est qu&rsquo;un avantage parmi tant d&rsquo;autres. Une fois connect\u00e9, vous pouvez voir et utiliser toutes les fonctionnalit\u00e9s disponibles sur Piperspin Casino. Cela vous garantit une exp\u00e9rience plus personnalis\u00e9e gr\u00e2ce \u00e0 des param\u00e8tres et des outils suppl\u00e9mentaires.<\/p>\n<p>Dans votre compte, vous pouvez modifier vos informations personnelles et vos informations de paiement, configurer l&rsquo;authentification \u00e0 deux facteurs, activer les outils de jeu responsable et analyser votre activit\u00e9 sur Piperspin. Tout est con\u00e7u pour \u00eatre simple et structur\u00e9 afin d&rsquo;\u00eatre plus facile \u00e0 comprendre.<\/p>\n<p>Pour acc\u00e9der \u00e0 votre compte, il vous suffit d&rsquo;utiliser l&rsquo;adresse e-mail et le mot de passe que vous avez saisis lors de votre inscription dans le formulaire Connexion Piperspin. Si vous rencontrez des difficult\u00e9s, vous pouvez toujours contacter notre \u00e9quipe d&rsquo;assistance via le chat en direct ou par e-mail.<\/p>\n<h3>Mot de passe oubli\u00e9 ?<\/h3>\n<p>Tout le monde peut parfois oublier certaines choses, y compris les informations de connexion \u00e0 Piperspin. Si vous ne vous souvenez plus de votre mot de passe, nous avons une solution pour vous. Dans le formulaire de connexion, cliquez sur le lien \u00ab Mot de passe oubli\u00e9 ? \u00bb et suivez les instructions. Nous vous enverrons un lien pour r\u00e9initialiser votre mot de passe afin que vous puissiez en cr\u00e9er un nouveau et l&rsquo;utiliser la prochaine fois que vous acc\u00e9derez \u00e0 Piperspin Casino.<\/p>\n<h3>Piper Spin Casino : S\u00e9curisation et v\u00e9rification du compte<\/h3>\n<p>La s\u00e9curit\u00e9 de nos joueurs est une priorit\u00e9 absolue chez Piperspin. En tant que plateforme en ligne agr\u00e9\u00e9e, nous respectons toutes les r\u00e8gles et exigences n\u00e9cessaires pour garantir la s\u00e9curit\u00e9 de vos donn\u00e9es et de vos actions. Mais chaque utilisateur peut \u00e9galement rendre son exp\u00e9rience plus s\u00fbre en prenant les mesures suivantes :<\/p>\n<ul>\n<li>Cr\u00e9ation d&rsquo;un mot de passe fort en utilisant diff\u00e9rents types de symboles<\/li>\n<li>Activation de l&rsquo;authentification \u00e0 deux facteurs pour renforcer la s\u00e9curit\u00e9 du processus de connexion \u00e0 Piperspin.<\/li>\n<li>Terminer le processus de v\u00e9rification en t\u00e9l\u00e9chargeant les documents<\/li>\n<li>S&rsquo;assurer que toutes vos informations personnelles sont correctes et r\u00e9elles<\/li>\n<\/ul>\n<h2>FAQ<\/h2>\n<h3>Comment puis-je terminer le processus de v\u00e9rification du compte ?<\/h3>\n<p>Le processus de v\u00e9rification ne vous prendra pas beaucoup de temps. Les utilisateurs doivent simplement t\u00e9l\u00e9charger certains documents sur la plateforme Piperspin Casino et nos responsables les v\u00e9rifieront dans les 48 heures.<\/p>\n<h3>Comment mettre \u00e0 jour votre mot de passe ou votre adresse e-mail ?<\/h3>\n<p>Dans les param\u00e8tres du compte, vous pouvez modifier votre adresse e-mail ou votre mot de passe \u00e0 tout moment. De m\u00eame, les informations de paiement peuvent \u00eatre mises \u00e0 jour ou compl\u00e9t\u00e9es par des donn\u00e9es suppl\u00e9mentaires.<\/p>\n<h3>Que dois-je faire si mon compte est bloqu\u00e9 ?<\/h3>\n<p>Nous envoyons toujours \u00e0 nos clients un e-mail contenant des informations suppl\u00e9mentaires sur le blocage du compte. Si vous n&rsquo;avez rien re\u00e7u de la part de Piperspin Casino, contactez notre \u00e9quipe d&rsquo;assistance par chat en direct ou par e-mail.<\/p>\n<h3>Comment puis-je fermer ou suspendre temporairement mon compte ?<\/h3>\n<p>Si vous souhaitez fermer votre compte de mani\u00e8re temporaire ou d\u00e9finitive, veuillez contacter nos responsables du support multilingue. Ils vous poseront quelques questions afin de conna\u00eetre les raisons de votre d\u00e9cision et recueilliront vos commentaires sur l&rsquo;utilisation de Piperspin. Ils prendront ensuite les mesures n\u00e9cessaires.<\/p>\n<\/div><\/div><\/p>\n","protected":false},"excerpt":{"rendered":"<p>Connexion \u00e0 Piperspin : inscription rapide et gestion du compte Le processus de Piperspin login est disponible \u00e0 la fois sur la version bureau et sur la version mobile. Il ne prend que quelques minutes, mais vous donne acc\u00e8s \u00e0 l&rsquo;ensemble de la plateforme et \u00e0 ses fonctionnalit\u00e9s. Il vous suffit de fournir votre adresse [&hellip;]<\/p>\n","protected":false},"author":1,"featured_media":0,"parent":0,"menu_order":0,"comment_status":"closed","ping_status":"closed","template":"template-builder.php","meta":{"_acf_changed":false,"inline_featured_image":false,"footnotes":""},"class_list":["post-2203","page","type-page","status-publish","hentry"],"acf":[],"yoast_head":"<!-- This site is optimized with the Yoast SEO plugin v27.3 - https:\/\/yoast.com\/product\/yoast-seo-wordpress\/ -->\n<title>Piperspin Connexion \u2013 Inscription et gestion du compte<\/title>\n<meta name=\"description\" content=\"Cr\u00e9ez, g\u00e9rez et v\u00e9rifiez facilement votre compte Piperspin Casino gr\u00e2ce \u00e0 une inscription rapide, une r\u00e9cup\u00e9ration de compte transparente et une fermeture de compte s\u00e9curis\u00e9e, garantissant une protection 24 heures sur 24, 7 jours sur 7 via Piperspin Login.\" \/>\n<meta name=\"robots\" content=\"index, follow, max-snippet:-1, max-image-preview:large, max-video-preview:-1\" \/>\n<link rel=\"canonical\" href=\"https:\/\/piperspinuk.com\/fr\/connexion-et-inscription\/\" \/>\n<meta property=\"og:locale\" content=\"fr_FR\" \/>\n<meta property=\"og:type\" content=\"article\" \/>\n<meta property=\"og:title\" content=\"Piperspin Connexion \u2013 Inscription et gestion du compte\" \/>\n<meta property=\"og:description\" content=\"Cr\u00e9ez, g\u00e9rez et v\u00e9rifiez facilement votre compte Piperspin Casino gr\u00e2ce \u00e0 une inscription rapide, une r\u00e9cup\u00e9ration de compte transparente et une fermeture de compte s\u00e9curis\u00e9e, garantissant une protection 24 heures sur 24, 7 jours sur 7 via Piperspin Login.\" \/>\n<meta property=\"og:url\" content=\"https:\/\/piperspinuk.com\/fr\/connexion-et-inscription\/\" \/>\n<meta property=\"og:site_name\" content=\"piperspin\" \/>\n<meta property=\"article:modified_time\" content=\"2025-12-25T21:31:46+00:00\" \/>\n<meta name=\"twitter:card\" content=\"summary_large_image\" \/>\n<meta name=\"twitter:label1\" content=\"Dur\u00e9e de lecture estim\u00e9e\" \/>\n\t<meta name=\"twitter:data1\" content=\"1 minute\" \/>\n<script type=\"application\/ld+json\" class=\"yoast-schema-graph\">{\"@context\":\"https:\\\/\\\/schema.org\",\"@graph\":[{\"@type\":\"WebPage\",\"@id\":\"https:\\\/\\\/piperspinuk.com\\\/fr\\\/connexion-et-inscription\\\/\",\"url\":\"https:\\\/\\\/piperspinuk.com\\\/fr\\\/connexion-et-inscription\\\/\",\"name\":\"Piperspin Connexion \u2013 Inscription et gestion du compte\",\"isPartOf\":{\"@id\":\"https:\\\/\\\/piperspinuk.com\\\/fr\\\/#website\"},\"datePublished\":\"2025-12-16T06:51:32+00:00\",\"dateModified\":\"2025-12-25T21:31:46+00:00\",\"description\":\"Cr\u00e9ez, g\u00e9rez et v\u00e9rifiez facilement votre compte Piperspin Casino gr\u00e2ce \u00e0 une inscription rapide, une r\u00e9cup\u00e9ration de compte transparente et une fermeture de compte s\u00e9curis\u00e9e, garantissant une protection 24 heures sur 24, 7 jours sur 7 via Piperspin Login.\",\"breadcrumb\":{\"@id\":\"https:\\\/\\\/piperspinuk.com\\\/fr\\\/connexion-et-inscription\\\/#breadcrumb\"},\"inLanguage\":\"fr-FR\",\"potentialAction\":[{\"@type\":\"ReadAction\",\"target\":[\"https:\\\/\\\/piperspinuk.com\\\/fr\\\/connexion-et-inscription\\\/\"]}]},{\"@type\":\"BreadcrumbList\",\"@id\":\"https:\\\/\\\/piperspinuk.com\\\/fr\\\/connexion-et-inscription\\\/#breadcrumb\",\"itemListElement\":[{\"@type\":\"ListItem\",\"position\":1,\"name\":\"Piperspin\",\"item\":\"https:\\\/\\\/piperspinuk.com\\\/fr\\\/\"},{\"@type\":\"ListItem\",\"position\":2,\"name\":\"Connexion et inscription\"}]},{\"@type\":\"WebSite\",\"@id\":\"https:\\\/\\\/piperspinuk.com\\\/fr\\\/#website\",\"url\":\"https:\\\/\\\/piperspinuk.com\\\/fr\\\/\",\"name\":\"Piperspin\",\"description\":\"\",\"publisher\":{\"@id\":\"https:\\\/\\\/piperspinuk.com\\\/fr\\\/#organization\"},\"potentialAction\":[{\"@type\":\"SearchAction\",\"target\":{\"@type\":\"EntryPoint\",\"urlTemplate\":\"https:\\\/\\\/piperspinuk.com\\\/fr\\\/?s={search_term_string}\"},\"query-input\":{\"@type\":\"PropertyValueSpecification\",\"valueRequired\":true,\"valueName\":\"search_term_string\"}}],\"inLanguage\":\"fr-FR\"},{\"@type\":\"Organization\",\"@id\":\"https:\\\/\\\/piperspinuk.com\\\/fr\\\/#organization\",\"name\":\"Piperspin\",\"url\":\"https:\\\/\\\/piperspinuk.com\\\/fr\\\/\",\"logo\":{\"@type\":\"ImageObject\",\"inLanguage\":\"fr-FR\",\"@id\":\"https:\\\/\\\/piperspinuk.com\\\/fr\\\/#\\\/schema\\\/logo\\\/image\\\/\",\"url\":\"https:\\\/\\\/piperspinuk.com\\\/wp-content\\\/uploads\\\/2025\\\/04\\\/4ir4Uq6IWNCbsrt6V8kj.png\",\"contentUrl\":\"https:\\\/\\\/piperspinuk.com\\\/wp-content\\\/uploads\\\/2025\\\/04\\\/4ir4Uq6IWNCbsrt6V8kj.png\",\"width\":208,\"height\":49,\"caption\":\"Piperspin\"},\"image\":{\"@id\":\"https:\\\/\\\/piperspinuk.com\\\/fr\\\/#\\\/schema\\\/logo\\\/image\\\/\"}}]}<\/script>\n<!-- \/ Yoast SEO plugin. -->","yoast_head_json":{"title":"Piperspin Connexion \u2013 Inscription et gestion du compte","description":"Cr\u00e9ez, g\u00e9rez et v\u00e9rifiez facilement votre compte Piperspin Casino gr\u00e2ce \u00e0 une inscription rapide, une r\u00e9cup\u00e9ration de compte transparente et une fermeture de compte s\u00e9curis\u00e9e, garantissant une protection 24 heures sur 24, 7 jours sur 7 via Piperspin Login.","robots":{"index":"index","follow":"follow","max-snippet":"max-snippet:-1","max-image-preview":"max-image-preview:large","max-video-preview":"max-video-preview:-1"},"canonical":"https:\/\/piperspinuk.com\/fr\/connexion-et-inscription\/","og_locale":"fr_FR","og_type":"article","og_title":"Piperspin Connexion \u2013 Inscription et gestion du compte","og_description":"Cr\u00e9ez, g\u00e9rez et v\u00e9rifiez facilement votre compte Piperspin Casino gr\u00e2ce \u00e0 une inscription rapide, une r\u00e9cup\u00e9ration de compte transparente et une fermeture de compte s\u00e9curis\u00e9e, garantissant une protection 24 heures sur 24, 7 jours sur 7 via Piperspin Login.","og_url":"https:\/\/piperspinuk.com\/fr\/connexion-et-inscription\/","og_site_name":"piperspin","article_modified_time":"2025-12-25T21:31:46+00:00","twitter_card":"summary_large_image","twitter_misc":{"Dur\u00e9e de lecture estim\u00e9e":"1 minute"},"schema":{"@context":"https:\/\/schema.org","@graph":[{"@type":"WebPage","@id":"https:\/\/piperspinuk.com\/fr\/connexion-et-inscription\/","url":"https:\/\/piperspinuk.com\/fr\/connexion-et-inscription\/","name":"Piperspin Connexion \u2013 Inscription et gestion du compte","isPartOf":{"@id":"https:\/\/piperspinuk.com\/fr\/#website"},"datePublished":"2025-12-16T06:51:32+00:00","dateModified":"2025-12-25T21:31:46+00:00","description":"Cr\u00e9ez, g\u00e9rez et v\u00e9rifiez facilement votre compte Piperspin Casino gr\u00e2ce \u00e0 une inscription rapide, une r\u00e9cup\u00e9ration de compte transparente et une fermeture de compte s\u00e9curis\u00e9e, garantissant une protection 24 heures sur 24, 7 jours sur 7 via Piperspin Login.","breadcrumb":{"@id":"https:\/\/piperspinuk.com\/fr\/connexion-et-inscription\/#breadcrumb"},"inLanguage":"fr-FR","potentialAction":[{"@type":"ReadAction","target":["https:\/\/piperspinuk.com\/fr\/connexion-et-inscription\/"]}]},{"@type":"BreadcrumbList","@id":"https:\/\/piperspinuk.com\/fr\/connexion-et-inscription\/#breadcrumb","itemListElement":[{"@type":"ListItem","position":1,"name":"Piperspin","item":"https:\/\/piperspinuk.com\/fr\/"},{"@type":"ListItem","position":2,"name":"Connexion et inscription"}]},{"@type":"WebSite","@id":"https:\/\/piperspinuk.com\/fr\/#website","url":"https:\/\/piperspinuk.com\/fr\/","name":"Piperspin","description":"","publisher":{"@id":"https:\/\/piperspinuk.com\/fr\/#organization"},"potentialAction":[{"@type":"SearchAction","target":{"@type":"EntryPoint","urlTemplate":"https:\/\/piperspinuk.com\/fr\/?s={search_term_string}"},"query-input":{"@type":"PropertyValueSpecification","valueRequired":true,"valueName":"search_term_string"}}],"inLanguage":"fr-FR"},{"@type":"Organization","@id":"https:\/\/piperspinuk.com\/fr\/#organization","name":"Piperspin","url":"https:\/\/piperspinuk.com\/fr\/","logo":{"@type":"ImageObject","inLanguage":"fr-FR","@id":"https:\/\/piperspinuk.com\/fr\/#\/schema\/logo\/image\/","url":"https:\/\/piperspinuk.com\/wp-content\/uploads\/2025\/04\/4ir4Uq6IWNCbsrt6V8kj.png","contentUrl":"https:\/\/piperspinuk.com\/wp-content\/uploads\/2025\/04\/4ir4Uq6IWNCbsrt6V8kj.png","width":208,"height":49,"caption":"Piperspin"},"image":{"@id":"https:\/\/piperspinuk.com\/fr\/#\/schema\/logo\/image\/"}}]}},"_links":{"self":[{"href":"https:\/\/piperspinuk.com\/fr\/wp-json\/wp\/v2\/pages\/2203","targetHints":{"allow":["GET"]}}],"collection":[{"href":"https:\/\/piperspinuk.com\/fr\/wp-json\/wp\/v2\/pages"}],"about":[{"href":"https:\/\/piperspinuk.com\/fr\/wp-json\/wp\/v2\/types\/page"}],"author":[{"embeddable":true,"href":"https:\/\/piperspinuk.com\/fr\/wp-json\/wp\/v2\/users\/1"}],"replies":[{"embeddable":true,"href":"https:\/\/piperspinuk.com\/fr\/wp-json\/wp\/v2\/comments?post=2203"}],"version-history":[{"count":3,"href":"https:\/\/piperspinuk.com\/fr\/wp-json\/wp\/v2\/pages\/2203\/revisions"}],"predecessor-version":[{"id":2320,"href":"https:\/\/piperspinuk.com\/fr\/wp-json\/wp\/v2\/pages\/2203\/revisions\/2320"}],"wp:attachment":[{"href":"https:\/\/piperspinuk.com\/fr\/wp-json\/wp\/v2\/media?parent=2203"}],"curies":[{"name":"wp","href":"https:\/\/api.w.org\/{rel}","templated":true}]}}