{"id":2168,"date":"2025-12-16T08:48:37","date_gmt":"2025-12-16T06:48:37","guid":{"rendered":"https:\/\/piperspinuk.com\/app\/"},"modified":"2025-12-25T23:28:12","modified_gmt":"2025-12-25T21:28:12","slug":"app","status":"publish","type":"page","link":"https:\/\/piperspinuk.com\/fr\/app\/","title":{"rendered":"App"},"content":{"rendered":"<h1>Application Piperspin : jeux de casino mobiles<\/h1>\n<p>Plus de 80 % de nos utilisateurs pr\u00e9f\u00e8rent jouer sur leurs appareils mobiles, soit dans la version mobile, soit dans Piperspin app. C&rsquo;est un moyen pratique de rester en ligne, o\u00f9 que vous soyez. En m\u00eame temps, vous avez acc\u00e8s aux m\u00eames titres et fonctionnalit\u00e9s que dans la version principale. La version mobile de Piperspin est disponible pour Android et iOS.<\/p>\n<div class=\"banner-wrap\"><img decoding=\"async\" src=\"https:\/\/piperspinuk.com\/wp-content\/uploads\/2025\/12\/TOwKZNmxqjNhxfrdqEkN.webp\" class=\"w-100 d-none d-lg-block img-pc main-banner-img\" alt=\"Piperspin desktop banner\"><img decoding=\"async\" src=\"https:\/\/piperspinuk.com\/wp-content\/uploads\/2025\/12\/Piperspin-mobile-banner.webp\" class=\"w-100 d-none d-md-block d-lg-none main-banner-img\" alt=\"Piperspin mobile banner\"><img decoding=\"async\" src=\"https:\/\/piperspinuk.com\/wp-content\/uploads\/2025\/12\/Piperspin-mobile-banner.webp\" class=\"w-100 d-md-none\" alt=\"Piperspin mobile banner\"><div class=\"banner-description\">\n<div class=\"banner-title\">Bonus de bienvenue<\/div>\n<p class=\"banner-header-title\">1000 \u20ac<\/p>\n<div class=\"banner-header-AdditionalText\">+ 100 Tours gratuits<\/div>\n<button data-item=\"homepage_banner_link\" class=\"goto m-button m-gradient-border m-button--primary m-button--large banner-button btn-orange\">\n            <div class=\"m-button-content\">\n                <span>Inscrivez-vous d\u00e8s maintenant<\/span>\n                <span><\/span>\n            <\/div>\n        <\/button>\n<\/div>\n<div class=\"WelcomePack\">\n<p><img loading=\"lazy\" decoding=\"async\" class=\"alignnone size-full wp-image-805\" src=\"https:\/\/piperspinuk.com\/wp-content\/uploads\/2025\/12\/welcome-crown.svg\" alt=\"crown\" width=\"25\" height=\"26\" \/><\/p>\n<div class=\"WelcomePack-Info\">Cashback hebdomadaire jusqu&rsquo;\u00e0 25 %<\/div>\n<p><img loading=\"lazy\" decoding=\"async\" class=\"alignnone size-full wp-image-805\" src=\"https:\/\/piperspinuk.com\/wp-content\/uploads\/2025\/12\/welcome-crown.svg\" alt=\"crown\" width=\"25\" height=\"26\" \/><\/p>\n<\/div>\n<\/div>\n<h2>Plateforme mobile Piperspin<\/h2>\n<p>Piper Spin Casino vous offre de nombreuses options pour utiliser la plateforme. Votre emplacement ou votre appareil ne vous limitent pas. Vous pouvez d\u00e9sormais \u00eatre chez vous et jouer depuis votre PC, puis d\u00e9cider de sortir une heure plus tard tout en continuant \u00e0 jouer sur votre smartphone.<\/p>\n<p>Tous les utilisateurs mobiles peuvent choisir entre la version navigateur et l&rsquo;application Piperspin, qui peut \u00eatre install\u00e9e \u00e0 partir de notre site web. Votre exp\u00e9rience de jeu sera identique, voire meilleure, que celle offerte par la version pour ordinateur de bureau. Toutes les fonctionnalit\u00e9s sont adapt\u00e9es aux appareils mobiles, notamment les boutons plus grands, les fonctions de d\u00e9filement et de balayage, ainsi que le contr\u00f4le tactile pour tous les titres.<\/p>\n<p>C&rsquo;est \u00e0 vous de choisir l&rsquo;option la plus pratique pour utiliser Piperspin Casino sur votre smartphone ou votre tablette. Ci-dessous, nous avons compar\u00e9 l&rsquo;application mobile et la version navigateur dans les principales cat\u00e9gories.<\/p>\n<table>\n<tbody>\n<tr>\n<td>Fonctionnalit\u00e9<\/td>\n<td>Application mobile<\/td>\n<td>Navigateur web<\/td>\n<\/tr>\n<tr>\n<td>Installation<\/td>\n<td>Directement depuis notre site web (cela ne prend que quelques minutes). Aucun compte App Store n&rsquo;est n\u00e9cessaire.<\/td>\n<td>Aucun requis. Accessible depuis n&rsquo;importe quel navigateur moderne.<\/td>\n<\/tr>\n<tr>\n<td>Vitesse<\/td>\n<td>Il est optimis\u00e9 pour un chargement rapide et une exp\u00e9rience de jeu fluide.<\/td>\n<td>Cela d\u00e9pend du navigateur, de l&rsquo;appareil et de la connexion Internet.<\/td>\n<\/tr>\n<tr>\n<td>Stockage<\/td>\n<td>Utilise un minimum d&rsquo;espace de stockage sur l&rsquo;appareil tout en mettant en cache les fichiers cl\u00e9s pour un acc\u00e8s plus rapide.<\/td>\n<td>N&rsquo;utilise aucun espace de stockage sur l&rsquo;appareil. Seulement le cache temporaire du navigateur.<\/td>\n<\/tr>\n<tr>\n<td>Mises \u00e0 jour<\/td>\n<td>Mises \u00e0 jour automatiques instantan\u00e9es sans intervention de l&rsquo;utilisateur.<\/td>\n<td>Automatiquement apr\u00e8s le rechargement de la page.<\/td>\n<\/tr>\n<tr>\n<td>Notifications<\/td>\n<td>Prise en charge pour les actualit\u00e9s, les bonus, les tournois et les mises \u00e0 jour<\/td>\n<td>Limit\u00e9 ou non pris en charge dans certains navigateurs.<\/td>\n<\/tr>\n<\/tbody>\n<\/table>\n<p><div class=\"scrollable-content-wrap my-5\"><div class=\"scrollable-content-inner\"><h2>Application mobile Piperspin Casino pour Android<\/h2>\n<p>Tous les utilisateurs Android de Piperspin seront ravis d&rsquo;apprendre que nous avons d\u00e9velopp\u00e9 une application sp\u00e9ciale pour eux. Il s&rsquo;agit d&rsquo;un logiciel mobile pratique qui pr\u00e9sente le m\u00eame design, la m\u00eame navigation et les m\u00eames fonctionnalit\u00e9s que la version de bureau, afin que vous ne vous perdiez pas.<\/p>\n<p>Vous n&rsquo;avez pas besoin de t\u00e9l\u00e9charger des fichiers Piper Spin APK inconnus. Nous proposons une application web progressive (PWA) que vous pouvez installer directement depuis notre site web. Il s&rsquo;agit d&rsquo;une version am\u00e9lior\u00e9e, car elle n&rsquo;utilise pas l&rsquo;espace de stockage de votre appareil. L&rsquo;application Piperspin fonctionne de mani\u00e8re fluide et rapide avec une connexion Internet stable. Certaines fonctionnalit\u00e9s sont \u00e9galement disponibles hors ligne.<\/p>\n<p>Si vous \u00eates pr\u00eat \u00e0 t\u00e9l\u00e9charger l&rsquo;application sur votre appareil Android et \u00e0 profiter des fonctionnalit\u00e9s du casino mobile, suivez les instructions \u00e9tape par \u00e9tape ci-dessous :<\/p>\n<ol>\n<li>Acc\u00e9dez au pied de page (en bas) du site web de Piperspin Casino sur votre appareil mobile.<\/li>\n<li>Recherchez et cliquez sur le bouton \u00ab Application Casino \u00bb.<\/li>\n<li>Sur la nouvelle page, appuyez sur \u00ab Installer \u00bb au milieu de l&rsquo;\u00e9cran.<\/li>\n<li>L&rsquo;installation va d\u00e9marrer et s&rsquo;achever en quelques minutes. L&rsquo;ic\u00f4ne de la marque appara\u00eetra sur votre \u00e9cran d&rsquo;accueil.<\/li>\n<\/ol>\n<p><img loading=\"lazy\" decoding=\"async\" src=\"https:\/\/piperspinuk.com\/wp-content\/uploads\/2025\/12\/Piperspin-Android-App.webp\" alt=\"Piperspin Android App\" width=\"1248\" height=\"536\" \/><\/p>\n<\/div><\/div><div style=\"clear: both\"><\/div><div class=\"d-flex justify-content-center\"><button data-item=\"decouvrez_link\" data-group=\"website_links\" class=\"goto fw-bold rounded-pill btn btn-orange\" >T\u00e9l\u00e9chargez l'application Piperspin<\/button><\/div><div class=\"scrollable-content-wrap my-5\"><div class=\"scrollable-content-inner\"><h2>Application mobile Piper Spin Casino pour iOS<\/h2>\n<p>Si vous poss\u00e9dez un iPhone ou un iPad, vous pouvez \u00e9galement jouer sans probl\u00e8me lors de vos d\u00e9placements. Une version mobile est disponible dans Safari et d&rsquo;autres navigateurs. Piperspin Casino a cr\u00e9\u00e9 la version navigateur, qui est compatible et adaptable \u00e0 tous les appareils mobiles modernes. Pour acc\u00e9der plus rapidement \u00e0 notre site web, les utilisateurs peuvent installer l&rsquo;ic\u00f4ne de raccourci :<\/p>\n<ol>\n<li>Visitez Piperspin avec votre appareil mobile.<\/li>\n<li>Dans la barre d&rsquo;adresse de votre navigateur, cliquez sur le bouton \u00ab Plus \u00bb.<\/li>\n<li>Dans la liste, s\u00e9lectionnez l&rsquo;option \u00ab Ajouter \u00e0 l&rsquo;\u00e9cran d&rsquo;accueil \u00bb.<\/li>\n<li>Vous pouvez personnaliser le nom de l&rsquo;ic\u00f4ne. Pour confirmer vos actions, cliquez sur \u00ab Ajouter \u00bb. Elle devrait ensuite appara\u00eetre sur votre \u00e9cran principal.<\/li>\n<\/ol>\n<p>Les utilisateurs iOS peuvent \u00e9galement t\u00e9l\u00e9charger l&rsquo;application Piper Spin. Cela ne prend que quelques minutes en cliquant sur le bouton \u00ab Application Casino \u00bb sur notre site web. Vous aurez acc\u00e8s \u00e0 plus de 6 000 titres, y compris des machines \u00e0 sous en ligne, des jeux de table, des jeux \u00e0 gains instantan\u00e9s et des options avec croupier en direct. Nous travaillons avec des fournisseurs de logiciels de confiance qui d\u00e9veloppent des jeux pour ordinateurs de bureau et appareils mobiles.<\/p>\n<p><img loading=\"lazy\" decoding=\"async\" src=\"https:\/\/piperspinuk.com\/wp-content\/uploads\/2025\/12\/Piperspin-iOS-App.webp\" alt=\"Piperspin iOS App\" width=\"1248\" height=\"536\" \/><\/p>\n<\/div><\/div><div style=\"clear: both\"><\/div><div class=\"d-flex justify-content-center\"><button data-item=\"decouvrez_link\" data-group=\"website_links\" class=\"goto fw-bold rounded-pill btn btn-orange\" >T\u00e9l\u00e9charger Piperspin<\/button><\/div><div class=\"scrollable-content-wrap my-5\"><div class=\"scrollable-content-inner\"><h2>T\u00e9l\u00e9chargements d&rsquo;applications Windows et macOS<\/h2>\n<p>Avec Piperspin Casino, vous pouvez \u00e9galement jouer de mani\u00e8re traditionnelle sur votre ordinateur ou votre ordinateur portable sans aucun souci. Il est tr\u00e8s pratique d&rsquo;utiliser notre plateforme sur un grand \u00e9cran. Le site web s&rsquo;adapte \u00e0 la taille de votre \u00e9cran et aux exigences de votre navigateur. Vous pouvez d&rsquo;ailleurs utiliser n&rsquo;importe quel navigateur pratique, par exemple Google Chrome, Safari ou tout autre navigateur.<\/p>\n<p>Pour un acc\u00e8s plus rapide, vous pouvez \u00e9galement installer l&rsquo;ic\u00f4ne de raccourci. Cela peut \u00eatre fait dans n&rsquo;importe quel navigateur. Pour vous, cela signifie que vous n&rsquo;avez pas besoin d&rsquo;aller dans le navigateur et de rechercher le site web Piperspin Casino, mais que vous pouvez y acc\u00e9der en un seul clic depuis votre \u00e9cran d&rsquo;accueil.<\/p>\n<p><img loading=\"lazy\" decoding=\"async\" src=\"https:\/\/piperspinuk.com\/wp-content\/uploads\/2025\/12\/Piperspin-Desktop.webp\" alt=\"Piperspin Desktop\" width=\"1248\" height=\"536\" \/><\/p>\n<\/div><\/div><div style=\"clear: both\"><\/div><div class=\"d-flex justify-content-center\"><button data-item=\"decouvrez_link\" data-group=\"website_links\" class=\"goto fw-bold rounded-pill btn btn-orange\" >T\u00e9l\u00e9chargez l'application Piperspin<\/button><\/div><div class=\"scrollable-content-wrap my-5\"><div class=\"scrollable-content-inner\"><h2>FAQ<\/h2>\n<h3>L&rsquo;application Piper Spin Casino offre-t-elle un service client ?<\/h3>\n<p>Dans l&rsquo;application Piperspin, vous pouvez contacter l&rsquo;\u00e9quipe d&rsquo;assistance via le chat en direct int\u00e9gr\u00e9. Nos responsables vous r\u00e9pondront en quelques minutes avec une solution professionnelle. Vous pouvez \u00e9galement nous envoyer un e-mail 24 heures sur 24, 7 jours sur 7.<\/p>\n<h3>Faut-il cr\u00e9er un compte pour utiliser l&rsquo;application Piperspin ?<\/h3>\n<p>Vous devez vous connecter \u00e0 votre compte ou en cr\u00e9er un nouveau pour utiliser le logiciel mobile. De plus, avant votre premier retrait, nous vous demanderons de suivre la proc\u00e9dure de v\u00e9rification.<\/p>\n<h3>Tous les jeux sont-ils disponibles dans l&rsquo;application ?<\/h3>\n<p>L&rsquo;application Piper Spin refl\u00e8te le site web principal pour ordinateur de bureau. Elle comprend \u00e9galement tous les titres. Vous retrouverez tous vos jeux pr\u00e9f\u00e9r\u00e9s lorsque vous jouez depuis un appareil mobile. Ils s&rsquo;adaptent tous aux \u00e9crans plus petits et offrent une excellente exp\u00e9rience utilisateur.<\/p>\n<h3>Comment mettre \u00e0 jour l&rsquo;application Piperspin Casino ?<\/h3>\n<p>En tant qu&rsquo;application web progressive, elle se met \u00e0 jour automatiquement sans aucune intervention de votre part. Si nous apportons une modification importante au logiciel mobile et que celle-ci n\u00e9cessite une action de votre part, nous vous en informerons par le biais de notifications push et d&rsquo;e-mails.<\/p>\n<\/div><\/div><\/p>\n","protected":false},"excerpt":{"rendered":"<p>Application Piperspin : jeux de casino mobiles Plus de 80 % de nos utilisateurs pr\u00e9f\u00e8rent jouer sur leurs appareils mobiles, soit dans la version mobile, soit dans Piperspin app. C&rsquo;est un moyen pratique de rester en ligne, o\u00f9 que vous soyez. En m\u00eame temps, vous avez acc\u00e8s aux m\u00eames titres et fonctionnalit\u00e9s que dans la [&hellip;]<\/p>\n","protected":false},"author":1,"featured_media":0,"parent":0,"menu_order":0,"comment_status":"closed","ping_status":"closed","template":"template-builder.php","meta":{"_acf_changed":false,"inline_featured_image":false,"footnotes":""},"class_list":["post-2168","page","type-page","status-publish","hentry"],"acf":[],"yoast_head":"<!-- This site is optimized with the Yoast SEO plugin v27.3 - https:\/\/yoast.com\/product\/yoast-seo-wordpress\/ -->\n<title>Piperspin App T\u00e9l\u00e9chargement | iOS et Android<\/title>\n<meta name=\"description\" content=\"L&#039;application Piperspin garantit une exp\u00e9rience de jeu fluide sur les plateformes Android, iOS, Windows et macOS, avec synchronisation des comptes, mises \u00e0 jour r\u00e9guli\u00e8res et assistance client int\u00e9gr\u00e9e pour une utilisation simplifi\u00e9e.\" \/>\n<meta name=\"robots\" content=\"index, follow, max-snippet:-1, max-image-preview:large, max-video-preview:-1\" \/>\n<link rel=\"canonical\" href=\"https:\/\/piperspinuk.com\/fr\/app\/\" \/>\n<meta property=\"og:locale\" content=\"fr_FR\" \/>\n<meta property=\"og:type\" content=\"article\" \/>\n<meta property=\"og:title\" content=\"Piperspin App T\u00e9l\u00e9chargement | iOS et Android\" \/>\n<meta property=\"og:description\" content=\"L&#039;application Piperspin garantit une exp\u00e9rience de jeu fluide sur les plateformes Android, iOS, Windows et macOS, avec synchronisation des comptes, mises \u00e0 jour r\u00e9guli\u00e8res et assistance client int\u00e9gr\u00e9e pour une utilisation simplifi\u00e9e.\" \/>\n<meta property=\"og:url\" content=\"https:\/\/piperspinuk.com\/fr\/app\/\" \/>\n<meta property=\"og:site_name\" content=\"piperspin\" \/>\n<meta property=\"article:modified_time\" content=\"2025-12-25T21:28:12+00:00\" \/>\n<meta name=\"twitter:card\" content=\"summary_large_image\" \/>\n<meta name=\"twitter:label1\" content=\"Dur\u00e9e de lecture estim\u00e9e\" \/>\n\t<meta name=\"twitter:data1\" content=\"2 minutes\" \/>\n<script type=\"application\/ld+json\" class=\"yoast-schema-graph\">{\"@context\":\"https:\\\/\\\/schema.org\",\"@graph\":[{\"@type\":\"WebPage\",\"@id\":\"https:\\\/\\\/piperspinuk.com\\\/fr\\\/app\\\/\",\"url\":\"https:\\\/\\\/piperspinuk.com\\\/fr\\\/app\\\/\",\"name\":\"Piperspin App T\u00e9l\u00e9chargement | iOS et Android\",\"isPartOf\":{\"@id\":\"https:\\\/\\\/piperspinuk.com\\\/fr\\\/#website\"},\"datePublished\":\"2025-12-16T06:48:37+00:00\",\"dateModified\":\"2025-12-25T21:28:12+00:00\",\"description\":\"L'application Piperspin garantit une exp\u00e9rience de jeu fluide sur les plateformes Android, iOS, Windows et macOS, avec synchronisation des comptes, mises \u00e0 jour r\u00e9guli\u00e8res et assistance client int\u00e9gr\u00e9e pour une utilisation simplifi\u00e9e.\",\"breadcrumb\":{\"@id\":\"https:\\\/\\\/piperspinuk.com\\\/fr\\\/app\\\/#breadcrumb\"},\"inLanguage\":\"fr-FR\",\"potentialAction\":[{\"@type\":\"ReadAction\",\"target\":[\"https:\\\/\\\/piperspinuk.com\\\/fr\\\/app\\\/\"]}]},{\"@type\":\"BreadcrumbList\",\"@id\":\"https:\\\/\\\/piperspinuk.com\\\/fr\\\/app\\\/#breadcrumb\",\"itemListElement\":[{\"@type\":\"ListItem\",\"position\":1,\"name\":\"Piperspin\",\"item\":\"https:\\\/\\\/piperspinuk.com\\\/fr\\\/\"},{\"@type\":\"ListItem\",\"position\":2,\"name\":\"App\"}]},{\"@type\":\"WebSite\",\"@id\":\"https:\\\/\\\/piperspinuk.com\\\/fr\\\/#website\",\"url\":\"https:\\\/\\\/piperspinuk.com\\\/fr\\\/\",\"name\":\"Piperspin\",\"description\":\"\",\"publisher\":{\"@id\":\"https:\\\/\\\/piperspinuk.com\\\/fr\\\/#organization\"},\"potentialAction\":[{\"@type\":\"SearchAction\",\"target\":{\"@type\":\"EntryPoint\",\"urlTemplate\":\"https:\\\/\\\/piperspinuk.com\\\/fr\\\/?s={search_term_string}\"},\"query-input\":{\"@type\":\"PropertyValueSpecification\",\"valueRequired\":true,\"valueName\":\"search_term_string\"}}],\"inLanguage\":\"fr-FR\"},{\"@type\":\"Organization\",\"@id\":\"https:\\\/\\\/piperspinuk.com\\\/fr\\\/#organization\",\"name\":\"Piperspin\",\"url\":\"https:\\\/\\\/piperspinuk.com\\\/fr\\\/\",\"logo\":{\"@type\":\"ImageObject\",\"inLanguage\":\"fr-FR\",\"@id\":\"https:\\\/\\\/piperspinuk.com\\\/fr\\\/#\\\/schema\\\/logo\\\/image\\\/\",\"url\":\"https:\\\/\\\/piperspinuk.com\\\/wp-content\\\/uploads\\\/2025\\\/04\\\/4ir4Uq6IWNCbsrt6V8kj.png\",\"contentUrl\":\"https:\\\/\\\/piperspinuk.com\\\/wp-content\\\/uploads\\\/2025\\\/04\\\/4ir4Uq6IWNCbsrt6V8kj.png\",\"width\":208,\"height\":49,\"caption\":\"Piperspin\"},\"image\":{\"@id\":\"https:\\\/\\\/piperspinuk.com\\\/fr\\\/#\\\/schema\\\/logo\\\/image\\\/\"}}]}<\/script>\n<!-- \/ Yoast SEO plugin. -->","yoast_head_json":{"title":"Piperspin App T\u00e9l\u00e9chargement | iOS et Android","description":"L'application Piperspin garantit une exp\u00e9rience de jeu fluide sur les plateformes Android, iOS, Windows et macOS, avec synchronisation des comptes, mises \u00e0 jour r\u00e9guli\u00e8res et assistance client int\u00e9gr\u00e9e pour une utilisation simplifi\u00e9e.","robots":{"index":"index","follow":"follow","max-snippet":"max-snippet:-1","max-image-preview":"max-image-preview:large","max-video-preview":"max-video-preview:-1"},"canonical":"https:\/\/piperspinuk.com\/fr\/app\/","og_locale":"fr_FR","og_type":"article","og_title":"Piperspin App T\u00e9l\u00e9chargement | iOS et Android","og_description":"L'application Piperspin garantit une exp\u00e9rience de jeu fluide sur les plateformes Android, iOS, Windows et macOS, avec synchronisation des comptes, mises \u00e0 jour r\u00e9guli\u00e8res et assistance client int\u00e9gr\u00e9e pour une utilisation simplifi\u00e9e.","og_url":"https:\/\/piperspinuk.com\/fr\/app\/","og_site_name":"piperspin","article_modified_time":"2025-12-25T21:28:12+00:00","twitter_card":"summary_large_image","twitter_misc":{"Dur\u00e9e de lecture estim\u00e9e":"2 minutes"},"schema":{"@context":"https:\/\/schema.org","@graph":[{"@type":"WebPage","@id":"https:\/\/piperspinuk.com\/fr\/app\/","url":"https:\/\/piperspinuk.com\/fr\/app\/","name":"Piperspin App T\u00e9l\u00e9chargement | iOS et Android","isPartOf":{"@id":"https:\/\/piperspinuk.com\/fr\/#website"},"datePublished":"2025-12-16T06:48:37+00:00","dateModified":"2025-12-25T21:28:12+00:00","description":"L'application Piperspin garantit une exp\u00e9rience de jeu fluide sur les plateformes Android, iOS, Windows et macOS, avec synchronisation des comptes, mises \u00e0 jour r\u00e9guli\u00e8res et assistance client int\u00e9gr\u00e9e pour une utilisation simplifi\u00e9e.","breadcrumb":{"@id":"https:\/\/piperspinuk.com\/fr\/app\/#breadcrumb"},"inLanguage":"fr-FR","potentialAction":[{"@type":"ReadAction","target":["https:\/\/piperspinuk.com\/fr\/app\/"]}]},{"@type":"BreadcrumbList","@id":"https:\/\/piperspinuk.com\/fr\/app\/#breadcrumb","itemListElement":[{"@type":"ListItem","position":1,"name":"Piperspin","item":"https:\/\/piperspinuk.com\/fr\/"},{"@type":"ListItem","position":2,"name":"App"}]},{"@type":"WebSite","@id":"https:\/\/piperspinuk.com\/fr\/#website","url":"https:\/\/piperspinuk.com\/fr\/","name":"Piperspin","description":"","publisher":{"@id":"https:\/\/piperspinuk.com\/fr\/#organization"},"potentialAction":[{"@type":"SearchAction","target":{"@type":"EntryPoint","urlTemplate":"https:\/\/piperspinuk.com\/fr\/?s={search_term_string}"},"query-input":{"@type":"PropertyValueSpecification","valueRequired":true,"valueName":"search_term_string"}}],"inLanguage":"fr-FR"},{"@type":"Organization","@id":"https:\/\/piperspinuk.com\/fr\/#organization","name":"Piperspin","url":"https:\/\/piperspinuk.com\/fr\/","logo":{"@type":"ImageObject","inLanguage":"fr-FR","@id":"https:\/\/piperspinuk.com\/fr\/#\/schema\/logo\/image\/","url":"https:\/\/piperspinuk.com\/wp-content\/uploads\/2025\/04\/4ir4Uq6IWNCbsrt6V8kj.png","contentUrl":"https:\/\/piperspinuk.com\/wp-content\/uploads\/2025\/04\/4ir4Uq6IWNCbsrt6V8kj.png","width":208,"height":49,"caption":"Piperspin"},"image":{"@id":"https:\/\/piperspinuk.com\/fr\/#\/schema\/logo\/image\/"}}]}},"_links":{"self":[{"href":"https:\/\/piperspinuk.com\/fr\/wp-json\/wp\/v2\/pages\/2168","targetHints":{"allow":["GET"]}}],"collection":[{"href":"https:\/\/piperspinuk.com\/fr\/wp-json\/wp\/v2\/pages"}],"about":[{"href":"https:\/\/piperspinuk.com\/fr\/wp-json\/wp\/v2\/types\/page"}],"author":[{"embeddable":true,"href":"https:\/\/piperspinuk.com\/fr\/wp-json\/wp\/v2\/users\/1"}],"replies":[{"embeddable":true,"href":"https:\/\/piperspinuk.com\/fr\/wp-json\/wp\/v2\/comments?post=2168"}],"version-history":[{"count":3,"href":"https:\/\/piperspinuk.com\/fr\/wp-json\/wp\/v2\/pages\/2168\/revisions"}],"predecessor-version":[{"id":2318,"href":"https:\/\/piperspinuk.com\/fr\/wp-json\/wp\/v2\/pages\/2168\/revisions\/2318"}],"wp:attachment":[{"href":"https:\/\/piperspinuk.com\/fr\/wp-json\/wp\/v2\/media?parent=2168"}],"curies":[{"name":"wp","href":"https:\/\/api.w.org\/{rel}","templated":true}]}}