{"id":2208,"date":"2025-12-16T08:51:32","date_gmt":"2025-12-16T06:51:32","guid":{"rendered":"https:\/\/piperspinuk.com\/login-and-registration\/"},"modified":"2025-12-23T14:40:28","modified_gmt":"2025-12-23T12:40:28","slug":"inicio-de-sesion-y-registro","status":"publish","type":"page","link":"https:\/\/piperspinuk.com\/es\/inicio-de-sesion-y-registro\/","title":{"rendered":"Inicio de sesi\u00f3n y Registro"},"content":{"rendered":"<h1>Inicio de sesi\u00f3n en Piperspin: Registro r\u00e1pido y gesti\u00f3n de cuentas<\/h1>\n<p>El proceso de Piperspin login est\u00e1 disponible para los usuarios espa\u00f1oles tanto en la versi\u00f3n de escritorio como en la m\u00f3vil. Solo lleva unos minutos, pero te da acceso a toda la plataforma y sus funciones. Solo necesitas tu direcci\u00f3n de correo electr\u00f3nico y contrase\u00f1a. Para mantener la seguridad de la plataforma, te pediremos que verifiques tu identidad antes de tu primer retiro.<\/p>\n<p><div class=\"banner-wrap\"><img decoding=\"async\" src=\"https:\/\/piperspinuk.com\/wp-content\/uploads\/2025\/12\/TOwKZNmxqjNhxfrdqEkN.webp\" class=\"w-100 d-none d-lg-block img-pc main-banner-img\" alt=\"Piperspin desktop banner\"><img decoding=\"async\" src=\"https:\/\/piperspinuk.com\/wp-content\/uploads\/2025\/12\/Piperspin-mobile-banner.webp\" class=\"w-100 d-none d-md-block d-lg-none main-banner-img\" alt=\"Piperspin mobile banner\"><img decoding=\"async\" src=\"https:\/\/piperspinuk.com\/wp-content\/uploads\/2025\/12\/Piperspin-mobile-banner.webp\" class=\"w-100 d-md-none\" alt=\"Piperspin mobile banner\"><div class=\"banner-description\">\n<div class=\"banner-title\">Bonos de bienvenida<\/div>\n<p class=\"banner-header-title\">1500 \u20ac<\/p>\n<div class=\"banner-header-AdditionalText\">+ 250 Tiradas gratis<\/div>\n<button data-item=\"homepage_banner_link\" class=\"goto m-button m-gradient-border m-button--primary m-button--large banner-button btn-orange\">\n            <div class=\"m-button-content\">\n                <span>Reg\u00edstrate ahora<\/span>\n                <span><\/span>\n            <\/div>\n        <\/button>\n<\/div>\n<div class=\"WelcomePack\">\n<p><img loading=\"lazy\" decoding=\"async\" class=\"alignnone size-full wp-image-805\" src=\"https:\/\/piperspinuk.com\/wp-content\/uploads\/2025\/12\/welcome-crown.svg\" alt=\"crown\" width=\"25\" height=\"26\" \/><\/p>\n<div class=\"WelcomePack-Info\">Reembolso semanal de hasta el 25 %<\/div>\n<p><img loading=\"lazy\" decoding=\"async\" class=\"alignnone size-full wp-image-805\" src=\"https:\/\/piperspinuk.com\/wp-content\/uploads\/2025\/12\/welcome-crown.svg\" alt=\"crown\" width=\"25\" height=\"26\" \/><\/p>\n<\/div>\n<\/div><div class=\"scrollable-content-wrap my-5\"><div class=\"scrollable-content-inner\"><h2>Casino Piperspin: Registro de nuevos jugadores<\/h2>\n<p>No es necesario registrarse en Piperspin Casino, pero es recomendable hacerlo. La raz\u00f3n principal es que solo con una cuenta los usuarios pueden jugar con dinero real y retirar sus ganancias. Si a\u00fan no tienes una cuenta, puedes jugar a algunas m\u00e1quinas tragamonedas y juegos instant\u00e1neos en modo demo.<\/p>\n<p>Adem\u00e1s, tambi\u00e9n puedes realizar dep\u00f3sitos, aprovechar interesantes promociones, participar en torneos y solicitar ayuda al servicio de atenci\u00f3n al cliente. El proceso de inicio de sesi\u00f3n en Piperspin est\u00e1 disponible para todos los usuarios mayores de 18 a\u00f1os. Adem\u00e1s, cada persona solo puede tener una cuenta en nuestro sitio web.<\/p>\n<h3>Crea tu cuenta<\/h3>\n<p>Si eres nuevo en nuestra plataforma, debes crear una cuenta para acceder a las mejores funciones de nuestro casino online. El proceso de registro solo lleva unos minutos y es muy sencillo. Encontrar\u00e1s las instrucciones en la tabla siguiente.<\/p>\n<table>\n<tbody>\n<tr>\n<td>Paso<\/td>\n<td>Detalles<\/td>\n<\/tr>\n<tr>\n<td>Ir al formulario de registro<\/td>\n<td>Haga clic en el bot\u00f3n \u00abRegistrarse\u00bb situado en la esquina superior derecha de la p\u00e1gina Piperspin.<\/td>\n<\/tr>\n<tr>\n<td>Proporcione su informaci\u00f3n personal.<\/td>\n<td>Introduce tu correo electr\u00f3nico, contrase\u00f1a y c\u00f3digo promocional, si lo tienes.<\/td>\n<\/tr>\n<tr>\n<td>Acepta las reglas de la plataforma.<\/td>\n<td>Lee atentamente los t\u00e9rminos y condiciones de nuestra plataforma y confirma que tienes 18 a\u00f1os o m\u00e1s.<\/td>\n<\/tr>\n<tr>\n<td>Confirme los datos introducidos.<\/td>\n<td>Haga clic en \u00abRegistrarse\u00bb al final del formulario de registro.<\/td>\n<\/tr>\n<\/tbody>\n<\/table>\n<p>Despu\u00e9s de completar los pasos necesarios, recibir\u00e1s un correo electr\u00f3nico de confirmaci\u00f3n. M\u00e1s adelante, tambi\u00e9n te pediremos que nos proporciones informaci\u00f3n personal m\u00e1s detallada, como tu nombre completo, fecha de nacimiento y n\u00famero de tel\u00e9fono.<\/p>\n<h2>Introducci\u00f3n a la cuenta Piperspin<\/h2>\n<p>Completar el proceso de inicio de sesi\u00f3n en Piperspin es el \u00fanico paso que te separa de poder jugar a m\u00e1s de 6.000 t\u00edtulos. Y esta es solo una de las muchas ventajas. Cuando inicias sesi\u00f3n, puedes ver y utilizar todas las funciones disponibles en Piperspin Casino. Esto garantiza una experiencia m\u00e1s personalizada con ajustes y herramientas adicionales.<\/p>\n<p>En tu cuenta, puedes cambiar tus datos personales y de pago, configurar la autenticaci\u00f3n de dos factores, habilitar herramientas de juego responsable y analizar tu actividad en Piperspin. Todo est\u00e1 dise\u00f1ado para ser sencillo y estructurado, para facilitar su comprensi\u00f3n.<\/p>\n<p>Para acceder a tu cuenta, solo tienes que utilizar el correo electr\u00f3nico y la contrase\u00f1a que introdujiste al registrarte en el formulario Inicio de sesi\u00f3n en Piperspin. Si tienes alg\u00fan problema, siempre puedes ponerte en contacto con nuestro equipo de asistencia a trav\u00e9s del chat en vivo o por correo electr\u00f3nico.<\/p>\n<h3>\u00bfOlvidaste tu contrase\u00f1a?<\/h3>\n<p>A veces, todo el mundo puede olvidar cosas, incluidos los datos de inicio de sesi\u00f3n en Piperspin. Si no recuerdas tu contrase\u00f1a, tenemos una soluci\u00f3n para ti. En el formulario de inicio de sesi\u00f3n, haz clic en el enlace \u00ab\u00bfHas olvidado tu contrase\u00f1a?\u00bb y sigue las instrucciones. Te enviaremos un enlace para restablecer la contrase\u00f1a, de modo que puedas crear una nueva y utilizarla la pr\u00f3xima vez que accedas a Piperspin Casino.<\/p>\n<h3>Piper Spin Casino: Protecci\u00f3n y verificaci\u00f3n de la cuenta<\/h3>\n<p>La seguridad de nuestros jugadores es una prioridad absoluta en Piperspin. Como plataforma online con licencia, cumplimos todas las normas y requisitos necesarios para mantener seguros tus datos y tus acciones. Pero cada usuario tambi\u00e9n puede hacer que su experiencia sea m\u00e1s segura con las siguientes medidas:<\/p>\n<ul>\n<li>Creaci\u00f3n de una contrase\u00f1a segura utilizando diferentes tipos de s\u00edmbolos.<\/li>\n<li>Habilitar la autenticaci\u00f3n de dos factores para a\u00f1adir protecci\u00f3n adicional al proceso de inicio de sesi\u00f3n en Piperspin.<\/li>\n<li>Completar el proceso de verificaci\u00f3n cargando los documentos.<\/li>\n<li>Asegurarse de que toda su informaci\u00f3n personal sea correcta y real.<\/li>\n<\/ul>\n<h2>Preguntas frecuentes<\/h2>\n<h3>\u00bfC\u00f3mo completo el proceso de verificaci\u00f3n de la cuenta?<\/h3>\n<p>Completar el proceso de verificaci\u00f3n no le llevar\u00e1 mucho tiempo. Los usuarios solo tienen que subir los documentos espec\u00edficos a la plataforma Piperspin Casino y nuestros gestores los comprobar\u00e1n en un plazo de 48 horas.<\/p>\n<h3>\u00bfC\u00f3mo actualizar la contrase\u00f1a o la direcci\u00f3n de correo electr\u00f3nico?<\/h3>\n<p>En la configuraci\u00f3n de la cuenta, puedes cambiar tu correo electr\u00f3nico o contrase\u00f1a en cualquier momento. Adem\u00e1s, los datos de pago se pueden actualizar o completar con informaci\u00f3n adicional.<\/p>\n<h3>\u00bfQu\u00e9 debo hacer si mi cuenta est\u00e1 bloqueada?<\/h3>\n<p>Siempre enviamos a nuestros clientes un correo electr\u00f3nico con informaci\u00f3n adicional sobre el bloqueo de la cuenta. Si no ha recibido nada de Piperspin Casino, p\u00f3ngase en contacto con nuestro equipo de asistencia a trav\u00e9s del chat en vivo o por correo electr\u00f3nico.<\/p>\n<h3>\u00bfC\u00f3mo cierro o suspendo temporalmente mi cuenta?<\/h3>\n<p>Si desea cerrar su cuenta de forma temporal o permanente, p\u00f3ngase en contacto con nuestros gestores de asistencia multiling\u00fce. Le realizar\u00e1n una breve encuesta para conocer sus motivos y sus comentarios sobre el uso de Piperspin. A continuaci\u00f3n, tomar\u00e1n las medidas necesarias.<\/p>\n<\/div><\/div><\/p>\n","protected":false},"excerpt":{"rendered":"<p>Inicio de sesi\u00f3n en Piperspin: Registro r\u00e1pido y gesti\u00f3n de cuentas El proceso de Piperspin login est\u00e1 disponible para los usuarios espa\u00f1oles tanto en la versi\u00f3n de escritorio como en la m\u00f3vil. Solo lleva unos minutos, pero te da acceso a toda la plataforma y sus funciones. Solo necesitas tu direcci\u00f3n de correo electr\u00f3nico y [&hellip;]<\/p>\n","protected":false},"author":1,"featured_media":0,"parent":0,"menu_order":0,"comment_status":"closed","ping_status":"closed","template":"template-builder.php","meta":{"_acf_changed":false,"inline_featured_image":false,"footnotes":""},"class_list":["post-2208","page","type-page","status-publish","hentry"],"acf":[],"yoast_head":"<!-- This site is optimized with the Yoast SEO plugin v27.3 - https:\/\/yoast.com\/product\/yoast-seo-wordpress\/ -->\n<title>Piperspin Inicio de sesi\u00f3n: registrarse y gestionar la cuenta<\/title>\n<meta name=\"description\" content=\"Cree, gestione y verifique f\u00e1cilmente su cuenta de Piperspin Casino con un registro r\u00e1pido, una recuperaci\u00f3n de cuenta sin complicaciones y un cierre de cuenta seguro, lo que garantiza una protecci\u00f3n 24\/7 a trav\u00e9s de Piperspin Login.\" \/>\n<meta name=\"robots\" content=\"index, follow, max-snippet:-1, max-image-preview:large, max-video-preview:-1\" \/>\n<link rel=\"canonical\" href=\"https:\/\/piperspinuk.com\/es\/inicio-de-sesion-y-registro\/\" \/>\n<meta property=\"og:locale\" content=\"es_ES\" \/>\n<meta property=\"og:type\" content=\"article\" \/>\n<meta property=\"og:title\" content=\"Piperspin Inicio de sesi\u00f3n: registrarse y gestionar la cuenta\" \/>\n<meta property=\"og:description\" content=\"Cree, gestione y verifique f\u00e1cilmente su cuenta de Piperspin Casino con un registro r\u00e1pido, una recuperaci\u00f3n de cuenta sin complicaciones y un cierre de cuenta seguro, lo que garantiza una protecci\u00f3n 24\/7 a trav\u00e9s de Piperspin Login.\" \/>\n<meta property=\"og:url\" content=\"https:\/\/piperspinuk.com\/es\/inicio-de-sesion-y-registro\/\" \/>\n<meta property=\"og:site_name\" content=\"piperspin\" \/>\n<meta property=\"article:modified_time\" content=\"2025-12-23T12:40:28+00:00\" \/>\n<meta name=\"twitter:card\" content=\"summary_large_image\" \/>\n<meta name=\"twitter:label1\" content=\"Est. reading time\" \/>\n\t<meta name=\"twitter:data1\" content=\"1 minute\" \/>\n<script type=\"application\/ld+json\" class=\"yoast-schema-graph\">{\"@context\":\"https:\\\/\\\/schema.org\",\"@graph\":[{\"@type\":\"WebPage\",\"@id\":\"https:\\\/\\\/piperspinuk.com\\\/es\\\/inicio-de-sesion-y-registro\\\/\",\"url\":\"https:\\\/\\\/piperspinuk.com\\\/es\\\/inicio-de-sesion-y-registro\\\/\",\"name\":\"Piperspin Inicio de sesi\u00f3n: registrarse y gestionar la cuenta\",\"isPartOf\":{\"@id\":\"https:\\\/\\\/piperspinuk.com\\\/es\\\/#website\"},\"datePublished\":\"2025-12-16T06:51:32+00:00\",\"dateModified\":\"2025-12-23T12:40:28+00:00\",\"description\":\"Cree, gestione y verifique f\u00e1cilmente su cuenta de Piperspin Casino con un registro r\u00e1pido, una recuperaci\u00f3n de cuenta sin complicaciones y un cierre de cuenta seguro, lo que garantiza una protecci\u00f3n 24\\\/7 a trav\u00e9s de Piperspin Login.\",\"breadcrumb\":{\"@id\":\"https:\\\/\\\/piperspinuk.com\\\/es\\\/inicio-de-sesion-y-registro\\\/#breadcrumb\"},\"inLanguage\":\"es-ES\",\"potentialAction\":[{\"@type\":\"ReadAction\",\"target\":[\"https:\\\/\\\/piperspinuk.com\\\/es\\\/inicio-de-sesion-y-registro\\\/\"]}]},{\"@type\":\"BreadcrumbList\",\"@id\":\"https:\\\/\\\/piperspinuk.com\\\/es\\\/inicio-de-sesion-y-registro\\\/#breadcrumb\",\"itemListElement\":[{\"@type\":\"ListItem\",\"position\":1,\"name\":\"Piperspin\",\"item\":\"https:\\\/\\\/piperspinuk.com\\\/es\\\/\"},{\"@type\":\"ListItem\",\"position\":2,\"name\":\"Inicio de sesi\u00f3n y Registro\"}]},{\"@type\":\"WebSite\",\"@id\":\"https:\\\/\\\/piperspinuk.com\\\/es\\\/#website\",\"url\":\"https:\\\/\\\/piperspinuk.com\\\/es\\\/\",\"name\":\"Piperspin\",\"description\":\"\",\"publisher\":{\"@id\":\"https:\\\/\\\/piperspinuk.com\\\/es\\\/#organization\"},\"potentialAction\":[{\"@type\":\"SearchAction\",\"target\":{\"@type\":\"EntryPoint\",\"urlTemplate\":\"https:\\\/\\\/piperspinuk.com\\\/es\\\/?s={search_term_string}\"},\"query-input\":{\"@type\":\"PropertyValueSpecification\",\"valueRequired\":true,\"valueName\":\"search_term_string\"}}],\"inLanguage\":\"es-ES\"},{\"@type\":\"Organization\",\"@id\":\"https:\\\/\\\/piperspinuk.com\\\/es\\\/#organization\",\"name\":\"Piperspin\",\"url\":\"https:\\\/\\\/piperspinuk.com\\\/es\\\/\",\"logo\":{\"@type\":\"ImageObject\",\"inLanguage\":\"es-ES\",\"@id\":\"https:\\\/\\\/piperspinuk.com\\\/es\\\/#\\\/schema\\\/logo\\\/image\\\/\",\"url\":\"https:\\\/\\\/piperspinuk.com\\\/wp-content\\\/uploads\\\/2025\\\/04\\\/4ir4Uq6IWNCbsrt6V8kj.png\",\"contentUrl\":\"https:\\\/\\\/piperspinuk.com\\\/wp-content\\\/uploads\\\/2025\\\/04\\\/4ir4Uq6IWNCbsrt6V8kj.png\",\"width\":208,\"height\":49,\"caption\":\"Piperspin\"},\"image\":{\"@id\":\"https:\\\/\\\/piperspinuk.com\\\/es\\\/#\\\/schema\\\/logo\\\/image\\\/\"}}]}<\/script>\n<!-- \/ Yoast SEO plugin. -->","yoast_head_json":{"title":"Piperspin Inicio de sesi\u00f3n: registrarse y gestionar la cuenta","description":"Cree, gestione y verifique f\u00e1cilmente su cuenta de Piperspin Casino con un registro r\u00e1pido, una recuperaci\u00f3n de cuenta sin complicaciones y un cierre de cuenta seguro, lo que garantiza una protecci\u00f3n 24\/7 a trav\u00e9s de Piperspin Login.","robots":{"index":"index","follow":"follow","max-snippet":"max-snippet:-1","max-image-preview":"max-image-preview:large","max-video-preview":"max-video-preview:-1"},"canonical":"https:\/\/piperspinuk.com\/es\/inicio-de-sesion-y-registro\/","og_locale":"es_ES","og_type":"article","og_title":"Piperspin Inicio de sesi\u00f3n: registrarse y gestionar la cuenta","og_description":"Cree, gestione y verifique f\u00e1cilmente su cuenta de Piperspin Casino con un registro r\u00e1pido, una recuperaci\u00f3n de cuenta sin complicaciones y un cierre de cuenta seguro, lo que garantiza una protecci\u00f3n 24\/7 a trav\u00e9s de Piperspin Login.","og_url":"https:\/\/piperspinuk.com\/es\/inicio-de-sesion-y-registro\/","og_site_name":"piperspin","article_modified_time":"2025-12-23T12:40:28+00:00","twitter_card":"summary_large_image","twitter_misc":{"Est. reading time":"1 minute"},"schema":{"@context":"https:\/\/schema.org","@graph":[{"@type":"WebPage","@id":"https:\/\/piperspinuk.com\/es\/inicio-de-sesion-y-registro\/","url":"https:\/\/piperspinuk.com\/es\/inicio-de-sesion-y-registro\/","name":"Piperspin Inicio de sesi\u00f3n: registrarse y gestionar la cuenta","isPartOf":{"@id":"https:\/\/piperspinuk.com\/es\/#website"},"datePublished":"2025-12-16T06:51:32+00:00","dateModified":"2025-12-23T12:40:28+00:00","description":"Cree, gestione y verifique f\u00e1cilmente su cuenta de Piperspin Casino con un registro r\u00e1pido, una recuperaci\u00f3n de cuenta sin complicaciones y un cierre de cuenta seguro, lo que garantiza una protecci\u00f3n 24\/7 a trav\u00e9s de Piperspin Login.","breadcrumb":{"@id":"https:\/\/piperspinuk.com\/es\/inicio-de-sesion-y-registro\/#breadcrumb"},"inLanguage":"es-ES","potentialAction":[{"@type":"ReadAction","target":["https:\/\/piperspinuk.com\/es\/inicio-de-sesion-y-registro\/"]}]},{"@type":"BreadcrumbList","@id":"https:\/\/piperspinuk.com\/es\/inicio-de-sesion-y-registro\/#breadcrumb","itemListElement":[{"@type":"ListItem","position":1,"name":"Piperspin","item":"https:\/\/piperspinuk.com\/es\/"},{"@type":"ListItem","position":2,"name":"Inicio de sesi\u00f3n y Registro"}]},{"@type":"WebSite","@id":"https:\/\/piperspinuk.com\/es\/#website","url":"https:\/\/piperspinuk.com\/es\/","name":"Piperspin","description":"","publisher":{"@id":"https:\/\/piperspinuk.com\/es\/#organization"},"potentialAction":[{"@type":"SearchAction","target":{"@type":"EntryPoint","urlTemplate":"https:\/\/piperspinuk.com\/es\/?s={search_term_string}"},"query-input":{"@type":"PropertyValueSpecification","valueRequired":true,"valueName":"search_term_string"}}],"inLanguage":"es-ES"},{"@type":"Organization","@id":"https:\/\/piperspinuk.com\/es\/#organization","name":"Piperspin","url":"https:\/\/piperspinuk.com\/es\/","logo":{"@type":"ImageObject","inLanguage":"es-ES","@id":"https:\/\/piperspinuk.com\/es\/#\/schema\/logo\/image\/","url":"https:\/\/piperspinuk.com\/wp-content\/uploads\/2025\/04\/4ir4Uq6IWNCbsrt6V8kj.png","contentUrl":"https:\/\/piperspinuk.com\/wp-content\/uploads\/2025\/04\/4ir4Uq6IWNCbsrt6V8kj.png","width":208,"height":49,"caption":"Piperspin"},"image":{"@id":"https:\/\/piperspinuk.com\/es\/#\/schema\/logo\/image\/"}}]}},"_links":{"self":[{"href":"https:\/\/piperspinuk.com\/es\/wp-json\/wp\/v2\/pages\/2208","targetHints":{"allow":["GET"]}}],"collection":[{"href":"https:\/\/piperspinuk.com\/es\/wp-json\/wp\/v2\/pages"}],"about":[{"href":"https:\/\/piperspinuk.com\/es\/wp-json\/wp\/v2\/types\/page"}],"author":[{"embeddable":true,"href":"https:\/\/piperspinuk.com\/es\/wp-json\/wp\/v2\/users\/1"}],"replies":[{"embeddable":true,"href":"https:\/\/piperspinuk.com\/es\/wp-json\/wp\/v2\/comments?post=2208"}],"version-history":[{"count":1,"href":"https:\/\/piperspinuk.com\/es\/wp-json\/wp\/v2\/pages\/2208\/revisions"}],"predecessor-version":[{"id":2305,"href":"https:\/\/piperspinuk.com\/es\/wp-json\/wp\/v2\/pages\/2208\/revisions\/2305"}],"wp:attachment":[{"href":"https:\/\/piperspinuk.com\/es\/wp-json\/wp\/v2\/media?parent=2208"}],"curies":[{"name":"wp","href":"https:\/\/api.w.org\/{rel}","templated":true}]}}