{"id":2173,"date":"2025-12-16T08:48:37","date_gmt":"2025-12-16T06:48:37","guid":{"rendered":"https:\/\/piperspinuk.com\/app\/"},"modified":"2025-12-23T14:39:08","modified_gmt":"2025-12-23T12:39:08","slug":"aplicacion","status":"publish","type":"page","link":"https:\/\/piperspinuk.com\/es\/aplicacion\/","title":{"rendered":"Aplicaci\u00f3n"},"content":{"rendered":"<h1>App Piperspin: Juegos de casino para m\u00f3viles<\/h1>\n<p>M\u00e1s del 80 % de nuestros usuarios espa\u00f1oles prefieren jugar en sus dispositivos m\u00f3viles, ya sea en la versi\u00f3n m\u00f3vil o en la Piperspin app. Es una forma c\u00f3moda de estar conectado, est\u00e9s donde est\u00e9s. Al mismo tiempo, tienes acceso a los mismos t\u00edtulos y funciones que en la versi\u00f3n principal. La versi\u00f3n m\u00f3vil de Piperspin est\u00e1 disponible tanto para Android como para iOS.<\/p>\n<div class=\"banner-wrap\"><img decoding=\"async\" src=\"https:\/\/piperspinuk.com\/wp-content\/uploads\/2025\/12\/TOwKZNmxqjNhxfrdqEkN.webp\" class=\"w-100 d-none d-lg-block img-pc main-banner-img\" alt=\"Piperspin desktop banner\"><img decoding=\"async\" src=\"https:\/\/piperspinuk.com\/wp-content\/uploads\/2025\/12\/Piperspin-mobile-banner.webp\" class=\"w-100 d-none d-md-block d-lg-none main-banner-img\" alt=\"Piperspin mobile banner\"><img decoding=\"async\" src=\"https:\/\/piperspinuk.com\/wp-content\/uploads\/2025\/12\/Piperspin-mobile-banner.webp\" class=\"w-100 d-md-none\" alt=\"Piperspin mobile banner\"><div class=\"banner-description\">\n<div class=\"banner-title\">Bonos de bienvenida<\/div>\n<p class=\"banner-header-title\">1500 \u20ac<\/p>\n<div class=\"banner-header-AdditionalText\">+ 250 Tiradas gratis<\/div>\n<button data-item=\"homepage_banner_link\" class=\"goto m-button m-gradient-border m-button--primary m-button--large banner-button btn-orange\">\n            <div class=\"m-button-content\">\n                <span>Reg\u00edstrate ahora<\/span>\n                <span><\/span>\n            <\/div>\n        <\/button>\n<\/div>\n<div class=\"WelcomePack\">\n<p><img loading=\"lazy\" decoding=\"async\" class=\"alignnone size-full wp-image-805\" src=\"https:\/\/piperspinuk.com\/wp-content\/uploads\/2025\/12\/welcome-crown.svg\" alt=\"crown\" width=\"25\" height=\"26\" \/><\/p>\n<div class=\"WelcomePack-Info\">Reembolso semanal de hasta el 25 %<\/div>\n<p><img loading=\"lazy\" decoding=\"async\" class=\"alignnone size-full wp-image-805\" src=\"https:\/\/piperspinuk.com\/wp-content\/uploads\/2025\/12\/welcome-crown.svg\" alt=\"crown\" width=\"25\" height=\"26\" \/><\/p>\n<\/div>\n<\/div>\n<h2>Plataforma m\u00f3vil Piperspin<\/h2>\n<p>Piper Spin Casino te ofrece muchas opciones para utilizar la plataforma. Tu ubicaci\u00f3n o dispositivo no te limitan. Ahora puedes estar en casa y jugar desde tu PC y, en la siguiente hora, decidir salir pero seguir jugando desde tu smartphone.<\/p>\n<p>Todos los usuarios de dispositivos m\u00f3viles pueden elegir entre la versi\u00f3n para navegador y la aplicaci\u00f3n Piperspin, que se puede instalar desde nuestro sitio web. Tu experiencia de juego ser\u00e1 igual o incluso mejor que la versi\u00f3n para ordenador. Todas las funciones est\u00e1n adaptadas a los dispositivos m\u00f3viles, incluyendo botones m\u00e1s grandes, funciones de desplazamiento y deslizamiento, y control t\u00e1ctil para todos los t\u00edtulos.<\/p>\n<p>Depende de ti elegir la opci\u00f3n m\u00e1s conveniente para usar Piperspin Casino en tu smartphone o tableta. A continuaci\u00f3n, comparamos la aplicaci\u00f3n m\u00f3vil y la versi\u00f3n para navegador en las categor\u00edas principales.<\/p>\n<table>\n<tbody>\n<tr>\n<td>Caracter\u00edstica<\/td>\n<td>Aplicaci\u00f3n m\u00f3vil<\/td>\n<td>Navegador web<\/td>\n<\/tr>\n<tr>\n<td>Instalaci\u00f3n<\/td>\n<td>Directamente desde nuestro sitio web (tarda unos minutos). No se requiere una cuenta en la tienda de aplicaciones.<\/td>\n<td>No se requiere nada. Acceso en cualquier navegador moderno.<\/td>\n<\/tr>\n<tr>\n<td>Velocidad<\/td>\n<td>Est\u00e1 optimizado para una carga r\u00e1pida y una experiencia de juego fluida.<\/td>\n<td>Depende del navegador, el dispositivo y la conexi\u00f3n a Internet.<\/td>\n<\/tr>\n<tr>\n<td>Almacenamiento<\/td>\n<td>Utiliza un m\u00ednimo de almacenamiento en el dispositivo al almacenar en cach\u00e9 los archivos clave para un acceso m\u00e1s r\u00e1pido.<\/td>\n<td>No utiliza ning\u00fan almacenamiento del dispositivo. Solo la cach\u00e9 temporal del navegador.<\/td>\n<\/tr>\n<tr>\n<td>Actualizaciones<\/td>\n<td>Se actualiza autom\u00e1ticamente sin necesidad de intervenci\u00f3n por parte del usuario.<\/td>\n<td>Autom\u00e1ticamente despu\u00e9s de recargar la p\u00e1gina.<\/td>\n<\/tr>\n<tr>\n<td>Notificaciones<\/td>\n<td>Compatible con noticias, bonificaciones, torneos y actualizaciones.<\/td>\n<td>Limitado o no compatible en algunos navegadores.<\/td>\n<\/tr>\n<\/tbody>\n<\/table>\n<p><div class=\"scrollable-content-wrap my-5\"><div class=\"scrollable-content-inner\"><h2>Aplicaci\u00f3n m\u00f3vil Piperspin Casino para Android<\/h2>\n<p>Todos los usuarios de Android estar\u00e1n encantados de saber que hemos desarrollado una aplicaci\u00f3n especial para ellos. Se trata de un pr\u00e1ctico software m\u00f3vil que tiene el mismo dise\u00f1o, navegaci\u00f3n y funcionalidades que la versi\u00f3n de escritorio, para que no te pierdas.<\/p>\n<p>No es necesario descargar ning\u00fan archivo desconocido Piper Spin APK. Ofrecemos una aplicaci\u00f3n web progresiva (PWA) que puede instalar directamente desde nuestro sitio web. Es una versi\u00f3n mejorada, ya que no ocupa espacio de almacenamiento en su dispositivo. La aplicaci\u00f3n Piperspin funciona de forma fluida y r\u00e1pida con una conexi\u00f3n a Internet estable. Tambi\u00e9n hay funciones disponibles sin conexi\u00f3n.<\/p>\n<p>Si est\u00e1s listo para descargar la aplicaci\u00f3n en tu dispositivo Android y disfrutar de las funciones del casino m\u00f3vil, sigue nuestras instrucciones paso a paso a continuaci\u00f3n:<\/p>\n<ol>\n<li>Ve al pie de p\u00e1gina (parte inferior) del sitio web de Piperspin Casino en tu dispositivo m\u00f3vil.<\/li>\n<li>Busca y haz clic en el bot\u00f3n \u00abAplicaci\u00f3n del casino\u00bb.<\/li>\n<li>En la nueva p\u00e1gina, pulsa \u00abInstalar\u00bb en el centro de la pantalla.<\/li>\n<li>La instalaci\u00f3n comenzar\u00e1 y se completar\u00e1 en unos minutos. El icono de la marca aparecer\u00e1 en tu pantalla de inicio.<\/li>\n<\/ol>\n<p><img loading=\"lazy\" decoding=\"async\" src=\"https:\/\/piperspinuk.com\/wp-content\/uploads\/2025\/12\/Piperspin-Android-App.webp\" alt=\"Piperspin Android App\" width=\"1248\" height=\"536\" \/><\/p>\n<\/div><\/div><div style=\"clear: both\"><\/div><div class=\"d-flex justify-content-center\"><button data-item=\"decouvrez_link\" data-group=\"website_links\" class=\"goto fw-bold rounded-pill btn btn-orange\" >Descarga la aplicaci\u00f3n Piperspin<\/button><\/div><div class=\"scrollable-content-wrap my-5\"><div class=\"scrollable-content-inner\"><h2>Aplicaci\u00f3n m\u00f3vil Piper Spin Casino para iOS<\/h2>\n<p>Si tienes un iPhone o iPad, tambi\u00e9n puedes jugar sobre la marcha sin ning\u00fan problema. Hay una versi\u00f3n m\u00f3vil disponible en Safari y otros navegadores. Piperspin Casino ha creado la versi\u00f3n para navegador, que es compatible y adaptable a cualquier dispositivo m\u00f3vil moderno. Para acceder m\u00e1s r\u00e1pidamente a nuestro sitio web, los usuarios pueden instalar el icono de acceso directo:<\/p>\n<ol>\n<li>Visita Piperspin con tu dispositivo m\u00f3vil.<\/li>\n<li>En la barra de direcciones de tu navegador, haz clic en el bot\u00f3n \u00abM\u00e1s\u00bb.<\/li>\n<li>En la lista, selecciona la opci\u00f3n \u00abA\u00f1adir a la pantalla de inicio\u00bb.<\/li>\n<li>Puedes personalizar el nombre del icono. Para confirmar tus acciones, haz clic en \u00abA\u00f1adir\u00bb. A continuaci\u00f3n, deber\u00eda aparecer en tu pantalla principal.<\/li>\n<\/ol>\n<p>Los usuarios de iOS tambi\u00e9n pueden descargar la aplicaci\u00f3n Piper Spin. Se puede hacer en pocos minutos haciendo clic en el bot\u00f3n \u00abAplicaci\u00f3n del casino\u00bb de nuestro sitio web. Tendr\u00e1s acceso a m\u00e1s de 6.000 t\u00edtulos, incluyendo tragamonedas online, juegos de mesa, t\u00edtulos con premios instant\u00e1neos y opciones con crupier en vivo. Trabajamos con proveedores de software de confianza que desarrollan juegos tanto para ordenadores como para dispositivos m\u00f3viles.<\/p>\n<p><img loading=\"lazy\" decoding=\"async\" src=\"https:\/\/piperspinuk.com\/wp-content\/uploads\/2025\/12\/Piperspin-iOS-App.webp\" alt=\"Piperspin iOS App\" width=\"1248\" height=\"536\" \/><\/p>\n<\/div><\/div><div style=\"clear: both\"><\/div><div class=\"d-flex justify-content-center\"><button data-item=\"decouvrez_link\" data-group=\"website_links\" class=\"goto fw-bold rounded-pill btn btn-orange\" >Descargar Piperspin<\/button><\/div><div class=\"scrollable-content-wrap my-5\"><div class=\"scrollable-content-inner\"><h2>Descargas de app para Windows y macOS<\/h2>\n<p>Con Piperspin Casino, tambi\u00e9n puedes jugar de la forma tradicional en tu ordenador o port\u00e1til sin preocupaciones. Es muy c\u00f3modo utilizar nuestra plataforma en una pantalla grande. El sitio web se adapta al tama\u00f1o de tu pantalla y a los requisitos de tu navegador. Por cierto, puedes utilizar cualquier navegador que te resulte c\u00f3modo, por ejemplo, Google Chrome, Safari y cualquier otro.<\/p>\n<p>Para un acceso m\u00e1s r\u00e1pido, tambi\u00e9n puede instalar el icono de acceso directo. Se puede hacer en cualquier navegador. Para usted, esto significa que no tiene que ir al navegador y buscar el sitio web Piperspin Casino, sino que puede acceder a \u00e9l con un solo clic desde su pantalla de inicio.<\/p>\n<p><img loading=\"lazy\" decoding=\"async\" src=\"https:\/\/piperspinuk.com\/wp-content\/uploads\/2025\/12\/Piperspin-Desktop.webp\" alt=\"Piperspin Desktop\" width=\"1248\" height=\"536\" \/><\/p>\n<\/div><\/div><div style=\"clear: both\"><\/div><div class=\"d-flex justify-content-center\"><button data-item=\"decouvrez_link\" data-group=\"website_links\" class=\"goto fw-bold rounded-pill btn btn-orange\" >Descarga la aplicaci\u00f3n Piperspin<\/button><\/div><div class=\"scrollable-content-wrap my-5\"><div class=\"scrollable-content-inner\"><h2>Preguntas frecuentes<\/h2>\n<h3>\u00bfLa aplicaci\u00f3n Piper Spin Casino ofrece atenci\u00f3n al cliente?<\/h3>\n<p>En la aplicaci\u00f3n Piperspin, puede ponerse en contacto con el equipo de asistencia a trav\u00e9s del chat en vivo integrado. Nuestros gestores le responder\u00e1n en pocos minutos con una soluci\u00f3n profesional. Tambi\u00e9n puede enviarnos un correo electr\u00f3nico las 24 horas del d\u00eda, los 7 d\u00edas de la semana.<\/p>\n<h3>\u00bfEs necesario crear una cuenta para utilizar la aplicaci\u00f3n Piperspin?<\/h3>\n<p>Debe iniciar sesi\u00f3n en su cuenta o crear una nueva para utilizar el software m\u00f3vil. Adem\u00e1s, antes de su primer retiro, le pediremos que complete el proceso de verificaci\u00f3n.<\/p>\n<h3>\u00bfTodos los juegos est\u00e1n disponibles en la aplicaci\u00f3n?<\/h3>\n<p>La aplicaci\u00f3n Piper Spin refleja el sitio web principal para ordenadores de sobremesa. Tambi\u00e9n incluye todos los t\u00edtulos. Encontrar\u00e1s todos tus juegos favoritos cuando juegues desde un dispositivo m\u00f3vil. Todos se adaptan a pantallas m\u00e1s peque\u00f1as y ofrecen una excelente experiencia de usuario.<\/p>\n<h3>\u00bfC\u00f3mo puedo actualizar la aplicaci\u00f3n Piperspin Casino?<\/h3>\n<p>Al tratarse de una aplicaci\u00f3n web progresiva, se actualiza autom\u00e1ticamente sin necesidad de realizar ning\u00fan paso adicional por tu parte. Si realizamos un cambio significativo en el software m\u00f3vil y es necesario realizar alguna acci\u00f3n, te lo notificaremos mediante notificaciones push y correo electr\u00f3nico.<\/p>\n<\/div><\/div><\/p>\n","protected":false},"excerpt":{"rendered":"<p>App Piperspin: Juegos de casino para m\u00f3viles M\u00e1s del 80 % de nuestros usuarios espa\u00f1oles prefieren jugar en sus dispositivos m\u00f3viles, ya sea en la versi\u00f3n m\u00f3vil o en la Piperspin app. Es una forma c\u00f3moda de estar conectado, est\u00e9s donde est\u00e9s. Al mismo tiempo, tienes acceso a los mismos t\u00edtulos y funciones que en [&hellip;]<\/p>\n","protected":false},"author":1,"featured_media":0,"parent":0,"menu_order":0,"comment_status":"closed","ping_status":"closed","template":"template-builder.php","meta":{"_acf_changed":false,"inline_featured_image":false,"footnotes":""},"class_list":["post-2173","page","type-page","status-publish","hentry"],"acf":[],"yoast_head":"<!-- This site is optimized with the Yoast SEO plugin v27.3 - https:\/\/yoast.com\/product\/yoast-seo-wordpress\/ -->\n<title>Piperspin app Descargar| iOS y Android<\/title>\n<meta name=\"description\" content=\"La aplicaci\u00f3n Piperspin garantiza una experiencia de juego impecable en las plataformas Android, iOS, Windows y macOS, con sincronizaci\u00f3n de cuentas, actualizaciones peri\u00f3dicas y asistencia al cliente integrada para facilitar su uso.\" \/>\n<meta name=\"robots\" content=\"index, follow, max-snippet:-1, max-image-preview:large, max-video-preview:-1\" \/>\n<link rel=\"canonical\" href=\"https:\/\/piperspinuk.com\/es\/aplicacion\/\" \/>\n<meta property=\"og:locale\" content=\"es_ES\" \/>\n<meta property=\"og:type\" content=\"article\" \/>\n<meta property=\"og:title\" content=\"Piperspin app Descargar| iOS y Android\" \/>\n<meta property=\"og:description\" content=\"La aplicaci\u00f3n Piperspin garantiza una experiencia de juego impecable en las plataformas Android, iOS, Windows y macOS, con sincronizaci\u00f3n de cuentas, actualizaciones peri\u00f3dicas y asistencia al cliente integrada para facilitar su uso.\" \/>\n<meta property=\"og:url\" content=\"https:\/\/piperspinuk.com\/es\/aplicacion\/\" \/>\n<meta property=\"og:site_name\" content=\"piperspin\" \/>\n<meta property=\"article:modified_time\" content=\"2025-12-23T12:39:08+00:00\" \/>\n<meta name=\"twitter:card\" content=\"summary_large_image\" \/>\n<meta name=\"twitter:label1\" content=\"Est. reading time\" \/>\n\t<meta name=\"twitter:data1\" content=\"2 minutes\" \/>\n<script type=\"application\/ld+json\" class=\"yoast-schema-graph\">{\"@context\":\"https:\\\/\\\/schema.org\",\"@graph\":[{\"@type\":\"WebPage\",\"@id\":\"https:\\\/\\\/piperspinuk.com\\\/es\\\/aplicacion\\\/\",\"url\":\"https:\\\/\\\/piperspinuk.com\\\/es\\\/aplicacion\\\/\",\"name\":\"Piperspin app Descargar| iOS y Android\",\"isPartOf\":{\"@id\":\"https:\\\/\\\/piperspinuk.com\\\/es\\\/#website\"},\"datePublished\":\"2025-12-16T06:48:37+00:00\",\"dateModified\":\"2025-12-23T12:39:08+00:00\",\"description\":\"La aplicaci\u00f3n Piperspin garantiza una experiencia de juego impecable en las plataformas Android, iOS, Windows y macOS, con sincronizaci\u00f3n de cuentas, actualizaciones peri\u00f3dicas y asistencia al cliente integrada para facilitar su uso.\",\"breadcrumb\":{\"@id\":\"https:\\\/\\\/piperspinuk.com\\\/es\\\/aplicacion\\\/#breadcrumb\"},\"inLanguage\":\"es-ES\",\"potentialAction\":[{\"@type\":\"ReadAction\",\"target\":[\"https:\\\/\\\/piperspinuk.com\\\/es\\\/aplicacion\\\/\"]}]},{\"@type\":\"BreadcrumbList\",\"@id\":\"https:\\\/\\\/piperspinuk.com\\\/es\\\/aplicacion\\\/#breadcrumb\",\"itemListElement\":[{\"@type\":\"ListItem\",\"position\":1,\"name\":\"Piperspin\",\"item\":\"https:\\\/\\\/piperspinuk.com\\\/es\\\/\"},{\"@type\":\"ListItem\",\"position\":2,\"name\":\"Aplicaci\u00f3n\"}]},{\"@type\":\"WebSite\",\"@id\":\"https:\\\/\\\/piperspinuk.com\\\/es\\\/#website\",\"url\":\"https:\\\/\\\/piperspinuk.com\\\/es\\\/\",\"name\":\"Piperspin\",\"description\":\"\",\"publisher\":{\"@id\":\"https:\\\/\\\/piperspinuk.com\\\/es\\\/#organization\"},\"potentialAction\":[{\"@type\":\"SearchAction\",\"target\":{\"@type\":\"EntryPoint\",\"urlTemplate\":\"https:\\\/\\\/piperspinuk.com\\\/es\\\/?s={search_term_string}\"},\"query-input\":{\"@type\":\"PropertyValueSpecification\",\"valueRequired\":true,\"valueName\":\"search_term_string\"}}],\"inLanguage\":\"es-ES\"},{\"@type\":\"Organization\",\"@id\":\"https:\\\/\\\/piperspinuk.com\\\/es\\\/#organization\",\"name\":\"Piperspin\",\"url\":\"https:\\\/\\\/piperspinuk.com\\\/es\\\/\",\"logo\":{\"@type\":\"ImageObject\",\"inLanguage\":\"es-ES\",\"@id\":\"https:\\\/\\\/piperspinuk.com\\\/es\\\/#\\\/schema\\\/logo\\\/image\\\/\",\"url\":\"https:\\\/\\\/piperspinuk.com\\\/wp-content\\\/uploads\\\/2025\\\/04\\\/4ir4Uq6IWNCbsrt6V8kj.png\",\"contentUrl\":\"https:\\\/\\\/piperspinuk.com\\\/wp-content\\\/uploads\\\/2025\\\/04\\\/4ir4Uq6IWNCbsrt6V8kj.png\",\"width\":208,\"height\":49,\"caption\":\"Piperspin\"},\"image\":{\"@id\":\"https:\\\/\\\/piperspinuk.com\\\/es\\\/#\\\/schema\\\/logo\\\/image\\\/\"}}]}<\/script>\n<!-- \/ Yoast SEO plugin. -->","yoast_head_json":{"title":"Piperspin app Descargar| iOS y Android","description":"La aplicaci\u00f3n Piperspin garantiza una experiencia de juego impecable en las plataformas Android, iOS, Windows y macOS, con sincronizaci\u00f3n de cuentas, actualizaciones peri\u00f3dicas y asistencia al cliente integrada para facilitar su uso.","robots":{"index":"index","follow":"follow","max-snippet":"max-snippet:-1","max-image-preview":"max-image-preview:large","max-video-preview":"max-video-preview:-1"},"canonical":"https:\/\/piperspinuk.com\/es\/aplicacion\/","og_locale":"es_ES","og_type":"article","og_title":"Piperspin app Descargar| iOS y Android","og_description":"La aplicaci\u00f3n Piperspin garantiza una experiencia de juego impecable en las plataformas Android, iOS, Windows y macOS, con sincronizaci\u00f3n de cuentas, actualizaciones peri\u00f3dicas y asistencia al cliente integrada para facilitar su uso.","og_url":"https:\/\/piperspinuk.com\/es\/aplicacion\/","og_site_name":"piperspin","article_modified_time":"2025-12-23T12:39:08+00:00","twitter_card":"summary_large_image","twitter_misc":{"Est. reading time":"2 minutes"},"schema":{"@context":"https:\/\/schema.org","@graph":[{"@type":"WebPage","@id":"https:\/\/piperspinuk.com\/es\/aplicacion\/","url":"https:\/\/piperspinuk.com\/es\/aplicacion\/","name":"Piperspin app Descargar| iOS y Android","isPartOf":{"@id":"https:\/\/piperspinuk.com\/es\/#website"},"datePublished":"2025-12-16T06:48:37+00:00","dateModified":"2025-12-23T12:39:08+00:00","description":"La aplicaci\u00f3n Piperspin garantiza una experiencia de juego impecable en las plataformas Android, iOS, Windows y macOS, con sincronizaci\u00f3n de cuentas, actualizaciones peri\u00f3dicas y asistencia al cliente integrada para facilitar su uso.","breadcrumb":{"@id":"https:\/\/piperspinuk.com\/es\/aplicacion\/#breadcrumb"},"inLanguage":"es-ES","potentialAction":[{"@type":"ReadAction","target":["https:\/\/piperspinuk.com\/es\/aplicacion\/"]}]},{"@type":"BreadcrumbList","@id":"https:\/\/piperspinuk.com\/es\/aplicacion\/#breadcrumb","itemListElement":[{"@type":"ListItem","position":1,"name":"Piperspin","item":"https:\/\/piperspinuk.com\/es\/"},{"@type":"ListItem","position":2,"name":"Aplicaci\u00f3n"}]},{"@type":"WebSite","@id":"https:\/\/piperspinuk.com\/es\/#website","url":"https:\/\/piperspinuk.com\/es\/","name":"Piperspin","description":"","publisher":{"@id":"https:\/\/piperspinuk.com\/es\/#organization"},"potentialAction":[{"@type":"SearchAction","target":{"@type":"EntryPoint","urlTemplate":"https:\/\/piperspinuk.com\/es\/?s={search_term_string}"},"query-input":{"@type":"PropertyValueSpecification","valueRequired":true,"valueName":"search_term_string"}}],"inLanguage":"es-ES"},{"@type":"Organization","@id":"https:\/\/piperspinuk.com\/es\/#organization","name":"Piperspin","url":"https:\/\/piperspinuk.com\/es\/","logo":{"@type":"ImageObject","inLanguage":"es-ES","@id":"https:\/\/piperspinuk.com\/es\/#\/schema\/logo\/image\/","url":"https:\/\/piperspinuk.com\/wp-content\/uploads\/2025\/04\/4ir4Uq6IWNCbsrt6V8kj.png","contentUrl":"https:\/\/piperspinuk.com\/wp-content\/uploads\/2025\/04\/4ir4Uq6IWNCbsrt6V8kj.png","width":208,"height":49,"caption":"Piperspin"},"image":{"@id":"https:\/\/piperspinuk.com\/es\/#\/schema\/logo\/image\/"}}]}},"_links":{"self":[{"href":"https:\/\/piperspinuk.com\/es\/wp-json\/wp\/v2\/pages\/2173","targetHints":{"allow":["GET"]}}],"collection":[{"href":"https:\/\/piperspinuk.com\/es\/wp-json\/wp\/v2\/pages"}],"about":[{"href":"https:\/\/piperspinuk.com\/es\/wp-json\/wp\/v2\/types\/page"}],"author":[{"embeddable":true,"href":"https:\/\/piperspinuk.com\/es\/wp-json\/wp\/v2\/users\/1"}],"replies":[{"embeddable":true,"href":"https:\/\/piperspinuk.com\/es\/wp-json\/wp\/v2\/comments?post=2173"}],"version-history":[{"count":2,"href":"https:\/\/piperspinuk.com\/es\/wp-json\/wp\/v2\/pages\/2173\/revisions"}],"predecessor-version":[{"id":2304,"href":"https:\/\/piperspinuk.com\/es\/wp-json\/wp\/v2\/pages\/2173\/revisions\/2304"}],"wp:attachment":[{"href":"https:\/\/piperspinuk.com\/es\/wp-json\/wp\/v2\/media?parent=2173"}],"curies":[{"name":"wp","href":"https:\/\/api.w.org\/{rel}","templated":true}]}}