{"id":2204,"date":"2025-12-16T08:51:32","date_gmt":"2025-12-16T06:51:32","guid":{"rendered":"https:\/\/piperspinuk.com\/login-and-registration\/"},"modified":"2025-12-23T12:21:29","modified_gmt":"2025-12-23T10:21:29","slug":"anmeldung-und-registrierung","status":"publish","type":"page","link":"https:\/\/piperspinuk.com\/de\/anmeldung-und-registrierung\/","title":{"rendered":"Anmeldung und Registrierung"},"content":{"rendered":"<h1>Piperspin Anmeldung: Schnelle Registrierung und Kontoverwaltung<\/h1>\n<p>Der Piperspin Login Prozess ist sowohl in der Desktop- als auch in der Mobilversion verf\u00fcgbar. Er dauert nur wenige Minuten, erm\u00f6glicht Ihnen jedoch den Zugriff auf die gesamte Plattform und ihre Funktionen. Sie ben\u00f6tigen lediglich Ihre E-Mail-Adresse und Ihr Passwort. Um die Sicherheit der Plattform zu gew\u00e4hrleisten, bitten wir Sie, Ihre Identit\u00e4t vor Ihrer ersten Auszahlung zu best\u00e4tigen.<\/p>\n<p><div class=\"banner-wrap\"><img decoding=\"async\" src=\"https:\/\/piperspinuk.com\/wp-content\/uploads\/2025\/12\/TOwKZNmxqjNhxfrdqEkN.webp\" class=\"w-100 d-none d-lg-block img-pc main-banner-img\" alt=\"Piperspin desktop banner\"><img decoding=\"async\" src=\"https:\/\/piperspinuk.com\/wp-content\/uploads\/2025\/12\/Piperspin-mobile-banner.webp\" class=\"w-100 d-none d-md-block d-lg-none main-banner-img\" alt=\"Piperspin mobile banner\"><img decoding=\"async\" src=\"https:\/\/piperspinuk.com\/wp-content\/uploads\/2025\/12\/Piperspin-mobile-banner.webp\" class=\"w-100 d-md-none\" alt=\"Piperspin mobile banner\"><div class=\"banner-description\">\n<div class=\"banner-title\">Willkommensboni<\/div>\n<p class=\"banner-header-title\">1500 \u20ac<\/p>\n<div class=\"banner-header-AdditionalText\">+ 250 Freispiele<\/div>\n<button data-item=\"homepage_banner_link\" class=\"goto m-button m-gradient-border m-button--primary m-button--large banner-button btn-orange\">\n            <div class=\"m-button-content\">\n                <span>Jetzt anmelden<\/span>\n                <span><\/span>\n            <\/div>\n        <\/button>\n<\/div>\n<div class=\"WelcomePack\">\n<p><img loading=\"lazy\" decoding=\"async\" class=\"alignnone size-full wp-image-805\" src=\"https:\/\/piperspinuk.com\/wp-content\/uploads\/2025\/12\/welcome-crown.svg\" alt=\"crown\" width=\"25\" height=\"26\" \/><\/p>\n<div class=\"WelcomePack-Info\">W\u00f6chentlicher Cashback von bis zu 25 %<\/div>\n<p><img loading=\"lazy\" decoding=\"async\" class=\"alignnone size-full wp-image-805\" src=\"https:\/\/piperspinuk.com\/wp-content\/uploads\/2025\/12\/welcome-crown.svg\" alt=\"crown\" width=\"25\" height=\"26\" \/><\/p>\n<\/div>\n<\/div><div class=\"scrollable-content-wrap my-5\"><div class=\"scrollable-content-inner\"><h2>Piperspin Casino: Registrierung f\u00fcr neue Spieler<\/h2>\n<p>Eine Registrierung bei Piperspin Casino ist nicht erforderlich, wird jedoch empfohlen. Der Hauptgrund daf\u00fcr ist, dass Nutzer nur mit einem Konto um echtes Geld spielen und ihre Gewinne auszahlen lassen k\u00f6nnen. Wenn Sie noch kein Konto haben, k\u00f6nnen Sie einige Spielautomaten und Sofortspiele im Demo-Modus spielen.<\/p>\n<p>Dar\u00fcber hinaus k\u00f6nnen Sie Einzahlungen vornehmen, coole Aktionen nutzen, an Turnieren teilnehmen und den Kundenservice um Hilfe bitten. Der Piperspin-Anmeldeprozess steht allen Nutzern ab 18 Jahren zur Verf\u00fcgung. Au\u00dferdem kann jede Person nur ein Konto auf unserer Website haben.<\/p>\n<h3>Erstellen Sie Ihr Konto<\/h3>\n<p>Wenn Sie neu auf unserer Plattform sind, m\u00fcssen Sie ein Konto erstellen, um Zugang zu den besten Funktionen unseres Online-Casinos zu erhalten. Die Registrierung dauert nur wenige Minuten und ist ganz einfach. Die Anleitung finden Sie in der folgenden Tabelle.<\/p>\n<table>\n<tbody>\n<tr>\n<td>Schritt<\/td>\n<td>Details<\/td>\n<\/tr>\n<tr>\n<td>Zum Anmeldeformular<\/td>\n<td>Klicken Sie auf die Schaltfl\u00e4che \u201eAnmelden\u201c in der oberen rechten Ecke der Piperspin Seite.<\/td>\n<\/tr>\n<tr>\n<td>Geben Sie Ihre pers\u00f6nlichen Daten an<\/td>\n<td>Geben Sie Ihre E-Mail-Adresse, Ihr Passwort und Ihren Promo-Code ein, falls Sie einen haben.<\/td>\n<\/tr>\n<tr>\n<td>Akzeptieren Sie die Regeln der Plattform<\/td>\n<td>Lesen Sie die Nutzungsbedingungen unserer Plattform sorgf\u00e4ltig durch und best\u00e4tigen Sie, dass Sie mindestens 18 Jahre alt sind.<\/td>\n<\/tr>\n<tr>\n<td>Best\u00e4tigen Sie die eingegebenen Daten.<\/td>\n<td>Klicken Sie am Ende des Anmeldeformulars auf \u201eAnmelden\u201c.<\/td>\n<\/tr>\n<\/tbody>\n<\/table>\n<p>Nachdem Sie die erforderlichen Schritte abgeschlossen haben, erhalten Sie eine Best\u00e4tigungs-E-Mail. Sp\u00e4ter werden wir Sie au\u00dferdem bitten, uns detailliertere pers\u00f6nliche Informationen wie Ihren vollst\u00e4ndigen Namen, Ihr Geburtsdatum und Ihre Telefonnummer mitzuteilen.<\/p>\n<h2>Erste Schritte mit dem Piperspin Konto<\/h2>\n<p>Der Abschluss des Piperspin-Anmeldeprozesses ist der einzige Schritt, der Sie davon trennt, \u00fcber 6.000 Titel zu spielen. Und dies ist nur einer von vielen Vorteilen. Wenn Sie angemeldet sind, k\u00f6nnen Sie alle Funktionen sehen und nutzen, die bei Piperspin Casino verf\u00fcgbar sind. Dies garantiert ein personalisierteres Erlebnis mit zus\u00e4tzlichen Einstellungen und Tools.<\/p>\n<p>In Ihrem Konto k\u00f6nnen Sie Ihre pers\u00f6nlichen Daten und Zahlungsdetails \u00e4ndern, die Zwei-Faktor-Authentifizierung einrichten, Tools f\u00fcr verantwortungsbewusstes Spielen aktivieren und Ihre Aktivit\u00e4ten bei Piperspin analysieren. Alles ist einfach und \u00fcbersichtlich gestaltet, damit Sie sich schnell zurechtfinden.<\/p>\n<p>Um auf Ihr Konto zuzugreifen, verwenden Sie einfach die E-Mail-Adresse und das Passwort, die Sie bei der Registrierung im Piperspin-Anmeldeformular angegeben haben. Bei Problemen k\u00f6nnen Sie sich jederzeit \u00fcber den Live-Chat oder per E-Mail an unseren Support wenden.<\/p>\n<h3>Passwort vergessen?<\/h3>\n<p>Jeder kann mal etwas vergessen, auch die Piperspin-Anmeldedaten. Wenn Sie Ihr Passwort vergessen haben, haben wir eine L\u00f6sung f\u00fcr Sie. Klicken Sie im Anmeldeformular auf den Link \u201ePasswort vergessen?\u201c und folgen Sie den Anweisungen. Wir senden Ihnen einen Link zum Zur\u00fccksetzen Ihres Passworts, damit Sie ein neues Passwort erstellen und es beim n\u00e4chsten Mal f\u00fcr den Zugriff auf Piperspin Casino verwenden k\u00f6nnen.<\/p>\n<h3>Piper Spin Casino: Sicherung und Verifizierung des Kontos<\/h3>\n<p>Die Sicherheit unserer Spieler hat bei Piperspin oberste Priorit\u00e4t. Als lizenzierte Online-Plattform befolgen wir alle notwendigen Regeln und Anforderungen, um Ihre Daten und Aktionen zu sch\u00fctzen. Aber auch jeder Nutzer kann mit den folgenden Ma\u00dfnahmen zu mehr Sicherheit beitragen:<\/p>\n<ul>\n<li>Erstellung eines sicheren Passworts durch Verwendung verschiedener Symboltypen<\/li>\n<li>Aktivieren Sie die Zwei-Faktor-Authentifizierung, um den Piperspin-Anmeldeprozess zus\u00e4tzlich zu sch\u00fctzen.<\/li>\n<li>Abschluss des Verifizierungsprozesses durch Hochladen von Dokumenten<\/li>\n<li>Sicherstellen, dass alle Ihre pers\u00f6nlichen Daten korrekt und echt sind<\/li>\n<\/ul>\n<h2>H\u00e4ufig gestellte Fragen<\/h2>\n<h3>Wie schlie\u00dfe ich den Kontoverifizierungsprozess ab?<\/h3>\n<p>Die \u00dcberpr\u00fcfung nimmt nicht viel Zeit in Anspruch. Nutzer m\u00fcssen lediglich bestimmte Dokumente auf die Plattform Piperspin Casino hochladen, und unsere Manager \u00fcberpr\u00fcfen diese innerhalb von 48 Stunden.<\/p>\n<h3>Wie aktualisiere ich mein Passwort oder meine E-Mail-Adresse?<\/h3>\n<p>In den Kontoeinstellungen k\u00f6nnen Sie jederzeit Ihre E-Mail-Adresse oder Ihr Passwort \u00e4ndern. Au\u00dferdem k\u00f6nnen die Zahlungsdaten aktualisiert oder durch zus\u00e4tzliche Angaben erg\u00e4nzt werden.<\/p>\n<h3>Was soll ich tun, wenn mein Konto gesperrt ist?<\/h3>\n<p>Wir senden unseren Kunden immer eine E-Mail mit zus\u00e4tzlichen Informationen zur Kontosperrung. Wenn Sie keine Nachricht von Piperspin Casino erhalten haben, wenden Sie sich bitte per Live-Chat oder E-Mail an unser Support-Team.<\/p>\n<h3>Wie kann ich mein Konto schlie\u00dfen oder vor\u00fcbergehend sperren?<\/h3>\n<p>Wenn Sie Ihr Konto vor\u00fcbergehend oder dauerhaft schlie\u00dfen m\u00f6chten, wenden Sie sich bitte an unsere mehrsprachigen Support-Manager. Diese werden eine kurze Umfrage durchf\u00fchren, um Ihre Gr\u00fcnde und Ihr Feedback zur Nutzung von Piperspin zu erfahren. Danach werden sie die notwendigen Schritte einleiten.<\/p>\n<\/div><\/div><\/p>\n","protected":false},"excerpt":{"rendered":"<p>Piperspin Anmeldung: Schnelle Registrierung und Kontoverwaltung Der Piperspin Login Prozess ist sowohl in der Desktop- als auch in der Mobilversion verf\u00fcgbar. Er dauert nur wenige Minuten, erm\u00f6glicht Ihnen jedoch den Zugriff auf die gesamte Plattform und ihre Funktionen. Sie ben\u00f6tigen lediglich Ihre E-Mail-Adresse und Ihr Passwort. Um die Sicherheit der Plattform zu gew\u00e4hrleisten, bitten wir [&hellip;]<\/p>\n","protected":false},"author":1,"featured_media":0,"parent":0,"menu_order":0,"comment_status":"closed","ping_status":"closed","template":"template-builder.php","meta":{"_acf_changed":false,"inline_featured_image":false,"footnotes":""},"class_list":["post-2204","page","type-page","status-publish","hentry"],"acf":[],"yoast_head":"<!-- This site is optimized with the Yoast SEO plugin v27.3 - https:\/\/yoast.com\/product\/yoast-seo-wordpress\/ -->\n<title>Piperspin Login \u2013 Registrieren und Konto verwalten<\/title>\n<meta name=\"description\" content=\"Erstellen, verwalten und \u00fcberpr\u00fcfen Sie Ihr Piperspin Casino-Konto ganz einfach mit schneller Registrierung, nahtloser Kontowiederherstellung und sicherer Kontoschlie\u00dfung, die Ihnen rund um die Uhr Schutz durch Piperspin Login gew\u00e4hrleistet.\" \/>\n<meta name=\"robots\" content=\"index, follow, max-snippet:-1, max-image-preview:large, max-video-preview:-1\" \/>\n<link rel=\"canonical\" href=\"https:\/\/piperspinuk.com\/de\/anmeldung-und-registrierung\/\" \/>\n<meta property=\"og:locale\" content=\"de_DE\" \/>\n<meta property=\"og:type\" content=\"article\" \/>\n<meta property=\"og:title\" content=\"Piperspin Login \u2013 Registrieren und Konto verwalten\" \/>\n<meta property=\"og:description\" content=\"Erstellen, verwalten und \u00fcberpr\u00fcfen Sie Ihr Piperspin Casino-Konto ganz einfach mit schneller Registrierung, nahtloser Kontowiederherstellung und sicherer Kontoschlie\u00dfung, die Ihnen rund um die Uhr Schutz durch Piperspin Login gew\u00e4hrleistet.\" \/>\n<meta property=\"og:url\" content=\"https:\/\/piperspinuk.com\/de\/anmeldung-und-registrierung\/\" \/>\n<meta property=\"og:site_name\" content=\"piperspin\" \/>\n<meta property=\"article:modified_time\" content=\"2025-12-23T10:21:29+00:00\" \/>\n<meta name=\"twitter:card\" content=\"summary_large_image\" \/>\n<meta name=\"twitter:label1\" content=\"Gesch\u00e4tzte Lesezeit\" \/>\n\t<meta name=\"twitter:data1\" content=\"1\u00a0Minute\" \/>\n<script type=\"application\/ld+json\" class=\"yoast-schema-graph\">{\"@context\":\"https:\\\/\\\/schema.org\",\"@graph\":[{\"@type\":\"WebPage\",\"@id\":\"https:\\\/\\\/piperspinuk.com\\\/de\\\/anmeldung-und-registrierung\\\/\",\"url\":\"https:\\\/\\\/piperspinuk.com\\\/de\\\/anmeldung-und-registrierung\\\/\",\"name\":\"Piperspin Login \u2013 Registrieren und Konto verwalten\",\"isPartOf\":{\"@id\":\"https:\\\/\\\/piperspinuk.com\\\/de\\\/#website\"},\"datePublished\":\"2025-12-16T06:51:32+00:00\",\"dateModified\":\"2025-12-23T10:21:29+00:00\",\"description\":\"Erstellen, verwalten und \u00fcberpr\u00fcfen Sie Ihr Piperspin Casino-Konto ganz einfach mit schneller Registrierung, nahtloser Kontowiederherstellung und sicherer Kontoschlie\u00dfung, die Ihnen rund um die Uhr Schutz durch Piperspin Login gew\u00e4hrleistet.\",\"breadcrumb\":{\"@id\":\"https:\\\/\\\/piperspinuk.com\\\/de\\\/anmeldung-und-registrierung\\\/#breadcrumb\"},\"inLanguage\":\"de\",\"potentialAction\":[{\"@type\":\"ReadAction\",\"target\":[\"https:\\\/\\\/piperspinuk.com\\\/de\\\/anmeldung-und-registrierung\\\/\"]}]},{\"@type\":\"BreadcrumbList\",\"@id\":\"https:\\\/\\\/piperspinuk.com\\\/de\\\/anmeldung-und-registrierung\\\/#breadcrumb\",\"itemListElement\":[{\"@type\":\"ListItem\",\"position\":1,\"name\":\"Piperspin\",\"item\":\"https:\\\/\\\/piperspinuk.com\\\/de\\\/\"},{\"@type\":\"ListItem\",\"position\":2,\"name\":\"Anmeldung und Registrierung\"}]},{\"@type\":\"WebSite\",\"@id\":\"https:\\\/\\\/piperspinuk.com\\\/de\\\/#website\",\"url\":\"https:\\\/\\\/piperspinuk.com\\\/de\\\/\",\"name\":\"Piperspin\",\"description\":\"\",\"publisher\":{\"@id\":\"https:\\\/\\\/piperspinuk.com\\\/de\\\/#organization\"},\"potentialAction\":[{\"@type\":\"SearchAction\",\"target\":{\"@type\":\"EntryPoint\",\"urlTemplate\":\"https:\\\/\\\/piperspinuk.com\\\/de\\\/?s={search_term_string}\"},\"query-input\":{\"@type\":\"PropertyValueSpecification\",\"valueRequired\":true,\"valueName\":\"search_term_string\"}}],\"inLanguage\":\"de\"},{\"@type\":\"Organization\",\"@id\":\"https:\\\/\\\/piperspinuk.com\\\/de\\\/#organization\",\"name\":\"Piperspin\",\"url\":\"https:\\\/\\\/piperspinuk.com\\\/de\\\/\",\"logo\":{\"@type\":\"ImageObject\",\"inLanguage\":\"de\",\"@id\":\"https:\\\/\\\/piperspinuk.com\\\/de\\\/#\\\/schema\\\/logo\\\/image\\\/\",\"url\":\"https:\\\/\\\/piperspinuk.com\\\/wp-content\\\/uploads\\\/2025\\\/04\\\/4ir4Uq6IWNCbsrt6V8kj.png\",\"contentUrl\":\"https:\\\/\\\/piperspinuk.com\\\/wp-content\\\/uploads\\\/2025\\\/04\\\/4ir4Uq6IWNCbsrt6V8kj.png\",\"width\":208,\"height\":49,\"caption\":\"Piperspin\"},\"image\":{\"@id\":\"https:\\\/\\\/piperspinuk.com\\\/de\\\/#\\\/schema\\\/logo\\\/image\\\/\"}}]}<\/script>\n<!-- \/ Yoast SEO plugin. -->","yoast_head_json":{"title":"Piperspin Login \u2013 Registrieren und Konto verwalten","description":"Erstellen, verwalten und \u00fcberpr\u00fcfen Sie Ihr Piperspin Casino-Konto ganz einfach mit schneller Registrierung, nahtloser Kontowiederherstellung und sicherer Kontoschlie\u00dfung, die Ihnen rund um die Uhr Schutz durch Piperspin Login gew\u00e4hrleistet.","robots":{"index":"index","follow":"follow","max-snippet":"max-snippet:-1","max-image-preview":"max-image-preview:large","max-video-preview":"max-video-preview:-1"},"canonical":"https:\/\/piperspinuk.com\/de\/anmeldung-und-registrierung\/","og_locale":"de_DE","og_type":"article","og_title":"Piperspin Login \u2013 Registrieren und Konto verwalten","og_description":"Erstellen, verwalten und \u00fcberpr\u00fcfen Sie Ihr Piperspin Casino-Konto ganz einfach mit schneller Registrierung, nahtloser Kontowiederherstellung und sicherer Kontoschlie\u00dfung, die Ihnen rund um die Uhr Schutz durch Piperspin Login gew\u00e4hrleistet.","og_url":"https:\/\/piperspinuk.com\/de\/anmeldung-und-registrierung\/","og_site_name":"piperspin","article_modified_time":"2025-12-23T10:21:29+00:00","twitter_card":"summary_large_image","twitter_misc":{"Gesch\u00e4tzte Lesezeit":"1\u00a0Minute"},"schema":{"@context":"https:\/\/schema.org","@graph":[{"@type":"WebPage","@id":"https:\/\/piperspinuk.com\/de\/anmeldung-und-registrierung\/","url":"https:\/\/piperspinuk.com\/de\/anmeldung-und-registrierung\/","name":"Piperspin Login \u2013 Registrieren und Konto verwalten","isPartOf":{"@id":"https:\/\/piperspinuk.com\/de\/#website"},"datePublished":"2025-12-16T06:51:32+00:00","dateModified":"2025-12-23T10:21:29+00:00","description":"Erstellen, verwalten und \u00fcberpr\u00fcfen Sie Ihr Piperspin Casino-Konto ganz einfach mit schneller Registrierung, nahtloser Kontowiederherstellung und sicherer Kontoschlie\u00dfung, die Ihnen rund um die Uhr Schutz durch Piperspin Login gew\u00e4hrleistet.","breadcrumb":{"@id":"https:\/\/piperspinuk.com\/de\/anmeldung-und-registrierung\/#breadcrumb"},"inLanguage":"de","potentialAction":[{"@type":"ReadAction","target":["https:\/\/piperspinuk.com\/de\/anmeldung-und-registrierung\/"]}]},{"@type":"BreadcrumbList","@id":"https:\/\/piperspinuk.com\/de\/anmeldung-und-registrierung\/#breadcrumb","itemListElement":[{"@type":"ListItem","position":1,"name":"Piperspin","item":"https:\/\/piperspinuk.com\/de\/"},{"@type":"ListItem","position":2,"name":"Anmeldung und Registrierung"}]},{"@type":"WebSite","@id":"https:\/\/piperspinuk.com\/de\/#website","url":"https:\/\/piperspinuk.com\/de\/","name":"Piperspin","description":"","publisher":{"@id":"https:\/\/piperspinuk.com\/de\/#organization"},"potentialAction":[{"@type":"SearchAction","target":{"@type":"EntryPoint","urlTemplate":"https:\/\/piperspinuk.com\/de\/?s={search_term_string}"},"query-input":{"@type":"PropertyValueSpecification","valueRequired":true,"valueName":"search_term_string"}}],"inLanguage":"de"},{"@type":"Organization","@id":"https:\/\/piperspinuk.com\/de\/#organization","name":"Piperspin","url":"https:\/\/piperspinuk.com\/de\/","logo":{"@type":"ImageObject","inLanguage":"de","@id":"https:\/\/piperspinuk.com\/de\/#\/schema\/logo\/image\/","url":"https:\/\/piperspinuk.com\/wp-content\/uploads\/2025\/04\/4ir4Uq6IWNCbsrt6V8kj.png","contentUrl":"https:\/\/piperspinuk.com\/wp-content\/uploads\/2025\/04\/4ir4Uq6IWNCbsrt6V8kj.png","width":208,"height":49,"caption":"Piperspin"},"image":{"@id":"https:\/\/piperspinuk.com\/de\/#\/schema\/logo\/image\/"}}]}},"_links":{"self":[{"href":"https:\/\/piperspinuk.com\/de\/wp-json\/wp\/v2\/pages\/2204","targetHints":{"allow":["GET"]}}],"collection":[{"href":"https:\/\/piperspinuk.com\/de\/wp-json\/wp\/v2\/pages"}],"about":[{"href":"https:\/\/piperspinuk.com\/de\/wp-json\/wp\/v2\/types\/page"}],"author":[{"embeddable":true,"href":"https:\/\/piperspinuk.com\/de\/wp-json\/wp\/v2\/users\/1"}],"replies":[{"embeddable":true,"href":"https:\/\/piperspinuk.com\/de\/wp-json\/wp\/v2\/comments?post=2204"}],"version-history":[{"count":2,"href":"https:\/\/piperspinuk.com\/de\/wp-json\/wp\/v2\/pages\/2204\/revisions"}],"predecessor-version":[{"id":2255,"href":"https:\/\/piperspinuk.com\/de\/wp-json\/wp\/v2\/pages\/2204\/revisions\/2255"}],"wp:attachment":[{"href":"https:\/\/piperspinuk.com\/de\/wp-json\/wp\/v2\/media?parent=2204"}],"curies":[{"name":"wp","href":"https:\/\/api.w.org\/{rel}","templated":true}]}}