{"id":2183,"date":"2024-10-27T13:48:15","date_gmt":"2024-10-27T11:48:15","guid":{"rendered":"https:\/\/piperspinuk.com\/contact\/"},"modified":"2025-12-23T12:29:54","modified_gmt":"2025-12-23T10:29:54","slug":"kontakt","status":"publish","type":"page","link":"https:\/\/piperspinuk.com\/de\/kontakt\/","title":{"rendered":"Kontakt"},"content":{"rendered":"<h1>Kontaktieren Sie uns<\/h1>\n<p class=\"wpcf7-contact-form-not-found\"><strong>Fehler:<\/strong> Kontaktformular wurde nicht gefunden.<\/p>\n","protected":false},"excerpt":{"rendered":"<p>Kontaktieren Sie uns<\/p>\n","protected":false},"author":1,"featured_media":0,"parent":0,"menu_order":0,"comment_status":"closed","ping_status":"closed","template":"template-builder.php","meta":{"_acf_changed":false,"inline_featured_image":false,"footnotes":""},"class_list":["post-2183","page","type-page","status-publish","hentry"],"acf":[],"yoast_head":"<!-- This site is optimized with the Yoast SEO plugin v27.3 - https:\/\/yoast.com\/product\/yoast-seo-wordpress\/ -->\n<title>Kontaktieren Sie uns<\/title>\n<meta name=\"description\" content=\"Kontaktieren Sie uns bei Fragen oder f\u00fcr Unterst\u00fctzung. F\u00fcllen Sie das Formular aus, und unser Support-Team wird sich umgehend mit Ihnen in Verbindung setzen, um Ihre Anliegen zu kl\u00e4ren.\" \/>\n<meta name=\"robots\" content=\"index, follow, max-snippet:-1, max-image-preview:large, max-video-preview:-1\" \/>\n<link rel=\"canonical\" href=\"https:\/\/piperspinuk.com\/de\/kontakt\/\" \/>\n<meta property=\"og:locale\" content=\"de_DE\" \/>\n<meta property=\"og:type\" content=\"article\" \/>\n<meta property=\"og:title\" content=\"Kontaktieren Sie uns\" \/>\n<meta property=\"og:description\" content=\"Kontaktieren Sie uns bei Fragen oder f\u00fcr Unterst\u00fctzung. F\u00fcllen Sie das Formular aus, und unser Support-Team wird sich umgehend mit Ihnen in Verbindung setzen, um Ihre Anliegen zu kl\u00e4ren.\" \/>\n<meta property=\"og:url\" content=\"https:\/\/piperspinuk.com\/de\/kontakt\/\" \/>\n<meta property=\"og:site_name\" content=\"piperspin\" \/>\n<meta property=\"article:modified_time\" content=\"2025-12-23T10:29:54+00:00\" \/>\n<meta name=\"twitter:card\" content=\"summary_large_image\" \/>\n<meta name=\"twitter:label1\" content=\"Gesch\u00e4tzte Lesezeit\" \/>\n\t<meta name=\"twitter:data1\" content=\"1\u00a0Minute\" \/>\n<script type=\"application\/ld+json\" class=\"yoast-schema-graph\">{\"@context\":\"https:\\\/\\\/schema.org\",\"@graph\":[{\"@type\":\"WebPage\",\"@id\":\"https:\\\/\\\/piperspinuk.com\\\/de\\\/kontakt\\\/\",\"url\":\"https:\\\/\\\/piperspinuk.com\\\/de\\\/kontakt\\\/\",\"name\":\"Kontaktieren Sie uns\",\"isPartOf\":{\"@id\":\"https:\\\/\\\/piperspinuk.com\\\/de\\\/#website\"},\"datePublished\":\"2024-10-27T11:48:15+00:00\",\"dateModified\":\"2025-12-23T10:29:54+00:00\",\"description\":\"Kontaktieren Sie uns bei Fragen oder f\u00fcr Unterst\u00fctzung. F\u00fcllen Sie das Formular aus, und unser Support-Team wird sich umgehend mit Ihnen in Verbindung setzen, um Ihre Anliegen zu kl\u00e4ren.\",\"breadcrumb\":{\"@id\":\"https:\\\/\\\/piperspinuk.com\\\/de\\\/kontakt\\\/#breadcrumb\"},\"inLanguage\":\"de\",\"potentialAction\":[{\"@type\":\"ReadAction\",\"target\":[\"https:\\\/\\\/piperspinuk.com\\\/de\\\/kontakt\\\/\"]}]},{\"@type\":\"BreadcrumbList\",\"@id\":\"https:\\\/\\\/piperspinuk.com\\\/de\\\/kontakt\\\/#breadcrumb\",\"itemListElement\":[{\"@type\":\"ListItem\",\"position\":1,\"name\":\"Piperspin\",\"item\":\"https:\\\/\\\/piperspinuk.com\\\/de\\\/\"},{\"@type\":\"ListItem\",\"position\":2,\"name\":\"Kontakt\"}]},{\"@type\":\"WebSite\",\"@id\":\"https:\\\/\\\/piperspinuk.com\\\/de\\\/#website\",\"url\":\"https:\\\/\\\/piperspinuk.com\\\/de\\\/\",\"name\":\"Piperspin\",\"description\":\"\",\"publisher\":{\"@id\":\"https:\\\/\\\/piperspinuk.com\\\/de\\\/#organization\"},\"potentialAction\":[{\"@type\":\"SearchAction\",\"target\":{\"@type\":\"EntryPoint\",\"urlTemplate\":\"https:\\\/\\\/piperspinuk.com\\\/de\\\/?s={search_term_string}\"},\"query-input\":{\"@type\":\"PropertyValueSpecification\",\"valueRequired\":true,\"valueName\":\"search_term_string\"}}],\"inLanguage\":\"de\"},{\"@type\":\"Organization\",\"@id\":\"https:\\\/\\\/piperspinuk.com\\\/de\\\/#organization\",\"name\":\"Piperspin\",\"url\":\"https:\\\/\\\/piperspinuk.com\\\/de\\\/\",\"logo\":{\"@type\":\"ImageObject\",\"inLanguage\":\"de\",\"@id\":\"https:\\\/\\\/piperspinuk.com\\\/de\\\/#\\\/schema\\\/logo\\\/image\\\/\",\"url\":\"https:\\\/\\\/piperspinuk.com\\\/wp-content\\\/uploads\\\/2025\\\/04\\\/4ir4Uq6IWNCbsrt6V8kj.png\",\"contentUrl\":\"https:\\\/\\\/piperspinuk.com\\\/wp-content\\\/uploads\\\/2025\\\/04\\\/4ir4Uq6IWNCbsrt6V8kj.png\",\"width\":208,\"height\":49,\"caption\":\"Piperspin\"},\"image\":{\"@id\":\"https:\\\/\\\/piperspinuk.com\\\/de\\\/#\\\/schema\\\/logo\\\/image\\\/\"}}]}<\/script>\n<!-- \/ Yoast SEO plugin. -->","yoast_head_json":{"title":"Kontaktieren Sie uns","description":"Kontaktieren Sie uns bei Fragen oder f\u00fcr Unterst\u00fctzung. F\u00fcllen Sie das Formular aus, und unser Support-Team wird sich umgehend mit Ihnen in Verbindung setzen, um Ihre Anliegen zu kl\u00e4ren.","robots":{"index":"index","follow":"follow","max-snippet":"max-snippet:-1","max-image-preview":"max-image-preview:large","max-video-preview":"max-video-preview:-1"},"canonical":"https:\/\/piperspinuk.com\/de\/kontakt\/","og_locale":"de_DE","og_type":"article","og_title":"Kontaktieren Sie uns","og_description":"Kontaktieren Sie uns bei Fragen oder f\u00fcr Unterst\u00fctzung. F\u00fcllen Sie das Formular aus, und unser Support-Team wird sich umgehend mit Ihnen in Verbindung setzen, um Ihre Anliegen zu kl\u00e4ren.","og_url":"https:\/\/piperspinuk.com\/de\/kontakt\/","og_site_name":"piperspin","article_modified_time":"2025-12-23T10:29:54+00:00","twitter_card":"summary_large_image","twitter_misc":{"Gesch\u00e4tzte Lesezeit":"1\u00a0Minute"},"schema":{"@context":"https:\/\/schema.org","@graph":[{"@type":"WebPage","@id":"https:\/\/piperspinuk.com\/de\/kontakt\/","url":"https:\/\/piperspinuk.com\/de\/kontakt\/","name":"Kontaktieren Sie uns","isPartOf":{"@id":"https:\/\/piperspinuk.com\/de\/#website"},"datePublished":"2024-10-27T11:48:15+00:00","dateModified":"2025-12-23T10:29:54+00:00","description":"Kontaktieren Sie uns bei Fragen oder f\u00fcr Unterst\u00fctzung. F\u00fcllen Sie das Formular aus, und unser Support-Team wird sich umgehend mit Ihnen in Verbindung setzen, um Ihre Anliegen zu kl\u00e4ren.","breadcrumb":{"@id":"https:\/\/piperspinuk.com\/de\/kontakt\/#breadcrumb"},"inLanguage":"de","potentialAction":[{"@type":"ReadAction","target":["https:\/\/piperspinuk.com\/de\/kontakt\/"]}]},{"@type":"BreadcrumbList","@id":"https:\/\/piperspinuk.com\/de\/kontakt\/#breadcrumb","itemListElement":[{"@type":"ListItem","position":1,"name":"Piperspin","item":"https:\/\/piperspinuk.com\/de\/"},{"@type":"ListItem","position":2,"name":"Kontakt"}]},{"@type":"WebSite","@id":"https:\/\/piperspinuk.com\/de\/#website","url":"https:\/\/piperspinuk.com\/de\/","name":"Piperspin","description":"","publisher":{"@id":"https:\/\/piperspinuk.com\/de\/#organization"},"potentialAction":[{"@type":"SearchAction","target":{"@type":"EntryPoint","urlTemplate":"https:\/\/piperspinuk.com\/de\/?s={search_term_string}"},"query-input":{"@type":"PropertyValueSpecification","valueRequired":true,"valueName":"search_term_string"}}],"inLanguage":"de"},{"@type":"Organization","@id":"https:\/\/piperspinuk.com\/de\/#organization","name":"Piperspin","url":"https:\/\/piperspinuk.com\/de\/","logo":{"@type":"ImageObject","inLanguage":"de","@id":"https:\/\/piperspinuk.com\/de\/#\/schema\/logo\/image\/","url":"https:\/\/piperspinuk.com\/wp-content\/uploads\/2025\/04\/4ir4Uq6IWNCbsrt6V8kj.png","contentUrl":"https:\/\/piperspinuk.com\/wp-content\/uploads\/2025\/04\/4ir4Uq6IWNCbsrt6V8kj.png","width":208,"height":49,"caption":"Piperspin"},"image":{"@id":"https:\/\/piperspinuk.com\/de\/#\/schema\/logo\/image\/"}}]}},"_links":{"self":[{"href":"https:\/\/piperspinuk.com\/de\/wp-json\/wp\/v2\/pages\/2183","targetHints":{"allow":["GET"]}}],"collection":[{"href":"https:\/\/piperspinuk.com\/de\/wp-json\/wp\/v2\/pages"}],"about":[{"href":"https:\/\/piperspinuk.com\/de\/wp-json\/wp\/v2\/types\/page"}],"author":[{"embeddable":true,"href":"https:\/\/piperspinuk.com\/de\/wp-json\/wp\/v2\/users\/1"}],"replies":[{"embeddable":true,"href":"https:\/\/piperspinuk.com\/de\/wp-json\/wp\/v2\/comments?post=2183"}],"version-history":[{"count":1,"href":"https:\/\/piperspinuk.com\/de\/wp-json\/wp\/v2\/pages\/2183\/revisions"}],"predecessor-version":[{"id":2258,"href":"https:\/\/piperspinuk.com\/de\/wp-json\/wp\/v2\/pages\/2183\/revisions\/2258"}],"wp:attachment":[{"href":"https:\/\/piperspinuk.com\/de\/wp-json\/wp\/v2\/media?parent=2183"}],"curies":[{"name":"wp","href":"https:\/\/api.w.org\/{rel}","templated":true}]}}