{"id":2176,"date":"2025-12-16T09:02:52","date_gmt":"2025-12-16T07:02:52","guid":{"rendered":"https:\/\/piperspinuk.com\/bonus\/"},"modified":"2025-12-23T12:28:00","modified_gmt":"2025-12-23T10:28:00","slug":"aktionen","status":"publish","type":"page","link":"https:\/\/piperspinuk.com\/de\/aktionen\/","title":{"rendered":"Aktionen"},"content":{"rendered":"<h1>Piperspin Bonusangebote und Pr\u00e4mien<\/h1>\n<p>Das Piperspin Bonus System wurde f\u00fcr alle unsere neuen und regelm\u00e4\u00dfigen Nutzer entwickelt. Wir sind sicher, dass jeder etwas nach seinem Geschmack und Budget finden kann. In unserem Angebot haben wir ein Willkommenspaket, w\u00f6chentliches Cashback, ein Rakeback-Angebot und vieles mehr. Dar\u00fcber hinaus k\u00f6nnen Sie an spannenden Turnieren teilnehmen oder exklusive Aktionen im Treueprogramm nutzen.<\/p>\n<p><div class=\"banner-wrap\"><img decoding=\"async\" src=\"https:\/\/piperspinuk.com\/wp-content\/uploads\/2025\/12\/TOwKZNmxqjNhxfrdqEkN.webp\" class=\"w-100 d-none d-lg-block img-pc main-banner-img\" alt=\"Piperspin desktop banner\"><img decoding=\"async\" src=\"https:\/\/piperspinuk.com\/wp-content\/uploads\/2025\/12\/Piperspin-mobile-banner.webp\" class=\"w-100 d-none d-md-block d-lg-none main-banner-img\" alt=\"Piperspin mobile banner\"><img decoding=\"async\" src=\"https:\/\/piperspinuk.com\/wp-content\/uploads\/2025\/12\/Piperspin-mobile-banner.webp\" class=\"w-100 d-md-none\" alt=\"Piperspin mobile banner\"><div class=\"banner-description\">\n<div class=\"banner-title\">Willkommensboni<\/div>\n<p class=\"banner-header-title\">1500 \u20ac<\/p>\n<div class=\"banner-header-AdditionalText\">+ 250 Freispiele<\/div>\n<button data-item=\"homepage_banner_link\" class=\"goto m-button m-gradient-border m-button--primary m-button--large banner-button btn-orange\">\n            <div class=\"m-button-content\">\n                <span>Jetzt anmelden<\/span>\n                <span><\/span>\n            <\/div>\n        <\/button>\n<\/div>\n<div class=\"WelcomePack\">\n<p><img loading=\"lazy\" decoding=\"async\" class=\"alignnone size-full wp-image-805\" src=\"https:\/\/piperspinuk.com\/wp-content\/uploads\/2025\/12\/welcome-crown.svg\" alt=\"crown\" width=\"25\" height=\"26\" \/><\/p>\n<div class=\"WelcomePack-Info\">W\u00f6chentlicher Cashback von bis zu 25 %<\/div>\n<p><img loading=\"lazy\" decoding=\"async\" class=\"alignnone size-full wp-image-805\" src=\"https:\/\/piperspinuk.com\/wp-content\/uploads\/2025\/12\/welcome-crown.svg\" alt=\"crown\" width=\"25\" height=\"26\" \/><\/p>\n<\/div>\n<\/div><div class=\"promotions-wrap\"><div class=\"promotion-card\" style=\"background-image: url(https:\/\/piperspinuk.com\/wp-content\/uploads\/2025\/12\/Piperspin-first-deposit.webp);\"><h2 class=\"promotion-card__title\">Ersteinzahlungsaktion<\/h2><label class=\"promotion-card__offer\">100 % Bonus bis zu 500 \u20ac und 150 Freispiele<\/label><label class=\"promotion-card__description\"><\/label><div class=\"promotion-card__actions\"><button data-item=\"payments_link\" data-group=\"website_links\" class=\"goto btn btn-orange rounded-pill fw-bold px-4 m-button m-gradient-border m-button--primary m-button--large promotion-button promotion-card__action-btn\"><div class=\"m-button-content\"><span class=\"promotion-button__content\">Anmelden<\/span><\/div><\/button><button data-item=\"http:\/\/bonus_link\" data-group=\"website_links\" class=\"goto m-button m-gradient-border m-button--secondary m-button--medium promotion-card__info-btn\"><div class=\"m-button-content\"><svg viewBox=\"0 0 24 24\" fill=\"none\" xmlns=\"http:\/\/www.w3.org\/2000\/svg\" class=\"m-icon m-icon-loadable\" name=\"Attention\" loading=\"false\"><path d=\"M12 22C6.477 22 2 17.522 2 12S6.477 2 12 2s10 4.478 10 10-4.477 10-10 10m-.002-13.004a.999.999 0 1 0 0-1.997.999.999 0 0 0 0 1.997M12 17a1 1 0 0 0 .993-.884L13 16l-.002-5.001-.007-.117a1 1 0 0 0-1.986 0l-.007.117L11 16l.007.117A1 1 0 0 0 12 17\" fill=\"currentColor\"><\/path><\/svg><\/div><\/button><\/div><\/div><div class=\"promotion-card\" style=\"background-image: url(https:\/\/piperspinuk.com\/wp-content\/uploads\/2025\/12\/Piperspin-second-deposit.webp);\"><h2 class=\"promotion-card__title\">2. Einzahlungsaktion<\/h2><label class=\"promotion-card__offer\">55 % Bonus bis zu 500 \u20ac plus 100 Freispiele<\/label><label class=\"promotion-card__description\"><\/label><div class=\"promotion-card__actions\"><button data-item=\"payments_link\" data-group=\"website_links\" class=\"goto btn btn-orange rounded-pill fw-bold px-4 m-button m-gradient-border m-button--primary m-button--large promotion-button promotion-card__action-btn\"><div class=\"m-button-content\"><span class=\"promotion-button__content\">Anmelden<\/span><\/div><\/button><button data-item=\"http:\/\/bonus_link\" data-group=\"website_links\" class=\"goto m-button m-gradient-border m-button--secondary m-button--medium promotion-card__info-btn\"><div class=\"m-button-content\"><svg viewBox=\"0 0 24 24\" fill=\"none\" xmlns=\"http:\/\/www.w3.org\/2000\/svg\" class=\"m-icon m-icon-loadable\" name=\"Attention\" loading=\"false\"><path d=\"M12 22C6.477 22 2 17.522 2 12S6.477 2 12 2s10 4.478 10 10-4.477 10-10 10m-.002-13.004a.999.999 0 1 0 0-1.997.999.999 0 0 0 0 1.997M12 17a1 1 0 0 0 .993-.884L13 16l-.002-5.001-.007-.117a1 1 0 0 0-1.986 0l-.007.117L11 16l.007.117A1 1 0 0 0 12 17\" fill=\"currentColor\"><\/path><\/svg><\/div><\/button><\/div><\/div><div class=\"promotion-card\" style=\"background-image: url(https:\/\/piperspinuk.com\/wp-content\/uploads\/2025\/12\/Piperspin-third-deposit.webp);\"><h2 class=\"promotion-card__title\">3. Einzahlungsaktion<\/h2><label class=\"promotion-card__offer\">100 % Bonus bis zu 500 \u20ac<\/label><label class=\"promotion-card__description\"><\/label><div class=\"promotion-card__actions\"><button data-item=\"payments_link\" data-group=\"website_links\" class=\"goto btn btn-orange rounded-pill fw-bold px-4 m-button m-gradient-border m-button--primary m-button--large promotion-button promotion-card__action-btn\"><div class=\"m-button-content\"><span class=\"promotion-button__content\">Anmelden<\/span><\/div><\/button><button data-item=\"http:\/\/bonus_link\" data-group=\"website_links\" class=\"goto m-button m-gradient-border m-button--secondary m-button--medium promotion-card__info-btn\"><div class=\"m-button-content\"><svg viewBox=\"0 0 24 24\" fill=\"none\" xmlns=\"http:\/\/www.w3.org\/2000\/svg\" class=\"m-icon m-icon-loadable\" name=\"Attention\" loading=\"false\"><path d=\"M12 22C6.477 22 2 17.522 2 12S6.477 2 12 2s10 4.478 10 10-4.477 10-10 10m-.002-13.004a.999.999 0 1 0 0-1.997.999.999 0 0 0 0 1.997M12 17a1 1 0 0 0 .993-.884L13 16l-.002-5.001-.007-.117a1 1 0 0 0-1.986 0l-.007.117L11 16l.007.117A1 1 0 0 0 12 17\" fill=\"currentColor\"><\/path><\/svg><\/div><\/button><\/div><\/div><div class=\"promotion-card\" style=\"background-image: url(https:\/\/piperspinuk.com\/wp-content\/uploads\/2025\/12\/Piperspin-Highroller.webp);\"><h2 class=\"promotion-card__title\">Highroller-Bonus<\/h2><label class=\"promotion-card__offer\">50 % bis zu 500 \u20ac<\/label><label class=\"promotion-card__description\"><\/label><div class=\"promotion-card__actions\"><button data-item=\"payments_link\" data-group=\"website_links\" class=\"goto btn btn-orange rounded-pill fw-bold px-4 m-button m-gradient-border m-button--primary m-button--large promotion-button promotion-card__action-btn\"><div class=\"m-button-content\"><span class=\"promotion-button__content\">Anmelden<\/span><\/div><\/button><button data-item=\"http:\/\/bonus_link\" data-group=\"website_links\" class=\"goto m-button m-gradient-border m-button--secondary m-button--medium promotion-card__info-btn\"><div class=\"m-button-content\"><svg viewBox=\"0 0 24 24\" fill=\"none\" xmlns=\"http:\/\/www.w3.org\/2000\/svg\" class=\"m-icon m-icon-loadable\" name=\"Attention\" loading=\"false\"><path d=\"M12 22C6.477 22 2 17.522 2 12S6.477 2 12 2s10 4.478 10 10-4.477 10-10 10m-.002-13.004a.999.999 0 1 0 0-1.997.999.999 0 0 0 0 1.997M12 17a1 1 0 0 0 .993-.884L13 16l-.002-5.001-.007-.117a1 1 0 0 0-1.986 0l-.007.117L11 16l.007.117A1 1 0 0 0 12 17\" fill=\"currentColor\"><\/path><\/svg><\/div><\/button><\/div><\/div><div class=\"promotion-card\" style=\"background-image: url(https:\/\/piperspinuk.com\/wp-content\/uploads\/2025\/12\/Piperspin-cashback.webp);\"><h2 class=\"promotion-card__title\">W\u00f6chentlicher Cashback<\/h2><label class=\"promotion-card__offer\">bis zu 25%<\/label><label class=\"promotion-card__description\"><\/label><div class=\"promotion-card__actions\"><button data-item=\"payments_link\" data-group=\"website_links\" class=\"goto btn btn-orange rounded-pill fw-bold px-4 m-button m-gradient-border m-button--primary m-button--large promotion-button promotion-card__action-btn\"><div class=\"m-button-content\"><span class=\"promotion-button__content\">Anmelden<\/span><\/div><\/button><button data-item=\"http:\/\/bonus_link\" data-group=\"website_links\" class=\"goto m-button m-gradient-border m-button--secondary m-button--medium promotion-card__info-btn\"><div class=\"m-button-content\"><svg viewBox=\"0 0 24 24\" fill=\"none\" xmlns=\"http:\/\/www.w3.org\/2000\/svg\" class=\"m-icon m-icon-loadable\" name=\"Attention\" loading=\"false\"><path d=\"M12 22C6.477 22 2 17.522 2 12S6.477 2 12 2s10 4.478 10 10-4.477 10-10 10m-.002-13.004a.999.999 0 1 0 0-1.997.999.999 0 0 0 0 1.997M12 17a1 1 0 0 0 .993-.884L13 16l-.002-5.001-.007-.117a1 1 0 0 0-1.986 0l-.007.117L11 16l.007.117A1 1 0 0 0 12 17\" fill=\"currentColor\"><\/path><\/svg><\/div><\/button><\/div><\/div><div class=\"promotion-card\" style=\"background-image: url(https:\/\/piperspinuk.com\/wp-content\/uploads\/2025\/12\/Piperspin-Rakeback.webp);\"><h2 class=\"promotion-card__title\">Rakeback<\/h2><label class=\"promotion-card__offer\">bis zu 17%<\/label><label class=\"promotion-card__description\"><\/label><div class=\"promotion-card__actions\"><button data-item=\"payments_link\" data-group=\"website_links\" class=\"goto btn btn-orange rounded-pill fw-bold px-4 m-button m-gradient-border m-button--primary m-button--large promotion-button promotion-card__action-btn\"><div class=\"m-button-content\"><span class=\"promotion-button__content\">Anmelden<\/span><\/div><\/button><button data-item=\"http:\/\/bonus_link\" data-group=\"website_links\" class=\"goto m-button m-gradient-border m-button--secondary m-button--medium promotion-card__info-btn\"><div class=\"m-button-content\"><svg viewBox=\"0 0 24 24\" fill=\"none\" xmlns=\"http:\/\/www.w3.org\/2000\/svg\" class=\"m-icon m-icon-loadable\" name=\"Attention\" loading=\"false\"><path d=\"M12 22C6.477 22 2 17.522 2 12S6.477 2 12 2s10 4.478 10 10-4.477 10-10 10m-.002-13.004a.999.999 0 1 0 0-1.997.999.999 0 0 0 0 1.997M12 17a1 1 0 0 0 .993-.884L13 16l-.002-5.001-.007-.117a1 1 0 0 0-1.986 0l-.007.117L11 16l.007.117A1 1 0 0 0 12 17\" fill=\"currentColor\"><\/path><\/svg><\/div><\/button><\/div><\/div><div class=\"promotion-card\" style=\"background-image: url(https:\/\/piperspinuk.com\/wp-content\/uploads\/2025\/12\/Piperspin-sunday-reload.webp);\"><h2 class=\"promotion-card__title\">Sonntags-Reload<\/h2><label class=\"promotion-card__offer\">25 % bis zu 100 \u20ac<\/label><label class=\"promotion-card__description\"><\/label><div class=\"promotion-card__actions\"><button data-item=\"payments_link\" data-group=\"website_links\" class=\"goto btn btn-orange rounded-pill fw-bold px-4 m-button m-gradient-border m-button--primary m-button--large promotion-button promotion-card__action-btn\"><div class=\"m-button-content\"><span class=\"promotion-button__content\">Anmelden<\/span><\/div><\/button><button data-item=\"http:\/\/bonus_link\" data-group=\"website_links\" class=\"goto m-button m-gradient-border m-button--secondary m-button--medium promotion-card__info-btn\"><div class=\"m-button-content\"><svg viewBox=\"0 0 24 24\" fill=\"none\" xmlns=\"http:\/\/www.w3.org\/2000\/svg\" class=\"m-icon m-icon-loadable\" name=\"Attention\" loading=\"false\"><path d=\"M12 22C6.477 22 2 17.522 2 12S6.477 2 12 2s10 4.478 10 10-4.477 10-10 10m-.002-13.004a.999.999 0 1 0 0-1.997.999.999 0 0 0 0 1.997M12 17a1 1 0 0 0 .993-.884L13 16l-.002-5.001-.007-.117a1 1 0 0 0-1.986 0l-.007.117L11 16l.007.117A1 1 0 0 0 12 17\" fill=\"currentColor\"><\/path><\/svg><\/div><\/button><\/div><\/div><\/div><div class=\"scrollable-content-wrap my-5\"><div class=\"scrollable-content-inner\"><h2>Exklusive Sonderangebote<\/h2>\n<p>Es gibt viele M\u00f6glichkeiten, Ihre Gewinne bei Piperspin Casino zu steigern. Dazu geh\u00f6rt auch unsere coole Promotionssammlung. Wir haben Angebote sowohl f\u00fcr neue als auch f\u00fcr Stammkunden. Je nach Art des Piperspin-Bonus erhalten Sie Freispiele, zus\u00e4tzliches Guthaben, Cashback oder exklusive Pr\u00e4mien.<\/p>\n<p>Die Reise bei Piper Spin beginnt mit dem Willkommensangebot, bei dem Sie bis zu 1.500 \u20ac + 250 Freispiele erhalten. Das ist eine gro\u00dfartige Chance f\u00fcr einen spannenden Start und ein l\u00e4ngeres Spielerlebnis. Wenn Sie jedoch Stammkunde sind, haben Sie Zugang zu noch mehr Aktionen. Die derzeit verf\u00fcgbaren Optionen sind unten aufgef\u00fchrt:<\/p>\n<ul>\n<li>W\u00f6chentlicher Cashback von bis zu 25 %<\/li>\n<li>Rakeback-System bis zu 17 % (monatlich, w\u00f6chentlich oder t\u00e4glich)<\/li>\n<li>Highroller-Bonus 50 % bis zu 500 \u20ac<\/li>\n<li>Sonntag-Reload 25 % bis zu 100 \u20ac<\/li>\n<\/ul>\n<h3>Maximieren Sie Ihre Pr\u00e4mien mit dem VIP-Club<\/h3>\n<p>Die aktivsten Nutzer k\u00f6nnen dem VIP-Club beitreten. Dies ist eine einzigartige Gelegenheit, Zugang zu exklusiven Piperspin-Bonusoptionen, h\u00f6heren Cashbacks, Einladungen zu privaten Gl\u00fccksspielveranstaltungen und vielem mehr zu erhalten. Ihre Treue ist uns wichtig, und wir m\u00f6chten diejenigen belohnen, die sich immer wieder f\u00fcr uns entscheiden.<\/p>\n<p>Das VIP-Programm ist mehrstufig, wobei die Pr\u00e4mien mit jeder Stufe steigen. Um VIP-Mitglied zu werden, spielen Sie einfach aktiv und nehmen Sie an Veranstaltungen und Aktivit\u00e4ten teil. Das Team von Piperspin Casino sendet Ihnen automatisch eine Einladung.<\/p>\n<h2>Starten Sie mit dem Piperspin Willkommensangebot<\/h2>\n<p>Wenn Sie sich f\u00fcr ein Online-Casino entscheiden, sollten Sie sich Piperspin ansehen, schon allein wegen seines coolen Willkommenspakets. Es steht allen neuen Kunden zur Verf\u00fcgung, die die Registrierung abschlie\u00dfen und ihre erste Einzahlung t\u00e4tigen. Sie haben die Chance, bis zu 1.500 \u20ac + 250 Freispiele zu erhalten.<\/p>\n<p>Der Piper Spin Bonus f\u00fcr Neukunden wird auf die ersten drei Einzahlungen aufgeteilt. Bei Ihrer ersten Einzahlung erhalten Sie 100 % bis zu 500 \u20ac und 150 Freispiele. Bei der zweiten Einzahlung erhalten Sie 55 % bis zu 500 \u20ac und 100 Freispiele. Bei der dritten Einzahlung erhalten Sie schlie\u00dflich einen ebenso beeindruckenden Preis in H\u00f6he von 500 \u20ac.<\/p>\n<p>Um das Angebot Piperspin-Bonus zu aktivieren, m\u00fcssen Sie mindestens 20 \u20ac einzahlen. Nach der Aktivierung ist die Aktion 7 Tage lang verf\u00fcgbar. Danach m\u00fcssen Sie den Bonusbetrag mindestens 35-mal umsetzen, um die Gewinne auszahlen zu k\u00f6nnen.<\/p>\n<h2>Piper Spin Wettkampfturniere<\/h2>\n<p>Bei Piperspin ber\u00fccksichtigen wir die W\u00fcnsche und Vorlieben aller unserer Nutzer. Wenn Sie Spa\u00df am Wettbewerb haben, ist der Turnierbereich genau das Richtige f\u00fcr Sie. Hier k\u00f6nnen Sie Ihre Lieblingsspiele genie\u00dfen, Punkte sammeln und Millionen von Euro gewinnen. Au\u00dferdem haben Sie die M\u00f6glichkeit, sich in der Rangliste zu platzieren.<\/p>\n<p>Das Hauptereignis ist das Spinoleague-Turnier, ideal f\u00fcr Spinomenal-Slot-Spieler. Der Preispool wird Sie sicherlich \u00fcberraschen, denn er bel\u00e4uft sich auf 12.000.000 \u20ac. Dar\u00fcber hinaus bieten wir im Piper Spin Casino das BGaming Drops Frenzy-Turnier an, bei dem Sie 660.000 \u20ac und noch mehr gewinnen k\u00f6nnen, sowie ein Live-Turnier mit einem Preisgeld von 10.000 \u20ac.<\/p>\n<h2>Bonusbedingungen f\u00fcr Spieler<\/h2>\n<p>Alle Werbeaktionen auf unserer Website unterliegen eigenen Regeln. Damit soll die Chancengleichheit f\u00fcr alle Nutzer von Piperspin Casino gew\u00e4hrleistet werden. Nur wenn Sie die Bedingungen vollst\u00e4ndig erf\u00fcllen, haben Sie Anspruch auf eine Belohnung. Lesen Sie die Bonusregeln sorgf\u00e4ltig durch, bevor Sie den Bonus aktivieren.<\/p>\n<p>Die Bedingungen sind in jedem Einzelfall einzigartig, aber es gibt gemeinsame Kategorien, die Sie beachten sollten. Nachstehend finden Sie detailliertere Informationen zu den Regeln bei Piperspin.<\/p>\n<table>\n<tbody>\n<tr>\n<td>G\u00fcltigkeitsdauer<\/td>\n<td>Es handelt sich um den Zeitraum, in dem das Angebot nach der Aktivierung verf\u00fcgbar ist.<\/td>\n<\/tr>\n<tr>\n<td>Umsatzbedingung<\/td>\n<td>Dies gibt an, wie oft der Bonusbetrag umgesetzt werden muss, bevor er ausgezahlt werden kann.<\/td>\n<\/tr>\n<tr>\n<td>Spielbeitrag<\/td>\n<td>Slot-Spiele z\u00e4hlen oft zu 100 %, w\u00e4hrend Tischspiele und Live-Dealer-Optionen weniger oder gar nicht z\u00e4hlen.<\/td>\n<\/tr>\n<tr>\n<td>Mindestanzahlung<\/td>\n<td>Dies ist der Betrag, der eingezahlt werden muss, um das Angebot zu aktivieren.<\/td>\n<\/tr>\n<tr>\n<td>Maximaler Einsatz<\/td>\n<td>Es zeigt, wie viel Sie pro Dreh oder Runde setzen k\u00f6nnen, wenn eine aktive Aktion l\u00e4uft.<\/td>\n<\/tr>\n<\/tbody>\n<\/table>\n<h2>H\u00e4ufig gestellte Fragen<\/h2>\n<h3>Wie l\u00f6se ich den Willkommensbonus bei Piperspin Casino ein?<\/h3>\n<p>Jeder neue Nutzer erh\u00e4lt automatisch das Willkommenspaket im Wert von bis zu 1.500 \u20ac + 250 Freispiele. Sie m\u00fcssen lediglich ein Konto erstellen und die erste Einzahlung t\u00e4tigen. Es sind keine Piperspin Casino Promo Codes erforderlich.<\/p>\n<h3>Sind die Piper Spin Casino Boni f\u00fcr alle Spiele g\u00fcltig?<\/h3>\n<p>Alle unsere Aktionen unterliegen bestimmten Regeln, einschlie\u00dflich der Spielbeitr\u00e4ge. Das bedeutet, dass einige Titel zu 100 % angerechnet werden, w\u00e4hrend andere weniger oder gar nicht angerechnet werden. Lesen Sie immer die Piperspin-Bonusbedingungen, bevor Sie den Bonus aktivieren.<\/p>\n<h3>Was soll ich tun, wenn mein Bonus nach einer Einzahlung nicht angezeigt wird?<\/h3>\n<p>\u00dcberpr\u00fcfen Sie zun\u00e4chst, ob Sie alle Bonusregeln erf\u00fcllt haben. Wenn ja, empfehlen wir Ihnen, sich f\u00fcr weitere Informationen an unseren Kundendienst zu wenden. Dieser wird alles \u00fcberpr\u00fcfen und eine L\u00f6sung finden.<\/p>\n<\/div><\/div><\/p>\n","protected":false},"excerpt":{"rendered":"<p>Piperspin Bonusangebote und Pr\u00e4mien Das Piperspin Bonus System wurde f\u00fcr alle unsere neuen und regelm\u00e4\u00dfigen Nutzer entwickelt. Wir sind sicher, dass jeder etwas nach seinem Geschmack und Budget finden kann. In unserem Angebot haben wir ein Willkommenspaket, w\u00f6chentliches Cashback, ein Rakeback-Angebot und vieles mehr. Dar\u00fcber hinaus k\u00f6nnen Sie an spannenden Turnieren teilnehmen oder exklusive Aktionen [&hellip;]<\/p>\n","protected":false},"author":1,"featured_media":0,"parent":0,"menu_order":0,"comment_status":"closed","ping_status":"closed","template":"template-builder.php","meta":{"_acf_changed":false,"inline_featured_image":false,"footnotes":""},"class_list":["post-2176","page","type-page","status-publish","hentry"],"acf":[],"yoast_head":"<!-- This site is optimized with the Yoast SEO plugin v27.3 - https:\/\/yoast.com\/product\/yoast-seo-wordpress\/ -->\n<title>Piperspin Casino Bonus &amp; Sonderangebote<\/title>\n<meta name=\"description\" content=\"Entdecken Sie exklusive Boni im Piperspin Casino, darunter gro\u00dfz\u00fcgige Willkommensangebote, Einzahlungspr\u00e4mien, laufende Aktionen und spannende Turniere. Alle Bonusbedingungen und Anweisungen zum Einl\u00f6sen finden Sie \u00fcbersichtlich an einem Ort.\" \/>\n<meta name=\"robots\" content=\"index, follow, max-snippet:-1, max-image-preview:large, max-video-preview:-1\" \/>\n<link rel=\"canonical\" href=\"https:\/\/piperspinuk.com\/de\/aktionen\/\" \/>\n<meta property=\"og:locale\" content=\"de_DE\" \/>\n<meta property=\"og:type\" content=\"article\" \/>\n<meta property=\"og:title\" content=\"Piperspin Casino Bonus &amp; Sonderangebote\" \/>\n<meta property=\"og:description\" content=\"Entdecken Sie exklusive Boni im Piperspin Casino, darunter gro\u00dfz\u00fcgige Willkommensangebote, Einzahlungspr\u00e4mien, laufende Aktionen und spannende Turniere. Alle Bonusbedingungen und Anweisungen zum Einl\u00f6sen finden Sie \u00fcbersichtlich an einem Ort.\" \/>\n<meta property=\"og:url\" content=\"https:\/\/piperspinuk.com\/de\/aktionen\/\" \/>\n<meta property=\"og:site_name\" content=\"piperspin\" \/>\n<meta property=\"article:modified_time\" content=\"2025-12-23T10:28:00+00:00\" \/>\n<meta name=\"twitter:card\" content=\"summary_large_image\" \/>\n<meta name=\"twitter:label1\" content=\"Gesch\u00e4tzte Lesezeit\" \/>\n\t<meta name=\"twitter:data1\" content=\"1\u00a0Minute\" \/>\n<script type=\"application\/ld+json\" class=\"yoast-schema-graph\">{\"@context\":\"https:\\\/\\\/schema.org\",\"@graph\":[{\"@type\":\"WebPage\",\"@id\":\"https:\\\/\\\/piperspinuk.com\\\/de\\\/aktionen\\\/\",\"url\":\"https:\\\/\\\/piperspinuk.com\\\/de\\\/aktionen\\\/\",\"name\":\"Piperspin Casino Bonus & Sonderangebote\",\"isPartOf\":{\"@id\":\"https:\\\/\\\/piperspinuk.com\\\/de\\\/#website\"},\"datePublished\":\"2025-12-16T07:02:52+00:00\",\"dateModified\":\"2025-12-23T10:28:00+00:00\",\"description\":\"Entdecken Sie exklusive Boni im Piperspin Casino, darunter gro\u00dfz\u00fcgige Willkommensangebote, Einzahlungspr\u00e4mien, laufende Aktionen und spannende Turniere. Alle Bonusbedingungen und Anweisungen zum Einl\u00f6sen finden Sie \u00fcbersichtlich an einem Ort.\",\"breadcrumb\":{\"@id\":\"https:\\\/\\\/piperspinuk.com\\\/de\\\/aktionen\\\/#breadcrumb\"},\"inLanguage\":\"de\",\"potentialAction\":[{\"@type\":\"ReadAction\",\"target\":[\"https:\\\/\\\/piperspinuk.com\\\/de\\\/aktionen\\\/\"]}]},{\"@type\":\"BreadcrumbList\",\"@id\":\"https:\\\/\\\/piperspinuk.com\\\/de\\\/aktionen\\\/#breadcrumb\",\"itemListElement\":[{\"@type\":\"ListItem\",\"position\":1,\"name\":\"Piperspin\",\"item\":\"https:\\\/\\\/piperspinuk.com\\\/de\\\/\"},{\"@type\":\"ListItem\",\"position\":2,\"name\":\"Aktionen\"}]},{\"@type\":\"WebSite\",\"@id\":\"https:\\\/\\\/piperspinuk.com\\\/de\\\/#website\",\"url\":\"https:\\\/\\\/piperspinuk.com\\\/de\\\/\",\"name\":\"Piperspin\",\"description\":\"\",\"publisher\":{\"@id\":\"https:\\\/\\\/piperspinuk.com\\\/de\\\/#organization\"},\"potentialAction\":[{\"@type\":\"SearchAction\",\"target\":{\"@type\":\"EntryPoint\",\"urlTemplate\":\"https:\\\/\\\/piperspinuk.com\\\/de\\\/?s={search_term_string}\"},\"query-input\":{\"@type\":\"PropertyValueSpecification\",\"valueRequired\":true,\"valueName\":\"search_term_string\"}}],\"inLanguage\":\"de\"},{\"@type\":\"Organization\",\"@id\":\"https:\\\/\\\/piperspinuk.com\\\/de\\\/#organization\",\"name\":\"Piperspin\",\"url\":\"https:\\\/\\\/piperspinuk.com\\\/de\\\/\",\"logo\":{\"@type\":\"ImageObject\",\"inLanguage\":\"de\",\"@id\":\"https:\\\/\\\/piperspinuk.com\\\/de\\\/#\\\/schema\\\/logo\\\/image\\\/\",\"url\":\"https:\\\/\\\/piperspinuk.com\\\/wp-content\\\/uploads\\\/2025\\\/04\\\/4ir4Uq6IWNCbsrt6V8kj.png\",\"contentUrl\":\"https:\\\/\\\/piperspinuk.com\\\/wp-content\\\/uploads\\\/2025\\\/04\\\/4ir4Uq6IWNCbsrt6V8kj.png\",\"width\":208,\"height\":49,\"caption\":\"Piperspin\"},\"image\":{\"@id\":\"https:\\\/\\\/piperspinuk.com\\\/de\\\/#\\\/schema\\\/logo\\\/image\\\/\"}}]}<\/script>\n<!-- \/ Yoast SEO plugin. -->","yoast_head_json":{"title":"Piperspin Casino Bonus & Sonderangebote","description":"Entdecken Sie exklusive Boni im Piperspin Casino, darunter gro\u00dfz\u00fcgige Willkommensangebote, Einzahlungspr\u00e4mien, laufende Aktionen und spannende Turniere. Alle Bonusbedingungen und Anweisungen zum Einl\u00f6sen finden Sie \u00fcbersichtlich an einem Ort.","robots":{"index":"index","follow":"follow","max-snippet":"max-snippet:-1","max-image-preview":"max-image-preview:large","max-video-preview":"max-video-preview:-1"},"canonical":"https:\/\/piperspinuk.com\/de\/aktionen\/","og_locale":"de_DE","og_type":"article","og_title":"Piperspin Casino Bonus & Sonderangebote","og_description":"Entdecken Sie exklusive Boni im Piperspin Casino, darunter gro\u00dfz\u00fcgige Willkommensangebote, Einzahlungspr\u00e4mien, laufende Aktionen und spannende Turniere. Alle Bonusbedingungen und Anweisungen zum Einl\u00f6sen finden Sie \u00fcbersichtlich an einem Ort.","og_url":"https:\/\/piperspinuk.com\/de\/aktionen\/","og_site_name":"piperspin","article_modified_time":"2025-12-23T10:28:00+00:00","twitter_card":"summary_large_image","twitter_misc":{"Gesch\u00e4tzte Lesezeit":"1\u00a0Minute"},"schema":{"@context":"https:\/\/schema.org","@graph":[{"@type":"WebPage","@id":"https:\/\/piperspinuk.com\/de\/aktionen\/","url":"https:\/\/piperspinuk.com\/de\/aktionen\/","name":"Piperspin Casino Bonus & Sonderangebote","isPartOf":{"@id":"https:\/\/piperspinuk.com\/de\/#website"},"datePublished":"2025-12-16T07:02:52+00:00","dateModified":"2025-12-23T10:28:00+00:00","description":"Entdecken Sie exklusive Boni im Piperspin Casino, darunter gro\u00dfz\u00fcgige Willkommensangebote, Einzahlungspr\u00e4mien, laufende Aktionen und spannende Turniere. Alle Bonusbedingungen und Anweisungen zum Einl\u00f6sen finden Sie \u00fcbersichtlich an einem Ort.","breadcrumb":{"@id":"https:\/\/piperspinuk.com\/de\/aktionen\/#breadcrumb"},"inLanguage":"de","potentialAction":[{"@type":"ReadAction","target":["https:\/\/piperspinuk.com\/de\/aktionen\/"]}]},{"@type":"BreadcrumbList","@id":"https:\/\/piperspinuk.com\/de\/aktionen\/#breadcrumb","itemListElement":[{"@type":"ListItem","position":1,"name":"Piperspin","item":"https:\/\/piperspinuk.com\/de\/"},{"@type":"ListItem","position":2,"name":"Aktionen"}]},{"@type":"WebSite","@id":"https:\/\/piperspinuk.com\/de\/#website","url":"https:\/\/piperspinuk.com\/de\/","name":"Piperspin","description":"","publisher":{"@id":"https:\/\/piperspinuk.com\/de\/#organization"},"potentialAction":[{"@type":"SearchAction","target":{"@type":"EntryPoint","urlTemplate":"https:\/\/piperspinuk.com\/de\/?s={search_term_string}"},"query-input":{"@type":"PropertyValueSpecification","valueRequired":true,"valueName":"search_term_string"}}],"inLanguage":"de"},{"@type":"Organization","@id":"https:\/\/piperspinuk.com\/de\/#organization","name":"Piperspin","url":"https:\/\/piperspinuk.com\/de\/","logo":{"@type":"ImageObject","inLanguage":"de","@id":"https:\/\/piperspinuk.com\/de\/#\/schema\/logo\/image\/","url":"https:\/\/piperspinuk.com\/wp-content\/uploads\/2025\/04\/4ir4Uq6IWNCbsrt6V8kj.png","contentUrl":"https:\/\/piperspinuk.com\/wp-content\/uploads\/2025\/04\/4ir4Uq6IWNCbsrt6V8kj.png","width":208,"height":49,"caption":"Piperspin"},"image":{"@id":"https:\/\/piperspinuk.com\/de\/#\/schema\/logo\/image\/"}}]}},"_links":{"self":[{"href":"https:\/\/piperspinuk.com\/de\/wp-json\/wp\/v2\/pages\/2176","targetHints":{"allow":["GET"]}}],"collection":[{"href":"https:\/\/piperspinuk.com\/de\/wp-json\/wp\/v2\/pages"}],"about":[{"href":"https:\/\/piperspinuk.com\/de\/wp-json\/wp\/v2\/types\/page"}],"author":[{"embeddable":true,"href":"https:\/\/piperspinuk.com\/de\/wp-json\/wp\/v2\/users\/1"}],"replies":[{"embeddable":true,"href":"https:\/\/piperspinuk.com\/de\/wp-json\/wp\/v2\/comments?post=2176"}],"version-history":[{"count":2,"href":"https:\/\/piperspinuk.com\/de\/wp-json\/wp\/v2\/pages\/2176\/revisions"}],"predecessor-version":[{"id":2257,"href":"https:\/\/piperspinuk.com\/de\/wp-json\/wp\/v2\/pages\/2176\/revisions\/2257"}],"wp:attachment":[{"href":"https:\/\/piperspinuk.com\/de\/wp-json\/wp\/v2\/media?parent=2176"}],"curies":[{"name":"wp","href":"https:\/\/api.w.org\/{rel}","templated":true}]}}