{"id":2169,"date":"2025-12-16T08:48:37","date_gmt":"2025-12-16T06:48:37","guid":{"rendered":"https:\/\/piperspinuk.com\/app\/"},"modified":"2025-12-23T12:19:40","modified_gmt":"2025-12-23T10:19:40","slug":"app","status":"publish","type":"page","link":"https:\/\/piperspinuk.com\/de\/app\/","title":{"rendered":"App"},"content":{"rendered":"<h1>Piperspin App: Mobile Casino Spiele<\/h1>\n<p>Mehr als 80 % unserer Nutzer bevorzugen es, auf ihren Mobilger\u00e4ten zu spielen, entweder in der mobilen Version oder in der Piperspin App. So k\u00f6nnen Sie bequem online bleiben, egal wo Sie sich gerade befinden. Gleichzeitig haben Sie Zugriff auf dieselben Titel und Funktionen wie in der Hauptversion. Die mobile Version von Piperspin ist sowohl f\u00fcr Android als auch f\u00fcr iOS verf\u00fcgbar.<\/p>\n<div class=\"banner-wrap\"><img decoding=\"async\" src=\"https:\/\/piperspinuk.com\/wp-content\/uploads\/2025\/12\/TOwKZNmxqjNhxfrdqEkN.webp\" class=\"w-100 d-none d-lg-block img-pc main-banner-img\" alt=\"Piperspin desktop banner\"><img decoding=\"async\" src=\"https:\/\/piperspinuk.com\/wp-content\/uploads\/2025\/12\/Piperspin-mobile-banner.webp\" class=\"w-100 d-none d-md-block d-lg-none main-banner-img\" alt=\"Piperspin mobile banner\"><img decoding=\"async\" src=\"https:\/\/piperspinuk.com\/wp-content\/uploads\/2025\/12\/Piperspin-mobile-banner.webp\" class=\"w-100 d-md-none\" alt=\"Piperspin mobile banner\"><div class=\"banner-description\">\n<div class=\"banner-title\">Willkommensboni<\/div>\n<p class=\"banner-header-title\">1500 \u20ac<\/p>\n<div class=\"banner-header-AdditionalText\">+ 250 Freispiele<\/div>\n<button data-item=\"homepage_banner_link\" class=\"goto m-button m-gradient-border m-button--primary m-button--large banner-button btn-orange\">\n            <div class=\"m-button-content\">\n                <span>Jetzt anmelden<\/span>\n                <span><\/span>\n            <\/div>\n        <\/button>\n<\/div>\n<div class=\"WelcomePack\">\n<p><img loading=\"lazy\" decoding=\"async\" class=\"alignnone size-full wp-image-805\" src=\"https:\/\/piperspinuk.com\/wp-content\/uploads\/2025\/12\/welcome-crown.svg\" alt=\"crown\" width=\"25\" height=\"26\" \/><\/p>\n<div class=\"WelcomePack-Info\">W\u00f6chentlicher Cashback von bis zu 25 %<\/div>\n<p><img loading=\"lazy\" decoding=\"async\" class=\"alignnone size-full wp-image-805\" src=\"https:\/\/piperspinuk.com\/wp-content\/uploads\/2025\/12\/welcome-crown.svg\" alt=\"crown\" width=\"25\" height=\"26\" \/><\/p>\n<\/div>\n<\/div>\n<h2>Piperspin mobile Plattform<\/h2>\n<p>Piper Spin Casino bietet Ihnen viele M\u00f6glichkeiten, die Plattform zu nutzen. Ihr Standort oder Ihr Ger\u00e4t schr\u00e4nken Sie dabei nicht ein. Sie k\u00f6nnen zu Hause sein und von Ihrem PC aus spielen und sich eine Stunde sp\u00e4ter entscheiden, auszugehen, aber weiterhin auf Ihrem Smartphone zu spielen.<\/p>\n<p>Alle mobilen Nutzer k\u00f6nnen zwischen der Browser-Version und der Piperspin-App w\u00e4hlen, die von unserer Website heruntergeladen werden kann. Ihr Spielerlebnis wird genauso gut oder sogar besser sein als bei der Desktop-Version. Alle Funktionen sind an mobile Ger\u00e4te angepasst, darunter gr\u00f6\u00dfere Schaltfl\u00e4chen, Scroll- und Wischfunktionen sowie Touch-Steuerung f\u00fcr alle Titel.<\/p>\n<p>Es liegt an Ihnen, die f\u00fcr Sie bequemste Option f\u00fcr die Nutzung von Piperspin Casino auf Ihrem Smartphone oder Tablet zu w\u00e4hlen. Nachfolgend haben wir die mobile App und die Browser-Version in den wichtigsten Kategorien miteinander verglichen.<\/p>\n<table>\n<tbody>\n<tr>\n<td>Funktion<\/td>\n<td>Mobile App<\/td>\n<td>Webbrowser<\/td>\n<\/tr>\n<tr>\n<td>Installation<\/td>\n<td>Direkt \u00fcber unsere Website (dauert nur wenige Minuten). Es ist kein App Store-Konto erforderlich.<\/td>\n<td>Keine erforderlich. Zugriff \u00fcber jeden modernen Browser m\u00f6glich.<\/td>\n<\/tr>\n<tr>\n<td>Geschwindigkeit<\/td>\n<td>Es ist f\u00fcr schnelles Laden und ein fl\u00fcssiges Spielerlebnis optimiert.<\/td>\n<td>Das h\u00e4ngt vom Browser, dem Ger\u00e4t und der Internetverbindung ab.<\/td>\n<\/tr>\n<tr>\n<td>Lagerung<\/td>\n<td>Verwendet minimalen Ger\u00e4tespeicher, w\u00e4hrend wichtige Dateien f\u00fcr einen schnelleren Zugriff zwischengespeichert werden.<\/td>\n<td>Verwendet keinen Ger\u00e4tespeicher. Nur tempor\u00e4rer Browser-Cache.<\/td>\n<\/tr>\n<tr>\n<td>Aktualisierungen<\/td>\n<td>Automatische Updates ohne Benutzereingriff.<\/td>\n<td>Automatisch nach dem Neuladen der Seite.<\/td>\n<\/tr>\n<tr>\n<td>Benachrichtigungen<\/td>\n<td>Unterst\u00fctzt f\u00fcr Neuigkeiten, Boni, Turniere und Updates<\/td>\n<td>In einigen Browsern eingeschr\u00e4nkt oder nicht unterst\u00fctzt.<\/td>\n<\/tr>\n<\/tbody>\n<\/table>\n<p><div class=\"scrollable-content-wrap my-5\"><div class=\"scrollable-content-inner\"><h2>Piperspin Casino mobile App f\u00fcr Android<\/h2>\n<p>Alle Piperspin Android Nutzer werden sich freuen zu h\u00f6ren, dass wir eine spezielle App f\u00fcr sie entwickelt haben. Es handelt sich um eine praktische mobile Software, die das gleiche Design, die gleiche Navigation und die gleichen Funktionen wie die Desktop-Version hat, sodass Sie sich nicht zurechtfinden m\u00fcssen.<\/p>\n<p>Sie m\u00fcssen keine unbekannten Piper Spin APK Dateien herunterladen. Wir bieten eine progressive Web-App (PWA) an, die Sie direkt von unserer Website installieren k\u00f6nnen. Diese Version ist besser, da sie keinen Speicherplatz auf Ihrem Ger\u00e4t beansprucht. Die Piperspin-App funktioniert reibungslos und schnell mit einer stabilen Internetverbindung. Es gibt auch Funktionen, die offline verf\u00fcgbar sind.<\/p>\n<p>Wenn Sie bereit sind, die App auf Ihr Android-Ger\u00e4t herunterzuladen und die Funktionen des mobilen Casinos zu nutzen, befolgen Sie unsere Schritt-f\u00fcr-Schritt-Anleitung unten:<\/p>\n<ol>\n<li>Gehen Sie auf Ihrem Mobilger\u00e4t zum Fu\u00dfbereich (unten) der Piperspin Casino-Website.<\/li>\n<li>Suchen Sie die Schaltfl\u00e4che \u201eCasino-App\u201c und klicken Sie darauf.<\/li>\n<li>Tippen Sie auf der neuen Seite in der Mitte des Bildschirms auf \u201eInstallieren\u201c.<\/li>\n<li>Die Installation beginnt und ist in wenigen Minuten abgeschlossen. Das Marken-Symbol erscheint auf Ihrem Startbildschirm.<\/li>\n<\/ol>\n<p><img loading=\"lazy\" decoding=\"async\" src=\"https:\/\/piperspinuk.com\/wp-content\/uploads\/2025\/12\/Piperspin-Android-App.webp\" alt=\"Piperspin Android App\" width=\"1248\" height=\"536\" \/><\/p>\n<\/div><\/div><div style=\"clear: both\"><\/div><div class=\"d-flex justify-content-center\"><button data-item=\"decouvrez_link\" data-group=\"website_links\" class=\"goto fw-bold rounded-pill btn btn-orange\" >Laden Sie die Piperspin-App herunter<\/button><\/div><div class=\"scrollable-content-wrap my-5\"><div class=\"scrollable-content-inner\"><h2>Piper Spin Casino Mobile App f\u00fcr iOS<\/h2>\n<p>Wenn Sie ein iPhone oder iPad besitzen, k\u00f6nnen Sie auch unterwegs ohne Probleme spielen. Es gibt eine mobile Version, die in Safari und anderen Browsern verf\u00fcgbar ist. Piperspin Casino hat die Browser-Version entwickelt, die mit allen modernen Mobilger\u00e4ten kompatibel und anpassungsf\u00e4hig ist. F\u00fcr einen schnelleren Zugriff auf unsere Website k\u00f6nnen Benutzer das Verkn\u00fcpfungs-Symbol installieren:<\/p>\n<ol>\n<li>Besuchen Sie Piperspin mit Ihrem Mobilger\u00e4t.<\/li>\n<li>Klicken Sie in der Adressleiste Ihres Browsers auf die Schaltfl\u00e4che \u201eMehr\u201c.<\/li>\n<li>W\u00e4hlen Sie in der Liste die Option \u201eZum Startbildschirm hinzuf\u00fcgen\u201d.<\/li>\n<li>Sie k\u00f6nnen den Namen des Symbols individuell anpassen. Um Ihre Auswahl zu best\u00e4tigen, klicken Sie auf \u201eHinzuf\u00fcgen\u201c. Danach sollte es auf Ihrem Hauptbildschirm erscheinen.<\/li>\n<\/ol>\n<p>iOS-Nutzer k\u00f6nnen auch die Piper Spin App herunterladen. Dies ist innerhalb weniger Minuten m\u00f6glich, indem Sie auf unserer Website auf die Schaltfl\u00e4che \u201eCasino App\u201d klicken. Sie erhalten Zugang zu \u00fcber 6.000 Titeln, darunter Online-Slots, Tischspiele, Sofortgewinn-Titel und Live-Dealer-Optionen. Wir arbeiten mit vertrauensw\u00fcrdigen Softwareanbietern zusammen, die Spiele sowohl f\u00fcr Desktop- als auch f\u00fcr Mobilger\u00e4te entwickeln.<\/p>\n<p><img loading=\"lazy\" decoding=\"async\" src=\"https:\/\/piperspinuk.com\/wp-content\/uploads\/2025\/12\/Piperspin-iOS-App.webp\" alt=\"Piperspin iOS App\" width=\"1248\" height=\"536\" \/><\/p>\n<\/div><\/div><div style=\"clear: both\"><\/div><div class=\"d-flex justify-content-center\"><button data-item=\"decouvrez_link\" data-group=\"website_links\" class=\"goto fw-bold rounded-pill btn btn-orange\" >Piperspin herunterladen<\/button><\/div><div class=\"scrollable-content-wrap my-5\"><div class=\"scrollable-content-inner\"><h2>Downloads f\u00fcr Windows und macOS Apps<\/h2>\n<p>Mit Piperspin Casino k\u00f6nnen Sie auch ganz traditionell auf Ihrem Computer oder Laptop spielen, ohne sich Gedanken machen zu m\u00fcssen. Es ist sehr praktisch, unsere Plattform auf einem gro\u00dfen Bildschirm zu nutzen. Die Website passt sich Ihrer Bildschirmgr\u00f6\u00dfe und Ihren Browseranforderungen an. \u00dcbrigens k\u00f6nnen Sie jeden beliebigen Browser verwenden, zum Beispiel Google Chrome, Safari und andere.<\/p>\n<p>F\u00fcr einen schnelleren Zugriff k\u00f6nnen Sie auch das Verkn\u00fcpfungssymbol installieren. Dies ist in jedem Browser m\u00f6glich. F\u00fcr Sie bedeutet dies, dass Sie nicht zum Browser gehen und nach der Website Piperspin Casino suchen m\u00fcssen, sondern mit einem Klick von Ihrem Startbildschirm aus darauf zugreifen k\u00f6nnen.<\/p>\n<p><img loading=\"lazy\" decoding=\"async\" src=\"https:\/\/piperspinuk.com\/wp-content\/uploads\/2025\/12\/Piperspin-Desktop.webp\" alt=\"Piperspin Desktop\" width=\"1248\" height=\"536\" \/><\/p>\n<\/div><\/div><div style=\"clear: both\"><\/div><div class=\"d-flex justify-content-center\"><button data-item=\"decouvrez_link\" data-group=\"website_links\" class=\"goto fw-bold rounded-pill btn btn-orange\" >Laden Sie die Piperspin-App herunter<\/button><\/div><div class=\"scrollable-content-wrap my-5\"><div class=\"scrollable-content-inner\"><h2>H\u00e4ufig gestellte Fragen<\/h2>\n<h3>Bietet die Piper Spin Casino App Kundensupport?<\/h3>\n<p>In der Piperspin-App k\u00f6nnen Sie \u00fcber den integrierten Live-Chat Kontakt zum Support-Team aufnehmen. Unsere Mitarbeiter werden Ihnen innerhalb weniger Minuten eine professionelle L\u00f6sung anbieten. Sie k\u00f6nnen uns auch rund um die Uhr eine E-Mail senden.<\/p>\n<h3>Ist f\u00fcr die Nutzung der Piperspin App die Erstellung eines Kontos erforderlich?<\/h3>\n<p>Sie sollten sich in Ihr Konto einloggen oder ein neues Konto erstellen, um die mobile Software nutzen zu k\u00f6nnen. Au\u00dferdem bitten wir Sie vor Ihrer ersten Auszahlung, den Verifizierungsprozess abzuschlie\u00dfen.<\/p>\n<h3>Sind alle Spiele in der App verf\u00fcgbar?<\/h3>\n<p>Die Piper Spin App spiegelt die Haupt-Website f\u00fcr Desktop-Computer wider. Sie enth\u00e4lt ebenfalls alle Titel. Sie finden alle Ihre Lieblingsspiele, wenn Sie von einem mobilen Ger\u00e4t aus spielen. Sie alle passen sich an kleinere Bildschirme an und bieten eine gro\u00dfartige Benutzererfahrung.<\/p>\n<h3>Wie kann ich die Piperspin Casino App aktualisieren?<\/h3>\n<p>Als progressive Web-App wird sie automatisch aktualisiert, ohne dass Sie zus\u00e4tzliche Schritte unternehmen m\u00fcssen. Wenn wir eine wesentliche \u00c4nderung an der mobilen Software vornehmen und diese Ma\u00dfnahmen erfordert, werden wir Sie per Push-Benachrichtigung und E-Mail dar\u00fcber informieren.<\/p>\n<\/div><\/div><\/p>\n","protected":false},"excerpt":{"rendered":"<p>Piperspin App: Mobile Casino Spiele Mehr als 80 % unserer Nutzer bevorzugen es, auf ihren Mobilger\u00e4ten zu spielen, entweder in der mobilen Version oder in der Piperspin App. So k\u00f6nnen Sie bequem online bleiben, egal wo Sie sich gerade befinden. Gleichzeitig haben Sie Zugriff auf dieselben Titel und Funktionen wie in der Hauptversion. Die mobile [&hellip;]<\/p>\n","protected":false},"author":1,"featured_media":0,"parent":0,"menu_order":0,"comment_status":"closed","ping_status":"closed","template":"template-builder.php","meta":{"_acf_changed":false,"inline_featured_image":false,"footnotes":""},"class_list":["post-2169","page","type-page","status-publish","hentry"],"acf":[],"yoast_head":"<!-- This site is optimized with the Yoast SEO plugin v27.3 - https:\/\/yoast.com\/product\/yoast-seo-wordpress\/ -->\n<title>Piperspin App herunterladen | iOS &amp; Android<\/title>\n<meta name=\"description\" content=\"Die Piperspin-App gew\u00e4hrleistet einwandfreies Gaming auf Android-, iOS-, Windows- und macOS-Plattformen, komplett mit Kontosynchronisierung, regelm\u00e4\u00dfigen Updates und integrierter Kundenbetreuung f\u00fcr eine einfache Nutzung.\" \/>\n<meta name=\"robots\" content=\"index, follow, max-snippet:-1, max-image-preview:large, max-video-preview:-1\" \/>\n<link rel=\"canonical\" href=\"https:\/\/piperspinuk.com\/de\/app\/\" \/>\n<meta property=\"og:locale\" content=\"de_DE\" \/>\n<meta property=\"og:type\" content=\"article\" \/>\n<meta property=\"og:title\" content=\"Piperspin App herunterladen | iOS &amp; Android\" \/>\n<meta property=\"og:description\" content=\"Die Piperspin-App gew\u00e4hrleistet einwandfreies Gaming auf Android-, iOS-, Windows- und macOS-Plattformen, komplett mit Kontosynchronisierung, regelm\u00e4\u00dfigen Updates und integrierter Kundenbetreuung f\u00fcr eine einfache Nutzung.\" \/>\n<meta property=\"og:url\" content=\"https:\/\/piperspinuk.com\/de\/app\/\" \/>\n<meta property=\"og:site_name\" content=\"piperspin\" \/>\n<meta property=\"article:modified_time\" content=\"2025-12-23T10:19:40+00:00\" \/>\n<meta name=\"twitter:card\" content=\"summary_large_image\" \/>\n<meta name=\"twitter:label1\" content=\"Gesch\u00e4tzte Lesezeit\" \/>\n\t<meta name=\"twitter:data1\" content=\"2\u00a0Minuten\" \/>\n<script type=\"application\/ld+json\" class=\"yoast-schema-graph\">{\"@context\":\"https:\\\/\\\/schema.org\",\"@graph\":[{\"@type\":\"WebPage\",\"@id\":\"https:\\\/\\\/piperspinuk.com\\\/de\\\/app\\\/\",\"url\":\"https:\\\/\\\/piperspinuk.com\\\/de\\\/app\\\/\",\"name\":\"Piperspin App herunterladen | iOS & Android\",\"isPartOf\":{\"@id\":\"https:\\\/\\\/piperspinuk.com\\\/de\\\/#website\"},\"datePublished\":\"2025-12-16T06:48:37+00:00\",\"dateModified\":\"2025-12-23T10:19:40+00:00\",\"description\":\"Die Piperspin-App gew\u00e4hrleistet einwandfreies Gaming auf Android-, iOS-, Windows- und macOS-Plattformen, komplett mit Kontosynchronisierung, regelm\u00e4\u00dfigen Updates und integrierter Kundenbetreuung f\u00fcr eine einfache Nutzung.\",\"breadcrumb\":{\"@id\":\"https:\\\/\\\/piperspinuk.com\\\/de\\\/app\\\/#breadcrumb\"},\"inLanguage\":\"de\",\"potentialAction\":[{\"@type\":\"ReadAction\",\"target\":[\"https:\\\/\\\/piperspinuk.com\\\/de\\\/app\\\/\"]}]},{\"@type\":\"BreadcrumbList\",\"@id\":\"https:\\\/\\\/piperspinuk.com\\\/de\\\/app\\\/#breadcrumb\",\"itemListElement\":[{\"@type\":\"ListItem\",\"position\":1,\"name\":\"Piperspin\",\"item\":\"https:\\\/\\\/piperspinuk.com\\\/de\\\/\"},{\"@type\":\"ListItem\",\"position\":2,\"name\":\"App\"}]},{\"@type\":\"WebSite\",\"@id\":\"https:\\\/\\\/piperspinuk.com\\\/de\\\/#website\",\"url\":\"https:\\\/\\\/piperspinuk.com\\\/de\\\/\",\"name\":\"Piperspin\",\"description\":\"\",\"publisher\":{\"@id\":\"https:\\\/\\\/piperspinuk.com\\\/de\\\/#organization\"},\"potentialAction\":[{\"@type\":\"SearchAction\",\"target\":{\"@type\":\"EntryPoint\",\"urlTemplate\":\"https:\\\/\\\/piperspinuk.com\\\/de\\\/?s={search_term_string}\"},\"query-input\":{\"@type\":\"PropertyValueSpecification\",\"valueRequired\":true,\"valueName\":\"search_term_string\"}}],\"inLanguage\":\"de\"},{\"@type\":\"Organization\",\"@id\":\"https:\\\/\\\/piperspinuk.com\\\/de\\\/#organization\",\"name\":\"Piperspin\",\"url\":\"https:\\\/\\\/piperspinuk.com\\\/de\\\/\",\"logo\":{\"@type\":\"ImageObject\",\"inLanguage\":\"de\",\"@id\":\"https:\\\/\\\/piperspinuk.com\\\/de\\\/#\\\/schema\\\/logo\\\/image\\\/\",\"url\":\"https:\\\/\\\/piperspinuk.com\\\/wp-content\\\/uploads\\\/2025\\\/04\\\/4ir4Uq6IWNCbsrt6V8kj.png\",\"contentUrl\":\"https:\\\/\\\/piperspinuk.com\\\/wp-content\\\/uploads\\\/2025\\\/04\\\/4ir4Uq6IWNCbsrt6V8kj.png\",\"width\":208,\"height\":49,\"caption\":\"Piperspin\"},\"image\":{\"@id\":\"https:\\\/\\\/piperspinuk.com\\\/de\\\/#\\\/schema\\\/logo\\\/image\\\/\"}}]}<\/script>\n<!-- \/ Yoast SEO plugin. -->","yoast_head_json":{"title":"Piperspin App herunterladen | iOS & Android","description":"Die Piperspin-App gew\u00e4hrleistet einwandfreies Gaming auf Android-, iOS-, Windows- und macOS-Plattformen, komplett mit Kontosynchronisierung, regelm\u00e4\u00dfigen Updates und integrierter Kundenbetreuung f\u00fcr eine einfache Nutzung.","robots":{"index":"index","follow":"follow","max-snippet":"max-snippet:-1","max-image-preview":"max-image-preview:large","max-video-preview":"max-video-preview:-1"},"canonical":"https:\/\/piperspinuk.com\/de\/app\/","og_locale":"de_DE","og_type":"article","og_title":"Piperspin App herunterladen | iOS & Android","og_description":"Die Piperspin-App gew\u00e4hrleistet einwandfreies Gaming auf Android-, iOS-, Windows- und macOS-Plattformen, komplett mit Kontosynchronisierung, regelm\u00e4\u00dfigen Updates und integrierter Kundenbetreuung f\u00fcr eine einfache Nutzung.","og_url":"https:\/\/piperspinuk.com\/de\/app\/","og_site_name":"piperspin","article_modified_time":"2025-12-23T10:19:40+00:00","twitter_card":"summary_large_image","twitter_misc":{"Gesch\u00e4tzte Lesezeit":"2\u00a0Minuten"},"schema":{"@context":"https:\/\/schema.org","@graph":[{"@type":"WebPage","@id":"https:\/\/piperspinuk.com\/de\/app\/","url":"https:\/\/piperspinuk.com\/de\/app\/","name":"Piperspin App herunterladen | iOS & Android","isPartOf":{"@id":"https:\/\/piperspinuk.com\/de\/#website"},"datePublished":"2025-12-16T06:48:37+00:00","dateModified":"2025-12-23T10:19:40+00:00","description":"Die Piperspin-App gew\u00e4hrleistet einwandfreies Gaming auf Android-, iOS-, Windows- und macOS-Plattformen, komplett mit Kontosynchronisierung, regelm\u00e4\u00dfigen Updates und integrierter Kundenbetreuung f\u00fcr eine einfache Nutzung.","breadcrumb":{"@id":"https:\/\/piperspinuk.com\/de\/app\/#breadcrumb"},"inLanguage":"de","potentialAction":[{"@type":"ReadAction","target":["https:\/\/piperspinuk.com\/de\/app\/"]}]},{"@type":"BreadcrumbList","@id":"https:\/\/piperspinuk.com\/de\/app\/#breadcrumb","itemListElement":[{"@type":"ListItem","position":1,"name":"Piperspin","item":"https:\/\/piperspinuk.com\/de\/"},{"@type":"ListItem","position":2,"name":"App"}]},{"@type":"WebSite","@id":"https:\/\/piperspinuk.com\/de\/#website","url":"https:\/\/piperspinuk.com\/de\/","name":"Piperspin","description":"","publisher":{"@id":"https:\/\/piperspinuk.com\/de\/#organization"},"potentialAction":[{"@type":"SearchAction","target":{"@type":"EntryPoint","urlTemplate":"https:\/\/piperspinuk.com\/de\/?s={search_term_string}"},"query-input":{"@type":"PropertyValueSpecification","valueRequired":true,"valueName":"search_term_string"}}],"inLanguage":"de"},{"@type":"Organization","@id":"https:\/\/piperspinuk.com\/de\/#organization","name":"Piperspin","url":"https:\/\/piperspinuk.com\/de\/","logo":{"@type":"ImageObject","inLanguage":"de","@id":"https:\/\/piperspinuk.com\/de\/#\/schema\/logo\/image\/","url":"https:\/\/piperspinuk.com\/wp-content\/uploads\/2025\/04\/4ir4Uq6IWNCbsrt6V8kj.png","contentUrl":"https:\/\/piperspinuk.com\/wp-content\/uploads\/2025\/04\/4ir4Uq6IWNCbsrt6V8kj.png","width":208,"height":49,"caption":"Piperspin"},"image":{"@id":"https:\/\/piperspinuk.com\/de\/#\/schema\/logo\/image\/"}}]}},"_links":{"self":[{"href":"https:\/\/piperspinuk.com\/de\/wp-json\/wp\/v2\/pages\/2169","targetHints":{"allow":["GET"]}}],"collection":[{"href":"https:\/\/piperspinuk.com\/de\/wp-json\/wp\/v2\/pages"}],"about":[{"href":"https:\/\/piperspinuk.com\/de\/wp-json\/wp\/v2\/types\/page"}],"author":[{"embeddable":true,"href":"https:\/\/piperspinuk.com\/de\/wp-json\/wp\/v2\/users\/1"}],"replies":[{"embeddable":true,"href":"https:\/\/piperspinuk.com\/de\/wp-json\/wp\/v2\/comments?post=2169"}],"version-history":[{"count":2,"href":"https:\/\/piperspinuk.com\/de\/wp-json\/wp\/v2\/pages\/2169\/revisions"}],"predecessor-version":[{"id":2253,"href":"https:\/\/piperspinuk.com\/de\/wp-json\/wp\/v2\/pages\/2169\/revisions\/2253"}],"wp:attachment":[{"href":"https:\/\/piperspinuk.com\/de\/wp-json\/wp\/v2\/media?parent=2169"}],"curies":[{"name":"wp","href":"https:\/\/api.w.org\/{rel}","templated":true}]}}